{"id":5786,"date":"2024-01-10T15:19:40","date_gmt":"2024-01-10T15:19:40","guid":{"rendered":"https:\/\/haulkim.com\/?page_id=5786"},"modified":"2024-03-12T06:03:49","modified_gmt":"2024-03-12T06:03:49","slug":"about-us","status":"publish","type":"page","link":"https:\/\/alientory.com\/fr\/about-us\/","title":{"rendered":"A propos de nous"},"content":{"rendered":"<div data-elementor-type=\"wp-page\" data-elementor-id=\"5786\" class=\"elementor elementor-5786\" data-elementor-post-type=\"page\">\n\t\t\t\t<div class=\"elementor-element elementor-element-bf3ee8d e-flex e-con-boxed e-con e-parent\" data-id=\"bf3ee8d\" data-element_type=\"container\" data-settings=\"{&quot;background_background&quot;:&quot;classic&quot;}\">\n\t\t\t\t\t<div class=\"e-con-inner\">\n\t\t\t\t<div class=\"elementor-element elementor-element-82c8cb5 elementor-widget elementor-widget-image\" data-id=\"82c8cb5\" data-element_type=\"widget\" data-widget_type=\"image.default\">\n\t\t\t\t<div class=\"elementor-widget-container\">\n\t\t\t\t\t\t\t\t\t\t\t\t\t\t\t<img fetchpriority=\"high\" decoding=\"async\" width=\"560\" height=\"605\" src=\"https:\/\/alientory.com\/wp-content\/uploads\/2024\/02\/2022081115490223887e.jpg\" class=\"attachment-large size-large wp-image-6487\" alt=\"\" srcset=\"https:\/\/alientory.com\/wp-content\/uploads\/2024\/02\/2022081115490223887e.jpg 560w, https:\/\/alientory.com\/wp-content\/uploads\/2024\/02\/2022081115490223887e-278x300.jpg 278w\" sizes=\"(max-width: 560px) 100vw, 560px\" \/>\t\t\t\t\t\t\t\t\t\t\t\t\t\t\t<\/div>\n\t\t\t\t<\/div>\n\t\t<div class=\"elementor-element elementor-element-78cd67a e-con-full e-flex e-con e-child\" data-id=\"78cd67a\" data-element_type=\"container\">\n\t\t\t\t<div class=\"elementor-element elementor-element-cbfffca elementor-widget__width-inherit elementor-widget elementor-widget-heading\" data-id=\"cbfffca\" data-element_type=\"widget\" data-widget_type=\"heading.default\">\n\t\t\t\t<div class=\"elementor-widget-container\">\n\t\t\t\t\t<h2 class=\"elementor-heading-title elementor-size-default\">Foshan Alientory Outdoor Products Co. Ltd.<\/h2>\t\t\t\t<\/div>\n\t\t\t\t<\/div>\n\t\t\t\t<div class=\"elementor-element elementor-element-36dc757 elementor-widget__width-inherit elementor-widget elementor-widget-text-editor\" data-id=\"36dc757\" data-element_type=\"widget\" data-widget_type=\"text-editor.default\">\n\t\t\t\t<div class=\"elementor-widget-container\">\n\t\t\t\t\t\t\t\t\t<p>\u00a0 \u00a0 Notre soci\u00e9t\u00e9 est situ\u00e9e dans la ville de Jiangmen, fond\u00e9e en 2013, le personnel principal a plus de 19 ans d'exp\u00e9rience dans l'industrie, l'usine couvre une superficie de 40 000 m\u00e8tres carr\u00e9s, le nombre d'employ\u00e9s a atteint 270 en 2023.<\/p><p>\u00a0 \u00a0 Les produits les plus vendus sont les suivants : TENTE PVC, TENTE PAGODE, TENTE HAUT DE GAMME, TENTE DE PLAGE, TENTE D'ENTREP\u00d4T, TENTE D'EXPOSITION, GRANDE TENTE, ETC.<\/p><p>\u00a0 \u00a0 Notre soci\u00e9t\u00e9 insiste toujours sur une qualit\u00e9 stable et un bon service \u00e0 la client\u00e8le ; n'h\u00e9sitez pas \u00e0 nous contacter \u00e0 tout moment.<\/p>\t\t\t\t\t\t\t\t<\/div>\n\t\t\t\t<\/div>\n\t\t\t\t<\/div>\n\t\t\t\t\t<\/div>\n\t\t\t\t<\/div>\n\t\t<div class=\"elementor-element elementor-element-b0ac820 e-flex e-con-boxed e-con e-parent\" data-id=\"b0ac820\" data-element_type=\"container\">\n\t\t\t\t\t<div class=\"e-con-inner\">\n\t\t\t\t<div class=\"elementor-element elementor-element-73e2430 elementor-widget elementor-widget-heading\" data-id=\"73e2430\" data-element_type=\"widget\" data-widget_type=\"heading.default\">\n\t\t\t\t<div class=\"elementor-widget-container\">\n\t\t\t\t\t<h2 class=\"elementor-heading-title elementor-size-default\">Usine Sc\u00e8ne r\u00e9elle<\/h2>\t\t\t\t<\/div>\n\t\t\t\t<\/div>\n\t\t\t\t<div class=\"elementor-element elementor-element-bd7a144 elementor-widget elementor-widget-text-editor\" data-id=\"bd7a144\" data-element_type=\"widget\" data-widget_type=\"text-editor.default\">\n\t\t\t\t<div class=\"elementor-widget-container\">\n\t\t\t\t\t\t\t\t\t<p><img decoding=\"async\" class=\"aligncenter wp-image-6495 size-full\" src=\"https:\/\/alientory.com\/wp-content\/uploads\/2024\/02\/58c883391264c74dda52f36fb194501e.jpg\" alt=\"\" width=\"900\" height=\"675\" srcset=\"https:\/\/alientory.com\/wp-content\/uploads\/2024\/02\/58c883391264c74dda52f36fb194501e.jpg 900w, https:\/\/alientory.com\/wp-content\/uploads\/2024\/02\/58c883391264c74dda52f36fb194501e-300x225.jpg 300w, https:\/\/alientory.com\/wp-content\/uploads\/2024\/02\/58c883391264c74dda52f36fb194501e-768x576.jpg 768w, https:\/\/alientory.com\/wp-content\/uploads\/2024\/02\/58c883391264c74dda52f36fb194501e-600x450.jpg 600w\" sizes=\"(max-width: 900px) 100vw, 900px\" \/><\/p><p><img decoding=\"async\" class=\"aligncenter wp-image-6517 size-full\" src=\"https:\/\/alientory.com\/wp-content\/uploads\/2024\/02\/f58f1002bd38bc09296f7dcd637cf464.jpg\" alt=\"\" width=\"900\" height=\"675\" srcset=\"https:\/\/alientory.com\/wp-content\/uploads\/2024\/02\/f58f1002bd38bc09296f7dcd637cf464.jpg 900w, https:\/\/alientory.com\/wp-content\/uploads\/2024\/02\/f58f1002bd38bc09296f7dcd637cf464-300x225.jpg 300w, https:\/\/alientory.com\/wp-content\/uploads\/2024\/02\/f58f1002bd38bc09296f7dcd637cf464-768x576.jpg 768w, https:\/\/alientory.com\/wp-content\/uploads\/2024\/02\/f58f1002bd38bc09296f7dcd637cf464-600x450.jpg 600w\" sizes=\"(max-width: 900px) 100vw, 900px\" \/><\/p><p><img loading=\"lazy\" decoding=\"async\" class=\"aligncenter wp-image-6516 size-full\" src=\"https:\/\/alientory.com\/wp-content\/uploads\/2024\/02\/f7e1887ee7fe27304095de9e44a80280.jpg\" alt=\"\" width=\"900\" height=\"675\" srcset=\"https:\/\/alientory.com\/wp-content\/uploads\/2024\/02\/f7e1887ee7fe27304095de9e44a80280.jpg 900w, https:\/\/alientory.com\/wp-content\/uploads\/2024\/02\/f7e1887ee7fe27304095de9e44a80280-300x225.jpg 300w, https:\/\/alientory.com\/wp-content\/uploads\/2024\/02\/f7e1887ee7fe27304095de9e44a80280-768x576.jpg 768w, https:\/\/alientory.com\/wp-content\/uploads\/2024\/02\/f7e1887ee7fe27304095de9e44a80280-600x450.jpg 600w\" sizes=\"(max-width: 900px) 100vw, 900px\" \/><\/p><p><img loading=\"lazy\" decoding=\"async\" class=\"aligncenter wp-image-6515 size-full\" src=\"https:\/\/alientory.com\/wp-content\/uploads\/2024\/02\/df80c1b5a9a610d7e669290b71cb1edf.jpg\" alt=\"\" width=\"900\" height=\"675\" srcset=\"https:\/\/alientory.com\/wp-content\/uploads\/2024\/02\/df80c1b5a9a610d7e669290b71cb1edf.jpg 900w, https:\/\/alientory.com\/wp-content\/uploads\/2024\/02\/df80c1b5a9a610d7e669290b71cb1edf-300x225.jpg 300w, https:\/\/alientory.com\/wp-content\/uploads\/2024\/02\/df80c1b5a9a610d7e669290b71cb1edf-768x576.jpg 768w, https:\/\/alientory.com\/wp-content\/uploads\/2024\/02\/df80c1b5a9a610d7e669290b71cb1edf-600x450.jpg 600w\" sizes=\"(max-width: 900px) 100vw, 900px\" \/><\/p>\t\t\t\t\t\t\t\t<\/div>\n\t\t\t\t<\/div>\n\t\t\t\t\t<\/div>\n\t\t\t\t<\/div>\n\t\t\t\t<\/div>","protected":false},"excerpt":{"rendered":"<p>Foshan Alientory Outdoor Products Co. Ltd.     Notre soci\u00e9t\u00e9 est situ\u00e9e dans la ville de Jiangmen, fond\u00e9e en 2013, le personnel principal a plus de 19 ans d'exp\u00e9rience dans l'industrie, l'usine couvre une superficie de 40 000 m\u00e8tres carr\u00e9s, le nombre d'employ\u00e9s a atteint 270 dans 2023.     Les produits les plus vendus comprennent : TENTE PVC, PAGODE [...]<\/p>","protected":false},"author":2,"featured_media":0,"parent":0,"menu_order":0,"comment_status":"closed","ping_status":"closed","template":"","meta":{"site-sidebar-layout":"no-sidebar","site-content-layout":"page-builder","ast-site-content-layout":"full-width-container","site-content-style":"default","site-sidebar-style":"default","ast-global-header-display":"","ast-banner-title-visibility":"","ast-main-header-display":"","ast-hfb-above-header-display":"","ast-hfb-below-header-display":"","ast-hfb-mobile-header-display":"","site-post-title":"disabled","ast-breadcrumbs-content":"","ast-featured-img":"disabled","footer-sml-layout":"","theme-transparent-header-meta":"","adv-header-id-meta":"","stick-header-meta":"","header-above-stick-meta":"","header-main-stick-meta":"","header-below-stick-meta":"","astra-migrate-meta-layouts":"set","ast-page-background-enabled":"default","ast-page-background-meta":{"desktop":{"background-color":"","background-image":"","background-repeat":"repeat","background-position":"center center","background-size":"auto","background-attachment":"scroll","background-type":"","background-media":"","overlay-type":"","overlay-color":"","overlay-opacity":"","overlay-gradient":""},"tablet":{"background-color":"","background-image":"","background-repeat":"repeat","background-position":"center center","background-size":"auto","background-attachment":"scroll","background-type":"","background-media":"","overlay-type":"","overlay-color":"","overlay-opacity":"","overlay-gradient":""},"mobile":{"background-color":"","background-image":"","background-repeat":"repeat","background-position":"center center","background-size":"auto","background-attachment":"scroll","background-type":"","background-media":"","overlay-type":"","overlay-color":"","overlay-opacity":"","overlay-gradient":""}},"ast-content-background-meta":{"desktop":{"background-color":"var(--ast-global-color-5)","background-image":"","background-repeat":"repeat","background-position":"center center","background-size":"auto","background-attachment":"scroll","background-type":"","background-media":"","overlay-type":"","overlay-color":"","overlay-opacity":"","overlay-gradient":""},"tablet":{"background-color":"var(--ast-global-color-5)","background-image":"","background-repeat":"repeat","background-position":"center center","background-size":"auto","background-attachment":"scroll","background-type":"","background-media":"","overlay-type":"","overlay-color":"","overlay-opacity":"","overlay-gradient":""},"mobile":{"background-color":"var(--ast-global-color-5)","background-image":"","background-repeat":"repeat","background-position":"center center","background-size":"auto","background-attachment":"scroll","background-type":"","background-media":"","overlay-type":"","overlay-color":"","overlay-opacity":"","overlay-gradient":""}},"footnotes":""},"class_list":["post-5786","page","type-page","status-publish","hentry"],"yoast_head":"<!-- This site is optimized with the Yoast SEO plugin v24.4 - https:\/\/yoast.com\/wordpress\/plugins\/seo\/ -->\n<title>About us -<\/title>\n<meta name=\"robots\" content=\"index, follow, max-snippet:-1, max-image-preview:large, max-video-preview:-1\" \/>\n<link rel=\"canonical\" href=\"https:\/\/orangered-bear-652802.hostingersite.com\/about-us\/\" \/>\n<meta property=\"og:locale\" content=\"fr_FR\" \/>\n<meta property=\"og:type\" content=\"article\" \/>\n<meta property=\"og:title\" content=\"About us -\" \/>\n<meta property=\"og:description\" content=\"Foshan Alientory Outdoor Products Co. , Ltd. \u00a0 \u00a0 Our company is located in Jiangmen City, founded in 2013, the core staff has more than 19 years of industry experience, the factory covers an area of 40,000 square meters, the number of employees reached 270 in 2023. \u00a0 \u00a0 Best-selling products include: PVC TENT, PAGODA [&hellip;]\" \/>\n<meta property=\"og:url\" content=\"https:\/\/orangered-bear-652802.hostingersite.com\/about-us\/\" \/>\n<meta property=\"article:modified_time\" content=\"2024-03-12T06:03:49+00:00\" \/>\n<meta property=\"og:image\" content=\"https:\/\/orangered-bear-652802.hostingersite.com\/wp-content\/uploads\/2024\/02\/2022081115490223887e.jpg\" \/>\n<meta name=\"twitter:card\" content=\"summary_large_image\" \/>\n<meta name=\"twitter:label1\" content=\"Dur\u00e9e de lecture estim\u00e9e\" \/>\n\t<meta name=\"twitter:data1\" content=\"2 minutes\" \/>\n<script type=\"application\/ld+json\" class=\"yoast-schema-graph\">{\"@context\":\"https:\/\/schema.org\",\"@graph\":[{\"@type\":\"WebPage\",\"@id\":\"https:\/\/orangered-bear-652802.hostingersite.com\/about-us\/\",\"url\":\"https:\/\/orangered-bear-652802.hostingersite.com\/about-us\/\",\"name\":\"About us -\",\"isPartOf\":{\"@id\":\"https:\/\/orangered-bear-652802.hostingersite.com\/#website\"},\"primaryImageOfPage\":{\"@id\":\"https:\/\/orangered-bear-652802.hostingersite.com\/about-us\/#primaryimage\"},\"image\":{\"@id\":\"https:\/\/orangered-bear-652802.hostingersite.com\/about-us\/#primaryimage\"},\"thumbnailUrl\":\"https:\/\/alientory.com\/wp-content\/uploads\/2024\/02\/2022081115490223887e.jpg\",\"datePublished\":\"2024-01-10T15:19:40+00:00\",\"dateModified\":\"2024-03-12T06:03:49+00:00\",\"breadcrumb\":{\"@id\":\"https:\/\/orangered-bear-652802.hostingersite.com\/about-us\/#breadcrumb\"},\"inLanguage\":\"fr-FR\",\"potentialAction\":[{\"@type\":\"ReadAction\",\"target\":[\"https:\/\/orangered-bear-652802.hostingersite.com\/about-us\/\"]}]},{\"@type\":\"ImageObject\",\"inLanguage\":\"fr-FR\",\"@id\":\"https:\/\/orangered-bear-652802.hostingersite.com\/about-us\/#primaryimage\",\"url\":\"https:\/\/alientory.com\/wp-content\/uploads\/2024\/02\/2022081115490223887e.jpg\",\"contentUrl\":\"https:\/\/alientory.com\/wp-content\/uploads\/2024\/02\/2022081115490223887e.jpg\"},{\"@type\":\"BreadcrumbList\",\"@id\":\"https:\/\/orangered-bear-652802.hostingersite.com\/about-us\/#breadcrumb\",\"itemListElement\":[{\"@type\":\"ListItem\",\"position\":1,\"name\":\"Home\",\"item\":\"https:\/\/orangered-bear-652802.hostingersite.com\/\"},{\"@type\":\"ListItem\",\"position\":2,\"name\":\"About us\"}]},{\"@type\":\"WebSite\",\"@id\":\"https:\/\/orangered-bear-652802.hostingersite.com\/#website\",\"url\":\"https:\/\/orangered-bear-652802.hostingersite.com\/\",\"name\":\"Haulkim\",\"description\":\"\",\"publisher\":{\"@id\":\"https:\/\/orangered-bear-652802.hostingersite.com\/#organization\"},\"potentialAction\":[{\"@type\":\"SearchAction\",\"target\":{\"@type\":\"EntryPoint\",\"urlTemplate\":\"https:\/\/orangered-bear-652802.hostingersite.com\/?s={search_term_string}\"},\"query-input\":{\"@type\":\"PropertyValueSpecification\",\"valueRequired\":true,\"valueName\":\"search_term_string\"}}],\"inLanguage\":\"fr-FR\"},{\"@type\":\"Organization\",\"@id\":\"https:\/\/orangered-bear-652802.hostingersite.com\/#organization\",\"name\":\"Haulkim\",\"url\":\"https:\/\/orangered-bear-652802.hostingersite.com\/\",\"logo\":{\"@type\":\"ImageObject\",\"inLanguage\":\"fr-FR\",\"@id\":\"https:\/\/orangered-bear-652802.hostingersite.com\/#\/schema\/logo\/image\/\",\"url\":\"https:\/\/alientory.com\/wp-content\/uploads\/2024\/03\/cropped-\u02ee\u04e1_\u04b3-2.png\",\"contentUrl\":\"https:\/\/alientory.com\/wp-content\/uploads\/2024\/03\/cropped-\u02ee\u04e1_\u04b3-2.png\",\"width\":979,\"height\":1160,\"caption\":\"Haulkim\"},\"image\":{\"@id\":\"https:\/\/orangered-bear-652802.hostingersite.com\/#\/schema\/logo\/image\/\"}}]}<\/script>\n<!-- \/ Yoast SEO plugin. -->","yoast_head_json":{"title":"About us -","robots":{"index":"index","follow":"follow","max-snippet":"max-snippet:-1","max-image-preview":"max-image-preview:large","max-video-preview":"max-video-preview:-1"},"canonical":"https:\/\/orangered-bear-652802.hostingersite.com\/about-us\/","og_locale":"fr_FR","og_type":"article","og_title":"About us -","og_description":"Foshan Alientory Outdoor Products Co. , Ltd. \u00a0 \u00a0 Our company is located in Jiangmen City, founded in 2013, the core staff has more than 19 years of industry experience, the factory covers an area of 40,000 square meters, the number of employees reached 270 in 2023. \u00a0 \u00a0 Best-selling products include: PVC TENT, PAGODA [&hellip;]","og_url":"https:\/\/orangered-bear-652802.hostingersite.com\/about-us\/","article_modified_time":"2024-03-12T06:03:49+00:00","og_image":[{"url":"https:\/\/orangered-bear-652802.hostingersite.com\/wp-content\/uploads\/2024\/02\/2022081115490223887e.jpg","type":"","width":"","height":""}],"twitter_card":"summary_large_image","twitter_misc":{"Dur\u00e9e de lecture estim\u00e9e":"2 minutes"},"schema":{"@context":"https:\/\/schema.org","@graph":[{"@type":"WebPage","@id":"https:\/\/orangered-bear-652802.hostingersite.com\/about-us\/","url":"https:\/\/orangered-bear-652802.hostingersite.com\/about-us\/","name":"About us -","isPartOf":{"@id":"https:\/\/orangered-bear-652802.hostingersite.com\/#website"},"primaryImageOfPage":{"@id":"https:\/\/orangered-bear-652802.hostingersite.com\/about-us\/#primaryimage"},"image":{"@id":"https:\/\/orangered-bear-652802.hostingersite.com\/about-us\/#primaryimage"},"thumbnailUrl":"https:\/\/alientory.com\/wp-content\/uploads\/2024\/02\/2022081115490223887e.jpg","datePublished":"2024-01-10T15:19:40+00:00","dateModified":"2024-03-12T06:03:49+00:00","breadcrumb":{"@id":"https:\/\/orangered-bear-652802.hostingersite.com\/about-us\/#breadcrumb"},"inLanguage":"fr-FR","potentialAction":[{"@type":"ReadAction","target":["https:\/\/orangered-bear-652802.hostingersite.com\/about-us\/"]}]},{"@type":"ImageObject","inLanguage":"fr-FR","@id":"https:\/\/orangered-bear-652802.hostingersite.com\/about-us\/#primaryimage","url":"https:\/\/alientory.com\/wp-content\/uploads\/2024\/02\/2022081115490223887e.jpg","contentUrl":"https:\/\/alientory.com\/wp-content\/uploads\/2024\/02\/2022081115490223887e.jpg"},{"@type":"BreadcrumbList","@id":"https:\/\/orangered-bear-652802.hostingersite.com\/about-us\/#breadcrumb","itemListElement":[{"@type":"ListItem","position":1,"name":"Home","item":"https:\/\/orangered-bear-652802.hostingersite.com\/"},{"@type":"ListItem","position":2,"name":"About us"}]},{"@type":"WebSite","@id":"https:\/\/orangered-bear-652802.hostingersite.com\/#website","url":"https:\/\/orangered-bear-652802.hostingersite.com\/","name":"Haulkim","description":"","publisher":{"@id":"https:\/\/orangered-bear-652802.hostingersite.com\/#organization"},"potentialAction":[{"@type":"SearchAction","target":{"@type":"EntryPoint","urlTemplate":"https:\/\/orangered-bear-652802.hostingersite.com\/?s={search_term_string}"},"query-input":{"@type":"PropertyValueSpecification","valueRequired":true,"valueName":"search_term_string"}}],"inLanguage":"fr-FR"},{"@type":"Organization","@id":"https:\/\/orangered-bear-652802.hostingersite.com\/#organization","name":"Haulkim","url":"https:\/\/orangered-bear-652802.hostingersite.com\/","logo":{"@type":"ImageObject","inLanguage":"fr-FR","@id":"https:\/\/orangered-bear-652802.hostingersite.com\/#\/schema\/logo\/image\/","url":"https:\/\/alientory.com\/wp-content\/uploads\/2024\/03\/cropped-\u02ee\u04e1_\u04b3-2.png","contentUrl":"https:\/\/alientory.com\/wp-content\/uploads\/2024\/03\/cropped-\u02ee\u04e1_\u04b3-2.png","width":979,"height":1160,"caption":"Haulkim"},"image":{"@id":"https:\/\/orangered-bear-652802.hostingersite.com\/#\/schema\/logo\/image\/"}}]}},"_links":{"self":[{"href":"https:\/\/alientory.com\/fr\/wp-json\/wp\/v2\/pages\/5786","targetHints":{"allow":["GET"]}}],"collection":[{"href":"https:\/\/alientory.com\/fr\/wp-json\/wp\/v2\/pages"}],"about":[{"href":"https:\/\/alientory.com\/fr\/wp-json\/wp\/v2\/types\/page"}],"author":[{"embeddable":true,"href":"https:\/\/alientory.com\/fr\/wp-json\/wp\/v2\/users\/2"}],"replies":[{"embeddable":true,"href":"https:\/\/alientory.com\/fr\/wp-json\/wp\/v2\/comments?post=5786"}],"version-history":[{"count":61,"href":"https:\/\/alientory.com\/fr\/wp-json\/wp\/v2\/pages\/5786\/revisions"}],"predecessor-version":[{"id":6898,"href":"https:\/\/alientory.com\/fr\/wp-json\/wp\/v2\/pages\/5786\/revisions\/6898"}],"wp:attachment":[{"href":"https:\/\/alientory.com\/fr\/wp-json\/wp\/v2\/media?parent=5786"}],"curies":[{"name":"wp","href":"https:\/\/api.w.org\/{rel}","templated":true}]}}