{"id":7039,"date":"2024-03-13T05:41:01","date_gmt":"2024-03-13T05:41:01","guid":{"rendered":"https:\/\/alientory.com\/?post_type=product&#038;p=7039"},"modified":"2024-04-11T08:59:33","modified_gmt":"2024-04-11T08:59:33","slug":"10x10-10x20-car-canopy-tent","status":"publish","type":"product","link":"https:\/\/alientory.com\/fr\/produit\/10x10-10x20-car-canopy-tent\/","title":{"rendered":"10\u00d710 10\u00d720 Tente Carport"},"content":{"rendered":"<p>Notre tissu PE isole la temp\u00e9rature \u00e9lev\u00e9e du garage, ce qui permet \u00e0 votre voiture de rester au frais m\u00eame pendant la chaleur torride de l'\u00e9t\u00e9.<\/p>\n<p>La housse de capote peut prot\u00e9ger votre voiture de la pluie, de la neige, de la salet\u00e9 et des rayures en toutes saisons. La carrosserie de votre voiture gardera son aspect d'origine m\u00eame apr\u00e8s des ann\u00e9es, et permettra \u00e0 votre voiture de fonctionner de mani\u00e8re optimale.<\/p>\n<p>Caract\u00e9ristiques<br \/>\nR\u00e9glage flexible de la hauteur<br \/>\nQuatre r\u00e9glages de hauteur diff\u00e9rents vous permettent de choisir la hauteur qui r\u00e9pond \u00e0 vos besoins.<br \/>\nCadre renforc\u00e9 et coupe-vent<br \/>\nLarge couverture du parasol<br \/>\nApplicable \u00e0 diverses activit\u00e9s<\/p>\n<p>L'auvent de remplacement de 10 x 20 pieds fournira une couverture compl\u00e8te pour diff\u00e9rentes utilisations, prot\u00e9ger votre voiture ou votre bateau, ou organiser une f\u00eate.<\/p>\n<p>L'auvent de 10 x 20 pieds offre suffisamment d'espace pour les voitures. Il est \u00e9galement indispensable pour les f\u00eates en plein air, les mariages ou d'autres activit\u00e9s commerciales.<\/p>","protected":false},"excerpt":{"rendered":"<p>Toutes les dimensions souhait\u00e9es peuvent \u00eatre personnalis\u00e9es.<\/p>","protected":false},"featured_media":7287,"comment_status":"closed","ping_status":"closed","template":"","meta":{"site-sidebar-layout":"default","site-content-layout":"","ast-site-content-layout":"default","site-content-style":"default","site-sidebar-style":"default","ast-global-header-display":"","ast-banner-title-visibility":"","ast-main-header-display":"","ast-hfb-above-header-display":"","ast-hfb-below-header-display":"","ast-hfb-mobile-header-display":"","site-post-title":"","ast-breadcrumbs-content":"","ast-featured-img":"","footer-sml-layout":"","theme-transparent-header-meta":"default","adv-header-id-meta":"","stick-header-meta":"","header-above-stick-meta":"","header-main-stick-meta":"","header-below-stick-meta":"","astra-migrate-meta-layouts":"set","ast-page-background-enabled":"default","ast-page-background-meta":{"desktop":{"background-color":"","background-image":"","background-repeat":"repeat","background-position":"center center","background-size":"auto","background-attachment":"scroll","background-type":"","background-media":"","overlay-type":"","overlay-color":"","overlay-opacity":"","overlay-gradient":""},"tablet":{"background-color":"","background-image":"","background-repeat":"repeat","background-position":"center center","background-size":"auto","background-attachment":"scroll","background-type":"","background-media":"","overlay-type":"","overlay-color":"","overlay-opacity":"","overlay-gradient":""},"mobile":{"background-color":"","background-image":"","background-repeat":"repeat","background-position":"center center","background-size":"auto","background-attachment":"scroll","background-type":"","background-media":"","overlay-type":"","overlay-color":"","overlay-opacity":"","overlay-gradient":""}},"ast-content-background-meta":{"desktop":{"background-color":"var(--ast-global-color-5)","background-image":"","background-repeat":"repeat","background-position":"center center","background-size":"auto","background-attachment":"scroll","background-type":"","background-media":"","overlay-type":"","overlay-color":"","overlay-opacity":"","overlay-gradient":""},"tablet":{"background-color":"var(--ast-global-color-5)","background-image":"","background-repeat":"repeat","background-position":"center center","background-size":"auto","background-attachment":"scroll","background-type":"","background-media":"","overlay-type":"","overlay-color":"","overlay-opacity":"","overlay-gradient":""},"mobile":{"background-color":"var(--ast-global-color-5)","background-image":"","background-repeat":"repeat","background-position":"center center","background-size":"auto","background-attachment":"scroll","background-type":"","background-media":"","overlay-type":"","overlay-color":"","overlay-opacity":"","overlay-gradient":""}}},"product_cat":[86,89,88],"product_tag":[],"class_list":{"0":"post-7039","1":"product","2":"type-product","3":"status-publish","4":"has-post-thumbnail","6":"product_cat-big-tent","7":"product_cat-carport-tent","8":"product_cat-customized-tent","9":"desktop-align-center","10":"tablet-align-center","11":"mobile-align-center","13":"first","14":"instock","15":"taxable","16":"shipping-taxable","17":"product-type-simple"},"yoast_head":"<!-- This site is optimized with the Yoast SEO plugin v24.4 - https:\/\/yoast.com\/wordpress\/plugins\/seo\/ -->\n<title>10x10 10x20 Carport Tent -<\/title>\n<meta name=\"robots\" content=\"index, follow, max-snippet:-1, max-image-preview:large, max-video-preview:-1\" \/>\n<link rel=\"canonical\" href=\"https:\/\/orangered-bear-652802.hostingersite.com\/product\/10x10-10x20-car-canopy-tent\/\" \/>\n<meta property=\"og:locale\" content=\"fr_FR\" \/>\n<meta property=\"og:type\" content=\"article\" \/>\n<meta property=\"og:title\" content=\"10x10 10x20 Carport Tent -\" \/>\n<meta property=\"og:description\" content=\"All size you want can be customized.\" \/>\n<meta property=\"og:url\" content=\"https:\/\/orangered-bear-652802.hostingersite.com\/product\/10x10-10x20-car-canopy-tent\/\" \/>\n<meta property=\"article:modified_time\" content=\"2024-04-11T08:59:33+00:00\" \/>\n<meta property=\"og:image\" content=\"https:\/\/orangered-bear-652802.hostingersite.com\/wp-content\/uploads\/2024\/03\/IMG_0985_\u526f\u672c-e1712814530125.jpg\" \/>\n\t<meta property=\"og:image:width\" content=\"1500\" \/>\n\t<meta property=\"og:image:height\" content=\"1001\" \/>\n\t<meta property=\"og:image:type\" content=\"image\/jpeg\" \/>\n<meta name=\"twitter:card\" content=\"summary_large_image\" \/>\n<meta name=\"twitter:label1\" content=\"Dur\u00e9e de lecture estim\u00e9e\" \/>\n\t<meta name=\"twitter:data1\" content=\"1 minute\" \/>\n<script type=\"application\/ld+json\" class=\"yoast-schema-graph\">{\"@context\":\"https:\/\/schema.org\",\"@graph\":[{\"@type\":\"WebPage\",\"@id\":\"https:\/\/orangered-bear-652802.hostingersite.com\/product\/10x10-10x20-car-canopy-tent\/\",\"url\":\"https:\/\/orangered-bear-652802.hostingersite.com\/product\/10x10-10x20-car-canopy-tent\/\",\"name\":\"10x10 10x20 Carport Tent -\",\"isPartOf\":{\"@id\":\"https:\/\/orangered-bear-652802.hostingersite.com\/#website\"},\"primaryImageOfPage\":{\"@id\":\"https:\/\/orangered-bear-652802.hostingersite.com\/product\/10x10-10x20-car-canopy-tent\/#primaryimage\"},\"image\":{\"@id\":\"https:\/\/orangered-bear-652802.hostingersite.com\/product\/10x10-10x20-car-canopy-tent\/#primaryimage\"},\"thumbnailUrl\":\"https:\/\/alientory.com\/wp-content\/uploads\/2024\/03\/IMG_0985_\u526f\u672c-e1712814530125.jpg\",\"datePublished\":\"2024-03-13T05:41:01+00:00\",\"dateModified\":\"2024-04-11T08:59:33+00:00\",\"breadcrumb\":{\"@id\":\"https:\/\/orangered-bear-652802.hostingersite.com\/product\/10x10-10x20-car-canopy-tent\/#breadcrumb\"},\"inLanguage\":\"fr-FR\",\"potentialAction\":[{\"@type\":\"ReadAction\",\"target\":[\"https:\/\/orangered-bear-652802.hostingersite.com\/product\/10x10-10x20-car-canopy-tent\/\"]}]},{\"@type\":\"ImageObject\",\"inLanguage\":\"fr-FR\",\"@id\":\"https:\/\/orangered-bear-652802.hostingersite.com\/product\/10x10-10x20-car-canopy-tent\/#primaryimage\",\"url\":\"https:\/\/alientory.com\/wp-content\/uploads\/2024\/03\/IMG_0985_\u526f\u672c-e1712814530125.jpg\",\"contentUrl\":\"https:\/\/alientory.com\/wp-content\/uploads\/2024\/03\/IMG_0985_\u526f\u672c-e1712814530125.jpg\",\"width\":1500,\"height\":1001},{\"@type\":\"BreadcrumbList\",\"@id\":\"https:\/\/orangered-bear-652802.hostingersite.com\/product\/10x10-10x20-car-canopy-tent\/#breadcrumb\",\"itemListElement\":[{\"@type\":\"ListItem\",\"position\":1,\"name\":\"Home\",\"item\":\"https:\/\/orangered-bear-652802.hostingersite.com\/\"},{\"@type\":\"ListItem\",\"position\":2,\"name\":\"Shop\",\"item\":\"https:\/\/orangered-bear-652802.hostingersite.com\/shop\/\"},{\"@type\":\"ListItem\",\"position\":3,\"name\":\"10&#215;10 10&#215;20 Carport Tent\"}]},{\"@type\":\"WebSite\",\"@id\":\"https:\/\/orangered-bear-652802.hostingersite.com\/#website\",\"url\":\"https:\/\/orangered-bear-652802.hostingersite.com\/\",\"name\":\"Haulkim\",\"description\":\"\",\"publisher\":{\"@id\":\"https:\/\/orangered-bear-652802.hostingersite.com\/#organization\"},\"potentialAction\":[{\"@type\":\"SearchAction\",\"target\":{\"@type\":\"EntryPoint\",\"urlTemplate\":\"https:\/\/orangered-bear-652802.hostingersite.com\/?s={search_term_string}\"},\"query-input\":{\"@type\":\"PropertyValueSpecification\",\"valueRequired\":true,\"valueName\":\"search_term_string\"}}],\"inLanguage\":\"fr-FR\"},{\"@type\":\"Organization\",\"@id\":\"https:\/\/orangered-bear-652802.hostingersite.com\/#organization\",\"name\":\"Haulkim\",\"url\":\"https:\/\/orangered-bear-652802.hostingersite.com\/\",\"logo\":{\"@type\":\"ImageObject\",\"inLanguage\":\"fr-FR\",\"@id\":\"https:\/\/orangered-bear-652802.hostingersite.com\/#\/schema\/logo\/image\/\",\"url\":\"https:\/\/alientory.com\/wp-content\/uploads\/2024\/03\/cropped-\u02ee\u04e1_\u04b3-2.png\",\"contentUrl\":\"https:\/\/alientory.com\/wp-content\/uploads\/2024\/03\/cropped-\u02ee\u04e1_\u04b3-2.png\",\"width\":979,\"height\":1160,\"caption\":\"Haulkim\"},\"image\":{\"@id\":\"https:\/\/orangered-bear-652802.hostingersite.com\/#\/schema\/logo\/image\/\"}}]}<\/script>\n<!-- \/ Yoast SEO plugin. -->","yoast_head_json":{"title":"10x10 10x20 Carport Tent -","robots":{"index":"index","follow":"follow","max-snippet":"max-snippet:-1","max-image-preview":"max-image-preview:large","max-video-preview":"max-video-preview:-1"},"canonical":"https:\/\/orangered-bear-652802.hostingersite.com\/product\/10x10-10x20-car-canopy-tent\/","og_locale":"fr_FR","og_type":"article","og_title":"10x10 10x20 Carport Tent -","og_description":"All size you want can be customized.","og_url":"https:\/\/orangered-bear-652802.hostingersite.com\/product\/10x10-10x20-car-canopy-tent\/","article_modified_time":"2024-04-11T08:59:33+00:00","og_image":[{"width":1500,"height":1001,"url":"https:\/\/orangered-bear-652802.hostingersite.com\/wp-content\/uploads\/2024\/03\/IMG_0985_\u526f\u672c-e1712814530125.jpg","type":"image\/jpeg"}],"twitter_card":"summary_large_image","twitter_misc":{"Dur\u00e9e de lecture estim\u00e9e":"1 minute"},"schema":{"@context":"https:\/\/schema.org","@graph":[{"@type":"WebPage","@id":"https:\/\/orangered-bear-652802.hostingersite.com\/product\/10x10-10x20-car-canopy-tent\/","url":"https:\/\/orangered-bear-652802.hostingersite.com\/product\/10x10-10x20-car-canopy-tent\/","name":"10x10 10x20 Carport Tent -","isPartOf":{"@id":"https:\/\/orangered-bear-652802.hostingersite.com\/#website"},"primaryImageOfPage":{"@id":"https:\/\/orangered-bear-652802.hostingersite.com\/product\/10x10-10x20-car-canopy-tent\/#primaryimage"},"image":{"@id":"https:\/\/orangered-bear-652802.hostingersite.com\/product\/10x10-10x20-car-canopy-tent\/#primaryimage"},"thumbnailUrl":"https:\/\/alientory.com\/wp-content\/uploads\/2024\/03\/IMG_0985_\u526f\u672c-e1712814530125.jpg","datePublished":"2024-03-13T05:41:01+00:00","dateModified":"2024-04-11T08:59:33+00:00","breadcrumb":{"@id":"https:\/\/orangered-bear-652802.hostingersite.com\/product\/10x10-10x20-car-canopy-tent\/#breadcrumb"},"inLanguage":"fr-FR","potentialAction":[{"@type":"ReadAction","target":["https:\/\/orangered-bear-652802.hostingersite.com\/product\/10x10-10x20-car-canopy-tent\/"]}]},{"@type":"ImageObject","inLanguage":"fr-FR","@id":"https:\/\/orangered-bear-652802.hostingersite.com\/product\/10x10-10x20-car-canopy-tent\/#primaryimage","url":"https:\/\/alientory.com\/wp-content\/uploads\/2024\/03\/IMG_0985_\u526f\u672c-e1712814530125.jpg","contentUrl":"https:\/\/alientory.com\/wp-content\/uploads\/2024\/03\/IMG_0985_\u526f\u672c-e1712814530125.jpg","width":1500,"height":1001},{"@type":"BreadcrumbList","@id":"https:\/\/orangered-bear-652802.hostingersite.com\/product\/10x10-10x20-car-canopy-tent\/#breadcrumb","itemListElement":[{"@type":"ListItem","position":1,"name":"Home","item":"https:\/\/orangered-bear-652802.hostingersite.com\/"},{"@type":"ListItem","position":2,"name":"Shop","item":"https:\/\/orangered-bear-652802.hostingersite.com\/shop\/"},{"@type":"ListItem","position":3,"name":"10&#215;10 10&#215;20 Carport Tent"}]},{"@type":"WebSite","@id":"https:\/\/orangered-bear-652802.hostingersite.com\/#website","url":"https:\/\/orangered-bear-652802.hostingersite.com\/","name":"Haulkim","description":"","publisher":{"@id":"https:\/\/orangered-bear-652802.hostingersite.com\/#organization"},"potentialAction":[{"@type":"SearchAction","target":{"@type":"EntryPoint","urlTemplate":"https:\/\/orangered-bear-652802.hostingersite.com\/?s={search_term_string}"},"query-input":{"@type":"PropertyValueSpecification","valueRequired":true,"valueName":"search_term_string"}}],"inLanguage":"fr-FR"},{"@type":"Organization","@id":"https:\/\/orangered-bear-652802.hostingersite.com\/#organization","name":"Haulkim","url":"https:\/\/orangered-bear-652802.hostingersite.com\/","logo":{"@type":"ImageObject","inLanguage":"fr-FR","@id":"https:\/\/orangered-bear-652802.hostingersite.com\/#\/schema\/logo\/image\/","url":"https:\/\/alientory.com\/wp-content\/uploads\/2024\/03\/cropped-\u02ee\u04e1_\u04b3-2.png","contentUrl":"https:\/\/alientory.com\/wp-content\/uploads\/2024\/03\/cropped-\u02ee\u04e1_\u04b3-2.png","width":979,"height":1160,"caption":"Haulkim"},"image":{"@id":"https:\/\/orangered-bear-652802.hostingersite.com\/#\/schema\/logo\/image\/"}}]}},"_links":{"self":[{"href":"https:\/\/alientory.com\/fr\/wp-json\/wp\/v2\/product\/7039","targetHints":{"allow":["GET"]}}],"collection":[{"href":"https:\/\/alientory.com\/fr\/wp-json\/wp\/v2\/product"}],"about":[{"href":"https:\/\/alientory.com\/fr\/wp-json\/wp\/v2\/types\/product"}],"replies":[{"embeddable":true,"href":"https:\/\/alientory.com\/fr\/wp-json\/wp\/v2\/comments?post=7039"}],"wp:featuredmedia":[{"embeddable":true,"href":"https:\/\/alientory.com\/fr\/wp-json\/wp\/v2\/media\/7287"}],"wp:attachment":[{"href":"https:\/\/alientory.com\/fr\/wp-json\/wp\/v2\/media?parent=7039"}],"wp:term":[{"taxonomy":"product_cat","embeddable":true,"href":"https:\/\/alientory.com\/fr\/wp-json\/wp\/v2\/product_cat?post=7039"},{"taxonomy":"product_tag","embeddable":true,"href":"https:\/\/alientory.com\/fr\/wp-json\/wp\/v2\/product_tag?post=7039"}],"curies":[{"name":"wp","href":"https:\/\/api.w.org\/{rel}","templated":true}]}}