{"id":7289,"date":"2024-04-11T06:06:14","date_gmt":"2024-04-11T06:06:14","guid":{"rendered":"https:\/\/alientory.com\/?post_type=product&#038;p=7289"},"modified":"2024-11-28T02:50:25","modified_gmt":"2024-11-28T02:50:25","slug":"carport","status":"publish","type":"product","link":"https:\/\/alientory.com\/fr\/produit\/carport\/","title":{"rendered":"SANWAY Abri de voiture robuste avec murs lat\u00e9raux et portes amovibles, garage portable avec fen\u00eatres ventil\u00e9es enroulables"},"content":{"rendered":"<ul class=\"a-unordered-list a-vertical a-spacing-mini\">\n<li class=\"a-spacing-mini\"><span class=\"a-list-item\">\u3010Multi-Usage Portable Carport\u3011Le carport 10'x20'fournit un grand espace pour vos v\u00e9hicules, bateaux, et cargaisons, etc. Les parois lat\u00e9rales et les portes sont amovibles pour r\u00e9pondre \u00e0 vos diff\u00e9rents besoins. Cet auvent de carport est \u00e9galement parfait pour les \u00e9v\u00e9nements en plein air tels que les f\u00eates, les mariages et les foires commerciales.<\/span><\/li>\n<li class=\"a-spacing-mini\"><span class=\"a-list-item\">\u3010Heavy Duty Carport\u3011Ce kit d'abri de voiture est fabriqu\u00e9 \u00e0 partir d'un cadre en acier rev\u00eatu respectueux de l'environnement. Les tuyaux en acier \u00e0 haute r\u00e9sistance ont un diam\u00e8tre de \u03c638 mm et une \u00e9paisseur de 0,8 mm. En outre, il y a des poutres triangulaires renforc\u00e9es\u3001 des connecteurs soud\u00e9s \u00e0 l'art, etc. Cela rend l'ensemble du port pour voitures en acier plus stable et beaucoup plus s\u00fbr en cas de conditions m\u00e9t\u00e9orologiques d\u00e9favorables.<\/span><\/li>\n<li class=\"a-spacing-mini\"><span class=\"a-list-item\">\u3010All Weather Carport\u3011L'abri de voiture portable est dot\u00e9 d'une couverture imperm\u00e9able \u00e0 l'eau de 180g pour toutes les saisons afin de prot\u00e9ger votre investissement du soleil, de la pluie, de la poussi\u00e8re et de la neige. Les quatre fen\u00eatres de ventilation dans les parois lat\u00e9rales, qui favorise la circulation de l'air en \u00e9t\u00e9 et fournit une r\u00e9sistance au vent en hiver. Nous nous effor\u00e7ons de cr\u00e9er un environnement id\u00e9al et<\/span><\/li>\n<li class=\"a-spacing-mini\"><span class=\"a-list-item\">\u3010Effortless Assembly\u3011L'installation de notre garage portable 10\u00d720 pieds heavy duty est un jeu d'enfant ; aucun outil suppl\u00e9mentaire n'est n\u00e9cessaire. Chaque composant est \u00e9tiquet\u00e9 avec un num\u00e9ro, et les instructions incluses rendent l'installation simple. Des vid\u00e9os d'installation d\u00e9taill\u00e9es sont \u00e9galement disponibles. En g\u00e9n\u00e9ral, 2 \u00e0 3 adultes peuvent effectuer l'installation facilement et rapidement.<\/span><\/li>\n<li class=\"a-spacing-mini\"><span class=\"a-list-item\">\u3010Quality Assurance and Support\u3011Nous nous portons garants de la fiabilit\u00e9 et de la polyvalence de notre tente d'auvent de port de voiture portable. Si vous avez des questions ou des pr\u00e9occupations, n'h\u00e9sitez pas \u00e0 nous contacter. Notre \u00e9quipe de service \u00e0 la client\u00e8le sera heureuse de fournir une assistance dans les 24 heures.<\/span><\/li>\n<li class=\"a-spacing-mini\"><span class=\"a-list-item\">\u3010Friendly reminder\u3011Durant les conditions m\u00e9t\u00e9orologiques d\u00e9favorables, nous recommandons de replier l'abri de voiture ext\u00e9rieur par pr\u00e9caution, et de toujours d\u00e9neiger rapidement en hiver pour des raisons de s\u00e9curit\u00e9 et de long\u00e9vit\u00e9.<\/span><\/li>\n<\/ul>\n<p>Si vous souhaitez en savoir plus sur notre abri de voiture, veuillez nous contacter. <a href=\"https:\/\/alientory.com\/fr\/\">contact<\/a> nous.<\/p>\n<p style=\"text-align: center;\"><img fetchpriority=\"high\" decoding=\"async\" class=\"alignnone size-full wp-image-7575\" src=\"https:\/\/alientory.com\/wp-content\/uploads\/2024\/04\/1.png\" alt=\"\" width=\"989\" height=\"684\" srcset=\"https:\/\/alientory.com\/wp-content\/uploads\/2024\/04\/1.png 989w, https:\/\/alientory.com\/wp-content\/uploads\/2024\/04\/1-300x207.png 300w, https:\/\/alientory.com\/wp-content\/uploads\/2024\/04\/1-768x531.png 768w, https:\/\/alientory.com\/wp-content\/uploads\/2024\/04\/1-18x12.png 18w, https:\/\/alientory.com\/wp-content\/uploads\/2024\/04\/1-600x415.png 600w\" sizes=\"(max-width: 989px) 100vw, 989px\" \/> <img decoding=\"async\" class=\"alignnone size-full wp-image-7576\" src=\"https:\/\/alientory.com\/wp-content\/uploads\/2024\/04\/2.png\" alt=\"\" width=\"995\" height=\"636\" srcset=\"https:\/\/alientory.com\/wp-content\/uploads\/2024\/04\/2.png 995w, https:\/\/alientory.com\/wp-content\/uploads\/2024\/04\/2-300x192.png 300w, https:\/\/alientory.com\/wp-content\/uploads\/2024\/04\/2-768x491.png 768w, https:\/\/alientory.com\/wp-content\/uploads\/2024\/04\/2-18x12.png 18w, https:\/\/alientory.com\/wp-content\/uploads\/2024\/04\/2-600x384.png 600w\" sizes=\"(max-width: 995px) 100vw, 995px\" \/> <img decoding=\"async\" class=\"alignnone size-full wp-image-7577\" src=\"https:\/\/alientory.com\/wp-content\/uploads\/2024\/04\/3.png\" alt=\"\" width=\"1001\" height=\"455\" srcset=\"https:\/\/alientory.com\/wp-content\/uploads\/2024\/04\/3.png 1001w, https:\/\/alientory.com\/wp-content\/uploads\/2024\/04\/3-300x136.png 300w, https:\/\/alientory.com\/wp-content\/uploads\/2024\/04\/3-768x349.png 768w, https:\/\/alientory.com\/wp-content\/uploads\/2024\/04\/3-18x8.png 18w, https:\/\/alientory.com\/wp-content\/uploads\/2024\/04\/3-600x273.png 600w\" sizes=\"(max-width: 1001px) 100vw, 1001px\" \/> <img loading=\"lazy\" decoding=\"async\" class=\"alignnone size-full wp-image-7579\" src=\"https:\/\/alientory.com\/wp-content\/uploads\/2024\/04\/4.png\" alt=\"\" width=\"973\" height=\"301\" srcset=\"https:\/\/alientory.com\/wp-content\/uploads\/2024\/04\/4.png 973w, https:\/\/alientory.com\/wp-content\/uploads\/2024\/04\/4-300x93.png 300w, https:\/\/alientory.com\/wp-content\/uploads\/2024\/04\/4-768x238.png 768w, https:\/\/alientory.com\/wp-content\/uploads\/2024\/04\/4-18x6.png 18w, https:\/\/alientory.com\/wp-content\/uploads\/2024\/04\/4-600x186.png 600w\" sizes=\"(max-width: 973px) 100vw, 973px\" \/> <img loading=\"lazy\" decoding=\"async\" class=\"alignnone size-full wp-image-7582\" src=\"https:\/\/alientory.com\/wp-content\/uploads\/2024\/04\/5.png\" alt=\"\" width=\"1005\" height=\"308\" srcset=\"https:\/\/alientory.com\/wp-content\/uploads\/2024\/04\/5.png 1005w, https:\/\/alientory.com\/wp-content\/uploads\/2024\/04\/5-300x92.png 300w, https:\/\/alientory.com\/wp-content\/uploads\/2024\/04\/5-768x235.png 768w, https:\/\/alientory.com\/wp-content\/uploads\/2024\/04\/5-18x6.png 18w, https:\/\/alientory.com\/wp-content\/uploads\/2024\/04\/5-600x184.png 600w\" sizes=\"(max-width: 1005px) 100vw, 1005px\" \/><img decoding=\"async\" class=\"alignnone size-full wp-image-7576\" src=\"https:\/\/alientory.com\/wp-content\/uploads\/2024\/04\/2.png\" alt=\"\" width=\"995\" height=\"636\" srcset=\"https:\/\/alientory.com\/wp-content\/uploads\/2024\/04\/2.png 995w, https:\/\/alientory.com\/wp-content\/uploads\/2024\/04\/2-300x192.png 300w, https:\/\/alientory.com\/wp-content\/uploads\/2024\/04\/2-768x491.png 768w, https:\/\/alientory.com\/wp-content\/uploads\/2024\/04\/2-18x12.png 18w, https:\/\/alientory.com\/wp-content\/uploads\/2024\/04\/2-600x384.png 600w\" sizes=\"(max-width: 995px) 100vw, 995px\" \/><img loading=\"lazy\" decoding=\"async\" class=\"alignnone size-full wp-image-7579\" src=\"https:\/\/alientory.com\/wp-content\/uploads\/2024\/04\/4.png\" alt=\"\" width=\"973\" height=\"301\" srcset=\"https:\/\/alientory.com\/wp-content\/uploads\/2024\/04\/4.png 973w, https:\/\/alientory.com\/wp-content\/uploads\/2024\/04\/4-300x93.png 300w, https:\/\/alientory.com\/wp-content\/uploads\/2024\/04\/4-768x238.png 768w, https:\/\/alientory.com\/wp-content\/uploads\/2024\/04\/4-18x6.png 18w, https:\/\/alientory.com\/wp-content\/uploads\/2024\/04\/4-600x186.png 600w\" sizes=\"(max-width: 973px) 100vw, 973px\" \/><img decoding=\"async\" class=\"alignnone size-full wp-image-7577\" src=\"https:\/\/alientory.com\/wp-content\/uploads\/2024\/04\/3.png\" alt=\"\" width=\"1001\" height=\"455\" srcset=\"https:\/\/alientory.com\/wp-content\/uploads\/2024\/04\/3.png 1001w, https:\/\/alientory.com\/wp-content\/uploads\/2024\/04\/3-300x136.png 300w, https:\/\/alientory.com\/wp-content\/uploads\/2024\/04\/3-768x349.png 768w, https:\/\/alientory.com\/wp-content\/uploads\/2024\/04\/3-18x8.png 18w, https:\/\/alientory.com\/wp-content\/uploads\/2024\/04\/3-600x273.png 600w\" sizes=\"(max-width: 1001px) 100vw, 1001px\" \/><img loading=\"lazy\" decoding=\"async\" class=\"alignnone size-full wp-image-7582\" src=\"https:\/\/alientory.com\/wp-content\/uploads\/2024\/04\/5.png\" alt=\"\" width=\"1005\" height=\"308\" srcset=\"https:\/\/alientory.com\/wp-content\/uploads\/2024\/04\/5.png 1005w, https:\/\/alientory.com\/wp-content\/uploads\/2024\/04\/5-300x92.png 300w, https:\/\/alientory.com\/wp-content\/uploads\/2024\/04\/5-768x235.png 768w, https:\/\/alientory.com\/wp-content\/uploads\/2024\/04\/5-18x6.png 18w, https:\/\/alientory.com\/wp-content\/uploads\/2024\/04\/5-600x184.png 600w\" sizes=\"(max-width: 1005px) 100vw, 1005px\" \/><\/p>\n<p>&nbsp;<\/p>","protected":false},"excerpt":{"rendered":"<p><span class=\"a-list-item\">Abri de voiture robuste, tuyau en acier \u00e9pais, b\u00e2che super \u00e9paisse, forte protection contre le soleil et le vent, offre beaucoup d'espace pour vos v\u00e9hicules, bateaux, cargaisons.<\/span><\/p>","protected":false},"featured_media":7585,"comment_status":"closed","ping_status":"closed","template":"","meta":{"site-sidebar-layout":"default","site-content-layout":"","ast-site-content-layout":"normal-width-container","site-content-style":"boxed","site-sidebar-style":"default","ast-global-header-display":"","ast-banner-title-visibility":"","ast-main-header-display":"","ast-hfb-above-header-display":"","ast-hfb-below-header-display":"","ast-hfb-mobile-header-display":"","site-post-title":"","ast-breadcrumbs-content":"","ast-featured-img":"","footer-sml-layout":"","theme-transparent-header-meta":"default","adv-header-id-meta":"","stick-header-meta":"","header-above-stick-meta":"","header-main-stick-meta":"","header-below-stick-meta":"","astra-migrate-meta-layouts":"set","ast-page-background-enabled":"default","ast-page-background-meta":{"desktop":{"background-color":"","background-image":"","background-repeat":"repeat","background-position":"center center","background-size":"auto","background-attachment":"scroll","background-type":"","background-media":"","overlay-type":"","overlay-color":"","overlay-opacity":"","overlay-gradient":""},"tablet":{"background-color":"","background-image":"","background-repeat":"repeat","background-position":"center center","background-size":"auto","background-attachment":"scroll","background-type":"","background-media":"","overlay-type":"","overlay-color":"","overlay-opacity":"","overlay-gradient":""},"mobile":{"background-color":"","background-image":"","background-repeat":"repeat","background-position":"center center","background-size":"auto","background-attachment":"scroll","background-type":"","background-media":"","overlay-type":"","overlay-color":"","overlay-opacity":"","overlay-gradient":""}},"ast-content-background-meta":{"desktop":{"background-color":"var(--ast-global-color-5)","background-image":"","background-repeat":"repeat","background-position":"center center","background-size":"auto","background-attachment":"scroll","background-type":"","background-media":"","overlay-type":"","overlay-color":"","overlay-opacity":"","overlay-gradient":""},"tablet":{"background-color":"var(--ast-global-color-5)","background-image":"","background-repeat":"repeat","background-position":"center center","background-size":"auto","background-attachment":"scroll","background-type":"","background-media":"","overlay-type":"","overlay-color":"","overlay-opacity":"","overlay-gradient":""},"mobile":{"background-color":"var(--ast-global-color-5)","background-image":"","background-repeat":"repeat","background-position":"center center","background-size":"auto","background-attachment":"scroll","background-type":"","background-media":"","overlay-type":"","overlay-color":"","overlay-opacity":"","overlay-gradient":""}}},"product_cat":[86,89,88],"product_tag":[109,95],"class_list":{"0":"post-7289","1":"product","2":"type-product","3":"status-publish","4":"has-post-thumbnail","6":"product_cat-big-tent","7":"product_cat-carport-tent","8":"product_cat-customized-tent","9":"product_tag-carport","10":"product_tag-durable-carport","11":"desktop-align-center","12":"tablet-align-center","13":"mobile-align-center","15":"first","16":"instock","17":"taxable","18":"shipping-taxable","19":"purchasable","20":"product-type-variable"},"yoast_head":"<!-- This site is optimized with the Yoast SEO plugin v24.4 - https:\/\/yoast.com\/wordpress\/plugins\/seo\/ -->\n<title>SANWAY Heavy Duty Carport with Removable Sidewalls &amp; Doors, Portable Garage with Roll-up Ventilated Windows -<\/title>\n<meta name=\"description\" content=\"Heavy Duty Carport may be a wise choice for you to protect your vehicle, which can help anti-rain, anti-sun, anti-wind, anti-dirty.\" \/>\n<meta name=\"robots\" content=\"index, follow, max-snippet:-1, max-image-preview:large, max-video-preview:-1\" \/>\n<link rel=\"canonical\" href=\"https:\/\/orangered-bear-652802.hostingersite.com\/product\/carport\/\" \/>\n<meta property=\"og:locale\" content=\"fr_FR\" \/>\n<meta property=\"og:type\" content=\"article\" \/>\n<meta property=\"og:title\" content=\"SANWAY Heavy Duty Carport with Removable Sidewalls &amp; Doors, Portable Garage with Roll-up Ventilated Windows -\" \/>\n<meta property=\"og:description\" content=\"Heavy Duty Carport may be a wise choice for you to protect your vehicle, which can help anti-rain, anti-sun, anti-wind, anti-dirty.\" \/>\n<meta property=\"og:url\" content=\"https:\/\/orangered-bear-652802.hostingersite.com\/product\/carport\/\" \/>\n<meta property=\"article:modified_time\" content=\"2024-11-28T02:50:25+00:00\" \/>\n<meta property=\"og:image\" content=\"https:\/\/orangered-bear-652802.hostingersite.com\/wp-content\/uploads\/2024\/04\/\u4e3b\u56fe.jpg\" \/>\n\t<meta property=\"og:image:width\" content=\"1500\" \/>\n\t<meta property=\"og:image:height\" content=\"1500\" \/>\n\t<meta property=\"og:image:type\" content=\"image\/jpeg\" \/>\n<meta name=\"twitter:card\" content=\"summary_large_image\" \/>\n<meta name=\"twitter:label1\" content=\"Dur\u00e9e de lecture estim\u00e9e\" \/>\n\t<meta name=\"twitter:data1\" content=\"4 minutes\" \/>\n<script type=\"application\/ld+json\" class=\"yoast-schema-graph\">{\"@context\":\"https:\/\/schema.org\",\"@graph\":[{\"@type\":\"WebPage\",\"@id\":\"https:\/\/orangered-bear-652802.hostingersite.com\/product\/carport\/\",\"url\":\"https:\/\/orangered-bear-652802.hostingersite.com\/product\/carport\/\",\"name\":\"SANWAY Heavy Duty Carport with Removable Sidewalls & Doors, Portable Garage with Roll-up Ventilated Windows -\",\"isPartOf\":{\"@id\":\"https:\/\/orangered-bear-652802.hostingersite.com\/#website\"},\"primaryImageOfPage\":{\"@id\":\"https:\/\/orangered-bear-652802.hostingersite.com\/product\/carport\/#primaryimage\"},\"image\":{\"@id\":\"https:\/\/orangered-bear-652802.hostingersite.com\/product\/carport\/#primaryimage\"},\"thumbnailUrl\":\"https:\/\/alientory.com\/wp-content\/uploads\/2024\/04\/\u4e3b\u56fe.jpg\",\"datePublished\":\"2024-04-11T06:06:14+00:00\",\"dateModified\":\"2024-11-28T02:50:25+00:00\",\"description\":\"Heavy Duty Carport may be a wise choice for you to protect your vehicle, which can help anti-rain, anti-sun, anti-wind, anti-dirty.\",\"breadcrumb\":{\"@id\":\"https:\/\/orangered-bear-652802.hostingersite.com\/product\/carport\/#breadcrumb\"},\"inLanguage\":\"fr-FR\",\"potentialAction\":[{\"@type\":\"ReadAction\",\"target\":[\"https:\/\/orangered-bear-652802.hostingersite.com\/product\/carport\/\"]}]},{\"@type\":\"ImageObject\",\"inLanguage\":\"fr-FR\",\"@id\":\"https:\/\/orangered-bear-652802.hostingersite.com\/product\/carport\/#primaryimage\",\"url\":\"https:\/\/alientory.com\/wp-content\/uploads\/2024\/04\/\u4e3b\u56fe.jpg\",\"contentUrl\":\"https:\/\/alientory.com\/wp-content\/uploads\/2024\/04\/\u4e3b\u56fe.jpg\",\"width\":1500,\"height\":1500},{\"@type\":\"BreadcrumbList\",\"@id\":\"https:\/\/orangered-bear-652802.hostingersite.com\/product\/carport\/#breadcrumb\",\"itemListElement\":[{\"@type\":\"ListItem\",\"position\":1,\"name\":\"Home\",\"item\":\"https:\/\/orangered-bear-652802.hostingersite.com\/\"},{\"@type\":\"ListItem\",\"position\":2,\"name\":\"Shop\",\"item\":\"https:\/\/orangered-bear-652802.hostingersite.com\/shop\/\"},{\"@type\":\"ListItem\",\"position\":3,\"name\":\"SANWAY Heavy Duty Carport with Removable Sidewalls &#038; Doors, Portable Garage with Roll-up Ventilated Windows\"}]},{\"@type\":\"WebSite\",\"@id\":\"https:\/\/orangered-bear-652802.hostingersite.com\/#website\",\"url\":\"https:\/\/orangered-bear-652802.hostingersite.com\/\",\"name\":\"Haulkim\",\"description\":\"\",\"publisher\":{\"@id\":\"https:\/\/orangered-bear-652802.hostingersite.com\/#organization\"},\"potentialAction\":[{\"@type\":\"SearchAction\",\"target\":{\"@type\":\"EntryPoint\",\"urlTemplate\":\"https:\/\/orangered-bear-652802.hostingersite.com\/?s={search_term_string}\"},\"query-input\":{\"@type\":\"PropertyValueSpecification\",\"valueRequired\":true,\"valueName\":\"search_term_string\"}}],\"inLanguage\":\"fr-FR\"},{\"@type\":\"Organization\",\"@id\":\"https:\/\/orangered-bear-652802.hostingersite.com\/#organization\",\"name\":\"Haulkim\",\"url\":\"https:\/\/orangered-bear-652802.hostingersite.com\/\",\"logo\":{\"@type\":\"ImageObject\",\"inLanguage\":\"fr-FR\",\"@id\":\"https:\/\/orangered-bear-652802.hostingersite.com\/#\/schema\/logo\/image\/\",\"url\":\"https:\/\/alientory.com\/wp-content\/uploads\/2024\/03\/cropped-\u02ee\u04e1_\u04b3-2.png\",\"contentUrl\":\"https:\/\/alientory.com\/wp-content\/uploads\/2024\/03\/cropped-\u02ee\u04e1_\u04b3-2.png\",\"width\":979,\"height\":1160,\"caption\":\"Haulkim\"},\"image\":{\"@id\":\"https:\/\/orangered-bear-652802.hostingersite.com\/#\/schema\/logo\/image\/\"}}]}<\/script>\n<!-- \/ Yoast SEO plugin. -->","yoast_head_json":{"title":"SANWAY Heavy Duty Carport with Removable Sidewalls & Doors, Portable Garage with Roll-up Ventilated Windows -","description":"Heavy Duty Carport may be a wise choice for you to protect your vehicle, which can help anti-rain, anti-sun, anti-wind, anti-dirty.","robots":{"index":"index","follow":"follow","max-snippet":"max-snippet:-1","max-image-preview":"max-image-preview:large","max-video-preview":"max-video-preview:-1"},"canonical":"https:\/\/orangered-bear-652802.hostingersite.com\/product\/carport\/","og_locale":"fr_FR","og_type":"article","og_title":"SANWAY Heavy Duty Carport with Removable Sidewalls & Doors, Portable Garage with Roll-up Ventilated Windows -","og_description":"Heavy Duty Carport may be a wise choice for you to protect your vehicle, which can help anti-rain, anti-sun, anti-wind, anti-dirty.","og_url":"https:\/\/orangered-bear-652802.hostingersite.com\/product\/carport\/","article_modified_time":"2024-11-28T02:50:25+00:00","og_image":[{"width":1500,"height":1500,"url":"https:\/\/orangered-bear-652802.hostingersite.com\/wp-content\/uploads\/2024\/04\/\u4e3b\u56fe.jpg","type":"image\/jpeg"}],"twitter_card":"summary_large_image","twitter_misc":{"Dur\u00e9e de lecture estim\u00e9e":"4 minutes"},"schema":{"@context":"https:\/\/schema.org","@graph":[{"@type":"WebPage","@id":"https:\/\/orangered-bear-652802.hostingersite.com\/product\/carport\/","url":"https:\/\/orangered-bear-652802.hostingersite.com\/product\/carport\/","name":"SANWAY Heavy Duty Carport with Removable Sidewalls & Doors, Portable Garage with Roll-up Ventilated Windows -","isPartOf":{"@id":"https:\/\/orangered-bear-652802.hostingersite.com\/#website"},"primaryImageOfPage":{"@id":"https:\/\/orangered-bear-652802.hostingersite.com\/product\/carport\/#primaryimage"},"image":{"@id":"https:\/\/orangered-bear-652802.hostingersite.com\/product\/carport\/#primaryimage"},"thumbnailUrl":"https:\/\/alientory.com\/wp-content\/uploads\/2024\/04\/\u4e3b\u56fe.jpg","datePublished":"2024-04-11T06:06:14+00:00","dateModified":"2024-11-28T02:50:25+00:00","description":"Heavy Duty Carport may be a wise choice for you to protect your vehicle, which can help anti-rain, anti-sun, anti-wind, anti-dirty.","breadcrumb":{"@id":"https:\/\/orangered-bear-652802.hostingersite.com\/product\/carport\/#breadcrumb"},"inLanguage":"fr-FR","potentialAction":[{"@type":"ReadAction","target":["https:\/\/orangered-bear-652802.hostingersite.com\/product\/carport\/"]}]},{"@type":"ImageObject","inLanguage":"fr-FR","@id":"https:\/\/orangered-bear-652802.hostingersite.com\/product\/carport\/#primaryimage","url":"https:\/\/alientory.com\/wp-content\/uploads\/2024\/04\/\u4e3b\u56fe.jpg","contentUrl":"https:\/\/alientory.com\/wp-content\/uploads\/2024\/04\/\u4e3b\u56fe.jpg","width":1500,"height":1500},{"@type":"BreadcrumbList","@id":"https:\/\/orangered-bear-652802.hostingersite.com\/product\/carport\/#breadcrumb","itemListElement":[{"@type":"ListItem","position":1,"name":"Home","item":"https:\/\/orangered-bear-652802.hostingersite.com\/"},{"@type":"ListItem","position":2,"name":"Shop","item":"https:\/\/orangered-bear-652802.hostingersite.com\/shop\/"},{"@type":"ListItem","position":3,"name":"SANWAY Heavy Duty Carport with Removable Sidewalls &#038; Doors, Portable Garage with Roll-up Ventilated Windows"}]},{"@type":"WebSite","@id":"https:\/\/orangered-bear-652802.hostingersite.com\/#website","url":"https:\/\/orangered-bear-652802.hostingersite.com\/","name":"Haulkim","description":"","publisher":{"@id":"https:\/\/orangered-bear-652802.hostingersite.com\/#organization"},"potentialAction":[{"@type":"SearchAction","target":{"@type":"EntryPoint","urlTemplate":"https:\/\/orangered-bear-652802.hostingersite.com\/?s={search_term_string}"},"query-input":{"@type":"PropertyValueSpecification","valueRequired":true,"valueName":"search_term_string"}}],"inLanguage":"fr-FR"},{"@type":"Organization","@id":"https:\/\/orangered-bear-652802.hostingersite.com\/#organization","name":"Haulkim","url":"https:\/\/orangered-bear-652802.hostingersite.com\/","logo":{"@type":"ImageObject","inLanguage":"fr-FR","@id":"https:\/\/orangered-bear-652802.hostingersite.com\/#\/schema\/logo\/image\/","url":"https:\/\/alientory.com\/wp-content\/uploads\/2024\/03\/cropped-\u02ee\u04e1_\u04b3-2.png","contentUrl":"https:\/\/alientory.com\/wp-content\/uploads\/2024\/03\/cropped-\u02ee\u04e1_\u04b3-2.png","width":979,"height":1160,"caption":"Haulkim"},"image":{"@id":"https:\/\/orangered-bear-652802.hostingersite.com\/#\/schema\/logo\/image\/"}}]}},"_links":{"self":[{"href":"https:\/\/alientory.com\/fr\/wp-json\/wp\/v2\/product\/7289","targetHints":{"allow":["GET"]}}],"collection":[{"href":"https:\/\/alientory.com\/fr\/wp-json\/wp\/v2\/product"}],"about":[{"href":"https:\/\/alientory.com\/fr\/wp-json\/wp\/v2\/types\/product"}],"replies":[{"embeddable":true,"href":"https:\/\/alientory.com\/fr\/wp-json\/wp\/v2\/comments?post=7289"}],"wp:featuredmedia":[{"embeddable":true,"href":"https:\/\/alientory.com\/fr\/wp-json\/wp\/v2\/media\/7585"}],"wp:attachment":[{"href":"https:\/\/alientory.com\/fr\/wp-json\/wp\/v2\/media?parent=7289"}],"wp:term":[{"taxonomy":"product_cat","embeddable":true,"href":"https:\/\/alientory.com\/fr\/wp-json\/wp\/v2\/product_cat?post=7289"},{"taxonomy":"product_tag","embeddable":true,"href":"https:\/\/alientory.com\/fr\/wp-json\/wp\/v2\/product_tag?post=7289"}],"curies":[{"name":"wp","href":"https:\/\/api.w.org\/{rel}","templated":true}]}}