{"id":7642,"date":"2025-01-14T09:55:22","date_gmt":"2025-01-14T09:55:22","guid":{"rendered":"https:\/\/alientory.com\/?post_type=product&#038;p=7642"},"modified":"2025-04-15T01:35:27","modified_gmt":"2025-04-15T01:35:27","slug":"carport-accessories-pay-for-shipping-cost-links","status":"publish","type":"product","link":"https:\/\/alientory.com\/fr\/produit\/carport-accessories-pay-for-shipping-cost-links\/","title":{"rendered":"Les accessoires de carport prennent en charge les frais d'exp\u00e9dition."},"content":{"rendered":"<div class=\"\" data-block=\"true\" data-editor=\"bv9fm\" data-offset-key=\"bj8io-0-0\">\n<div class=\"public-DraftStyleDefault-block public-DraftStyleDefault-ltr\" data-offset-key=\"bj8io-0-0\"><span data-offset-key=\"bj8io-0-0\">En tant que fabricant d'origine de produits pour tentes, SANWAY s'engage \u00e0 d\u00e9velopper et \u00e0 poursuivre des solutions d'approvisionnement uniques tout en vous fournissant les produits les plus rentables. <\/span><span style=\"font-size: 16px;\" data-offset-key=\"6gq5t-0-0\">Adh\u00e9rant au concept d'excellence et d'orientation vers les personnes, nous nous engageons \u00e0 vous fournir des produits de haute qualit\u00e9 et un bon service.<\/span><span style=\"font-size: 16px;\"><span style=\"font-size: 16px;\">Nous promouvons un mode de vie durable et respectueux de la nature. Partageons une vie meilleure !<br \/>\n<\/span><\/span><span style=\"font-size: 16px;\"><img fetchpriority=\"high\" decoding=\"async\" class=\"alignnone size-full wp-image-7090\" src=\"https:\/\/alientory.com\/wp-content\/uploads\/2024\/03\/1920x652.jpg\" alt=\"\" width=\"1920\" height=\"652\" srcset=\"https:\/\/alientory.com\/wp-content\/uploads\/2024\/03\/1920x652.jpg 1920w, https:\/\/alientory.com\/wp-content\/uploads\/2024\/03\/1920x652-300x102.jpg 300w, https:\/\/alientory.com\/wp-content\/uploads\/2024\/03\/1920x652-1024x348.jpg 1024w, https:\/\/alientory.com\/wp-content\/uploads\/2024\/03\/1920x652-768x261.jpg 768w, https:\/\/alientory.com\/wp-content\/uploads\/2024\/03\/1920x652-1536x522.jpg 1536w, https:\/\/alientory.com\/wp-content\/uploads\/2024\/03\/1920x652-18x6.jpg 18w, https:\/\/alientory.com\/wp-content\/uploads\/2024\/03\/1920x652-600x204.jpg 600w\" sizes=\"(max-width: 1920px) 100vw, 1920px\" \/><\/span><\/div>\n<\/div>\n<div class=\"\" data-block=\"true\" data-editor=\"bv9fm\" data-offset-key=\"6gq5t-0-0\">\n<div data-offset-key=\"6gq5t-0-0\"><\/div>\n<div class=\"public-DraftStyleDefault-block public-DraftStyleDefault-ltr\" data-offset-key=\"6gq5t-0-0\"><span style=\"font-size: 16px;\"><img decoding=\"async\" class=\"alignnone size-full wp-image-7164\" src=\"https:\/\/alientory.com\/wp-content\/uploads\/2024\/03\/321654.jpg\" alt=\"\" width=\"1920\" height=\"652\" srcset=\"https:\/\/alientory.com\/wp-content\/uploads\/2024\/03\/321654.jpg 1920w, https:\/\/alientory.com\/wp-content\/uploads\/2024\/03\/321654-300x102.jpg 300w, https:\/\/alientory.com\/wp-content\/uploads\/2024\/03\/321654-1024x348.jpg 1024w, https:\/\/alientory.com\/wp-content\/uploads\/2024\/03\/321654-768x261.jpg 768w, https:\/\/alientory.com\/wp-content\/uploads\/2024\/03\/321654-1536x522.jpg 1536w, https:\/\/alientory.com\/wp-content\/uploads\/2024\/03\/321654-18x6.jpg 18w, https:\/\/alientory.com\/wp-content\/uploads\/2024\/03\/321654-600x204.jpg 600w\" sizes=\"(max-width: 1920px) 100vw, 1920px\" \/><\/span><\/div>\n<div data-offset-key=\"6gq5t-0-0\"><\/div>\n<div class=\"public-DraftStyleDefault-block public-DraftStyleDefault-ltr\" data-offset-key=\"6gq5t-0-0\"><img decoding=\"async\" class=\"alignnone size-full wp-image-7074\" src=\"https:\/\/alientory.com\/wp-content\/uploads\/2024\/03\/202208111527549338f7.jpg\" alt=\"\" width=\"1920\" height=\"652\" srcset=\"https:\/\/alientory.com\/wp-content\/uploads\/2024\/03\/202208111527549338f7.jpg 1920w, https:\/\/alientory.com\/wp-content\/uploads\/2024\/03\/202208111527549338f7-300x102.jpg 300w, https:\/\/alientory.com\/wp-content\/uploads\/2024\/03\/202208111527549338f7-1024x348.jpg 1024w, https:\/\/alientory.com\/wp-content\/uploads\/2024\/03\/202208111527549338f7-768x261.jpg 768w, https:\/\/alientory.com\/wp-content\/uploads\/2024\/03\/202208111527549338f7-1536x522.jpg 1536w, https:\/\/alientory.com\/wp-content\/uploads\/2024\/03\/202208111527549338f7-18x6.jpg 18w, https:\/\/alientory.com\/wp-content\/uploads\/2024\/03\/202208111527549338f7-600x204.jpg 600w\" sizes=\"(max-width: 1920px) 100vw, 1920px\" \/><\/div>\n<\/div>\n<div data-offset-key=\"6gq5t-0-0\"><img loading=\"lazy\" decoding=\"async\" class=\"alignnone wp-image-7645\" src=\"https:\/\/alientory.com\/wp-content\/uploads\/2025\/01\/A8.jpg\" alt=\"\" width=\"1464\" height=\"906\" srcset=\"https:\/\/alientory.com\/wp-content\/uploads\/2025\/01\/A8.jpg 970w, https:\/\/alientory.com\/wp-content\/uploads\/2025\/01\/A8-300x186.jpg 300w, https:\/\/alientory.com\/wp-content\/uploads\/2025\/01\/A8-768x475.jpg 768w, https:\/\/alientory.com\/wp-content\/uploads\/2025\/01\/A8-18x12.jpg 18w, https:\/\/alientory.com\/wp-content\/uploads\/2025\/01\/A8-600x371.jpg 600w\" sizes=\"(max-width: 1464px) 100vw, 1464px\" \/><\/div>\n<div data-offset-key=\"6gq5t-0-0\"><\/div>\n<div data-offset-key=\"6gq5t-0-0\">\n<p><img loading=\"lazy\" decoding=\"async\" class=\"alignnone size-full wp-image-7174\" src=\"https:\/\/alientory.com\/wp-content\/uploads\/2024\/03\/\u4e16\u754c\u5730\u56fe\u7b2c\u4e8c\u7248.png\" alt=\"\" width=\"4500\" height=\"2592\" srcset=\"https:\/\/alientory.com\/wp-content\/uploads\/2024\/03\/\u4e16\u754c\u5730\u56fe\u7b2c\u4e8c\u7248.png 4500w, https:\/\/alientory.com\/wp-content\/uploads\/2024\/03\/\u4e16\u754c\u5730\u56fe\u7b2c\u4e8c\u7248-300x173.png 300w, https:\/\/alientory.com\/wp-content\/uploads\/2024\/03\/\u4e16\u754c\u5730\u56fe\u7b2c\u4e8c\u7248-1024x590.png 1024w, https:\/\/alientory.com\/wp-content\/uploads\/2024\/03\/\u4e16\u754c\u5730\u56fe\u7b2c\u4e8c\u7248-768x442.png 768w, https:\/\/alientory.com\/wp-content\/uploads\/2024\/03\/\u4e16\u754c\u5730\u56fe\u7b2c\u4e8c\u7248-1536x885.png 1536w, https:\/\/alientory.com\/wp-content\/uploads\/2024\/03\/\u4e16\u754c\u5730\u56fe\u7b2c\u4e8c\u7248-2048x1180.png 2048w, https:\/\/alientory.com\/wp-content\/uploads\/2024\/03\/\u4e16\u754c\u5730\u56fe\u7b2c\u4e8c\u7248-18x10.png 18w, https:\/\/alientory.com\/wp-content\/uploads\/2024\/03\/\u4e16\u754c\u5730\u56fe\u7b2c\u4e8c\u7248-600x346.png 600w\" sizes=\"(max-width: 4500px) 100vw, 4500px\" \/><\/p>\n<\/div>","protected":false},"excerpt":{"rendered":"<p>As the original manufacturer of tent products, SANWAY is committed to developing and pursuing one-stop supply solutions while providing you with the most cost-effective products. Adhering to the concept of excellence and people-oriented, we are committed to providing high quality products and good service for you.We promote a nature-friend and sustainable lifestyle. Let&#8217;s share a [&hellip;]<\/p>","protected":false},"featured_media":7585,"comment_status":"closed","ping_status":"closed","template":"","meta":{"site-sidebar-layout":"default","site-content-layout":"","ast-site-content-layout":"default","site-content-style":"default","site-sidebar-style":"default","ast-global-header-display":"","ast-banner-title-visibility":"","ast-main-header-display":"","ast-hfb-above-header-display":"","ast-hfb-below-header-display":"","ast-hfb-mobile-header-display":"","site-post-title":"","ast-breadcrumbs-content":"","ast-featured-img":"","footer-sml-layout":"","theme-transparent-header-meta":"default","adv-header-id-meta":"","stick-header-meta":"","header-above-stick-meta":"","header-main-stick-meta":"","header-below-stick-meta":"","astra-migrate-meta-layouts":"set","ast-page-background-enabled":"default","ast-page-background-meta":{"desktop":{"background-color":"","background-image":"","background-repeat":"repeat","background-position":"center center","background-size":"auto","background-attachment":"scroll","background-type":"","background-media":"","overlay-type":"","overlay-color":"","overlay-opacity":"","overlay-gradient":""},"tablet":{"background-color":"","background-image":"","background-repeat":"repeat","background-position":"center center","background-size":"auto","background-attachment":"scroll","background-type":"","background-media":"","overlay-type":"","overlay-color":"","overlay-opacity":"","overlay-gradient":""},"mobile":{"background-color":"","background-image":"","background-repeat":"repeat","background-position":"center center","background-size":"auto","background-attachment":"scroll","background-type":"","background-media":"","overlay-type":"","overlay-color":"","overlay-opacity":"","overlay-gradient":""}},"ast-content-background-meta":{"desktop":{"background-color":"var(--ast-global-color-5)","background-image":"","background-repeat":"repeat","background-position":"center center","background-size":"auto","background-attachment":"scroll","background-type":"","background-media":"","overlay-type":"","overlay-color":"","overlay-opacity":"","overlay-gradient":""},"tablet":{"background-color":"var(--ast-global-color-5)","background-image":"","background-repeat":"repeat","background-position":"center center","background-size":"auto","background-attachment":"scroll","background-type":"","background-media":"","overlay-type":"","overlay-color":"","overlay-opacity":"","overlay-gradient":""},"mobile":{"background-color":"var(--ast-global-color-5)","background-image":"","background-repeat":"repeat","background-position":"center center","background-size":"auto","background-attachment":"scroll","background-type":"","background-media":"","overlay-type":"","overlay-color":"","overlay-opacity":"","overlay-gradient":""}}},"product_cat":[16],"product_tag":[],"class_list":{"0":"post-7642","1":"product","2":"type-product","3":"status-publish","4":"has-post-thumbnail","6":"product_cat-uncategorized","7":"desktop-align-center","8":"tablet-align-center","9":"mobile-align-center","11":"first","12":"instock","13":"taxable","14":"shipping-taxable","15":"purchasable","16":"product-type-simple"},"yoast_head":"<!-- This site is optimized with the Yoast SEO plugin v24.4 - https:\/\/yoast.com\/wordpress\/plugins\/seo\/ -->\n<title>Carport Accessories pay for shipping cost links -<\/title>\n<meta name=\"robots\" content=\"index, follow, max-snippet:-1, max-image-preview:large, max-video-preview:-1\" \/>\n<link rel=\"canonical\" href=\"https:\/\/orangered-bear-652802.hostingersite.com\/product\/carport-accessories-pay-for-shipping-cost-links\/\" \/>\n<meta property=\"og:locale\" content=\"fr_FR\" \/>\n<meta property=\"og:type\" content=\"article\" \/>\n<meta property=\"og:title\" content=\"Carport Accessories pay for shipping cost links -\" \/>\n<meta property=\"og:description\" content=\"As the original manufacturer of tent products, SANWAY is committed to developing and pursuing one-stop supply solutions while providing you with the most cost-effective products. Adhering to the concept of excellence and people-oriented, we are committed to providing high quality products and good service for you.We promote a nature-friend and sustainable lifestyle. Let&#8217;s share a [&hellip;]\" \/>\n<meta property=\"og:url\" content=\"https:\/\/orangered-bear-652802.hostingersite.com\/product\/carport-accessories-pay-for-shipping-cost-links\/\" \/>\n<meta property=\"article:modified_time\" content=\"2025-04-15T01:35:27+00:00\" \/>\n<meta property=\"og:image\" content=\"https:\/\/orangered-bear-652802.hostingersite.com\/wp-content\/uploads\/2024\/04\/\u4e3b\u56fe.jpg\" \/>\n\t<meta property=\"og:image:width\" content=\"1500\" \/>\n\t<meta property=\"og:image:height\" content=\"1500\" \/>\n\t<meta property=\"og:image:type\" content=\"image\/jpeg\" \/>\n<meta name=\"twitter:card\" content=\"summary_large_image\" \/>\n<meta name=\"twitter:label1\" content=\"Dur\u00e9e de lecture estim\u00e9e\" \/>\n\t<meta name=\"twitter:data1\" content=\"2 minutes\" \/>\n<script type=\"application\/ld+json\" class=\"yoast-schema-graph\">{\"@context\":\"https:\/\/schema.org\",\"@graph\":[{\"@type\":\"WebPage\",\"@id\":\"https:\/\/orangered-bear-652802.hostingersite.com\/product\/carport-accessories-pay-for-shipping-cost-links\/\",\"url\":\"https:\/\/orangered-bear-652802.hostingersite.com\/product\/carport-accessories-pay-for-shipping-cost-links\/\",\"name\":\"Carport Accessories pay for shipping cost links -\",\"isPartOf\":{\"@id\":\"https:\/\/orangered-bear-652802.hostingersite.com\/#website\"},\"primaryImageOfPage\":{\"@id\":\"https:\/\/orangered-bear-652802.hostingersite.com\/product\/carport-accessories-pay-for-shipping-cost-links\/#primaryimage\"},\"image\":{\"@id\":\"https:\/\/orangered-bear-652802.hostingersite.com\/product\/carport-accessories-pay-for-shipping-cost-links\/#primaryimage\"},\"thumbnailUrl\":\"https:\/\/alientory.com\/wp-content\/uploads\/2024\/04\/\u4e3b\u56fe.jpg\",\"datePublished\":\"2025-01-14T09:55:22+00:00\",\"dateModified\":\"2025-04-15T01:35:27+00:00\",\"breadcrumb\":{\"@id\":\"https:\/\/orangered-bear-652802.hostingersite.com\/product\/carport-accessories-pay-for-shipping-cost-links\/#breadcrumb\"},\"inLanguage\":\"fr-FR\",\"potentialAction\":[{\"@type\":\"ReadAction\",\"target\":[\"https:\/\/orangered-bear-652802.hostingersite.com\/product\/carport-accessories-pay-for-shipping-cost-links\/\"]}]},{\"@type\":\"ImageObject\",\"inLanguage\":\"fr-FR\",\"@id\":\"https:\/\/orangered-bear-652802.hostingersite.com\/product\/carport-accessories-pay-for-shipping-cost-links\/#primaryimage\",\"url\":\"https:\/\/alientory.com\/wp-content\/uploads\/2024\/04\/\u4e3b\u56fe.jpg\",\"contentUrl\":\"https:\/\/alientory.com\/wp-content\/uploads\/2024\/04\/\u4e3b\u56fe.jpg\",\"width\":1500,\"height\":1500},{\"@type\":\"BreadcrumbList\",\"@id\":\"https:\/\/orangered-bear-652802.hostingersite.com\/product\/carport-accessories-pay-for-shipping-cost-links\/#breadcrumb\",\"itemListElement\":[{\"@type\":\"ListItem\",\"position\":1,\"name\":\"Home\",\"item\":\"https:\/\/orangered-bear-652802.hostingersite.com\/\"},{\"@type\":\"ListItem\",\"position\":2,\"name\":\"Shop\",\"item\":\"https:\/\/orangered-bear-652802.hostingersite.com\/shop\/\"},{\"@type\":\"ListItem\",\"position\":3,\"name\":\"Carport Accessories pay for shipping cost links\"}]},{\"@type\":\"WebSite\",\"@id\":\"https:\/\/orangered-bear-652802.hostingersite.com\/#website\",\"url\":\"https:\/\/orangered-bear-652802.hostingersite.com\/\",\"name\":\"Haulkim\",\"description\":\"\",\"publisher\":{\"@id\":\"https:\/\/orangered-bear-652802.hostingersite.com\/#organization\"},\"potentialAction\":[{\"@type\":\"SearchAction\",\"target\":{\"@type\":\"EntryPoint\",\"urlTemplate\":\"https:\/\/orangered-bear-652802.hostingersite.com\/?s={search_term_string}\"},\"query-input\":{\"@type\":\"PropertyValueSpecification\",\"valueRequired\":true,\"valueName\":\"search_term_string\"}}],\"inLanguage\":\"fr-FR\"},{\"@type\":\"Organization\",\"@id\":\"https:\/\/orangered-bear-652802.hostingersite.com\/#organization\",\"name\":\"Haulkim\",\"url\":\"https:\/\/orangered-bear-652802.hostingersite.com\/\",\"logo\":{\"@type\":\"ImageObject\",\"inLanguage\":\"fr-FR\",\"@id\":\"https:\/\/orangered-bear-652802.hostingersite.com\/#\/schema\/logo\/image\/\",\"url\":\"https:\/\/alientory.com\/wp-content\/uploads\/2024\/03\/cropped-\u02ee\u04e1_\u04b3-2.png\",\"contentUrl\":\"https:\/\/alientory.com\/wp-content\/uploads\/2024\/03\/cropped-\u02ee\u04e1_\u04b3-2.png\",\"width\":979,\"height\":1160,\"caption\":\"Haulkim\"},\"image\":{\"@id\":\"https:\/\/orangered-bear-652802.hostingersite.com\/#\/schema\/logo\/image\/\"}}]}<\/script>\n<!-- \/ Yoast SEO plugin. -->","yoast_head_json":{"title":"Carport Accessories pay for shipping cost links -","robots":{"index":"index","follow":"follow","max-snippet":"max-snippet:-1","max-image-preview":"max-image-preview:large","max-video-preview":"max-video-preview:-1"},"canonical":"https:\/\/orangered-bear-652802.hostingersite.com\/product\/carport-accessories-pay-for-shipping-cost-links\/","og_locale":"fr_FR","og_type":"article","og_title":"Carport Accessories pay for shipping cost links -","og_description":"As the original manufacturer of tent products, SANWAY is committed to developing and pursuing one-stop supply solutions while providing you with the most cost-effective products. Adhering to the concept of excellence and people-oriented, we are committed to providing high quality products and good service for you.We promote a nature-friend and sustainable lifestyle. Let&#8217;s share a [&hellip;]","og_url":"https:\/\/orangered-bear-652802.hostingersite.com\/product\/carport-accessories-pay-for-shipping-cost-links\/","article_modified_time":"2025-04-15T01:35:27+00:00","og_image":[{"width":1500,"height":1500,"url":"https:\/\/orangered-bear-652802.hostingersite.com\/wp-content\/uploads\/2024\/04\/\u4e3b\u56fe.jpg","type":"image\/jpeg"}],"twitter_card":"summary_large_image","twitter_misc":{"Dur\u00e9e de lecture estim\u00e9e":"2 minutes"},"schema":{"@context":"https:\/\/schema.org","@graph":[{"@type":"WebPage","@id":"https:\/\/orangered-bear-652802.hostingersite.com\/product\/carport-accessories-pay-for-shipping-cost-links\/","url":"https:\/\/orangered-bear-652802.hostingersite.com\/product\/carport-accessories-pay-for-shipping-cost-links\/","name":"Carport Accessories pay for shipping cost links -","isPartOf":{"@id":"https:\/\/orangered-bear-652802.hostingersite.com\/#website"},"primaryImageOfPage":{"@id":"https:\/\/orangered-bear-652802.hostingersite.com\/product\/carport-accessories-pay-for-shipping-cost-links\/#primaryimage"},"image":{"@id":"https:\/\/orangered-bear-652802.hostingersite.com\/product\/carport-accessories-pay-for-shipping-cost-links\/#primaryimage"},"thumbnailUrl":"https:\/\/alientory.com\/wp-content\/uploads\/2024\/04\/\u4e3b\u56fe.jpg","datePublished":"2025-01-14T09:55:22+00:00","dateModified":"2025-04-15T01:35:27+00:00","breadcrumb":{"@id":"https:\/\/orangered-bear-652802.hostingersite.com\/product\/carport-accessories-pay-for-shipping-cost-links\/#breadcrumb"},"inLanguage":"fr-FR","potentialAction":[{"@type":"ReadAction","target":["https:\/\/orangered-bear-652802.hostingersite.com\/product\/carport-accessories-pay-for-shipping-cost-links\/"]}]},{"@type":"ImageObject","inLanguage":"fr-FR","@id":"https:\/\/orangered-bear-652802.hostingersite.com\/product\/carport-accessories-pay-for-shipping-cost-links\/#primaryimage","url":"https:\/\/alientory.com\/wp-content\/uploads\/2024\/04\/\u4e3b\u56fe.jpg","contentUrl":"https:\/\/alientory.com\/wp-content\/uploads\/2024\/04\/\u4e3b\u56fe.jpg","width":1500,"height":1500},{"@type":"BreadcrumbList","@id":"https:\/\/orangered-bear-652802.hostingersite.com\/product\/carport-accessories-pay-for-shipping-cost-links\/#breadcrumb","itemListElement":[{"@type":"ListItem","position":1,"name":"Home","item":"https:\/\/orangered-bear-652802.hostingersite.com\/"},{"@type":"ListItem","position":2,"name":"Shop","item":"https:\/\/orangered-bear-652802.hostingersite.com\/shop\/"},{"@type":"ListItem","position":3,"name":"Carport Accessories pay for shipping cost links"}]},{"@type":"WebSite","@id":"https:\/\/orangered-bear-652802.hostingersite.com\/#website","url":"https:\/\/orangered-bear-652802.hostingersite.com\/","name":"Haulkim","description":"","publisher":{"@id":"https:\/\/orangered-bear-652802.hostingersite.com\/#organization"},"potentialAction":[{"@type":"SearchAction","target":{"@type":"EntryPoint","urlTemplate":"https:\/\/orangered-bear-652802.hostingersite.com\/?s={search_term_string}"},"query-input":{"@type":"PropertyValueSpecification","valueRequired":true,"valueName":"search_term_string"}}],"inLanguage":"fr-FR"},{"@type":"Organization","@id":"https:\/\/orangered-bear-652802.hostingersite.com\/#organization","name":"Haulkim","url":"https:\/\/orangered-bear-652802.hostingersite.com\/","logo":{"@type":"ImageObject","inLanguage":"fr-FR","@id":"https:\/\/orangered-bear-652802.hostingersite.com\/#\/schema\/logo\/image\/","url":"https:\/\/alientory.com\/wp-content\/uploads\/2024\/03\/cropped-\u02ee\u04e1_\u04b3-2.png","contentUrl":"https:\/\/alientory.com\/wp-content\/uploads\/2024\/03\/cropped-\u02ee\u04e1_\u04b3-2.png","width":979,"height":1160,"caption":"Haulkim"},"image":{"@id":"https:\/\/orangered-bear-652802.hostingersite.com\/#\/schema\/logo\/image\/"}}]}},"_links":{"self":[{"href":"https:\/\/alientory.com\/fr\/wp-json\/wp\/v2\/product\/7642","targetHints":{"allow":["GET"]}}],"collection":[{"href":"https:\/\/alientory.com\/fr\/wp-json\/wp\/v2\/product"}],"about":[{"href":"https:\/\/alientory.com\/fr\/wp-json\/wp\/v2\/types\/product"}],"replies":[{"embeddable":true,"href":"https:\/\/alientory.com\/fr\/wp-json\/wp\/v2\/comments?post=7642"}],"wp:featuredmedia":[{"embeddable":true,"href":"https:\/\/alientory.com\/fr\/wp-json\/wp\/v2\/media\/7585"}],"wp:attachment":[{"href":"https:\/\/alientory.com\/fr\/wp-json\/wp\/v2\/media?parent=7642"}],"wp:term":[{"taxonomy":"product_cat","embeddable":true,"href":"https:\/\/alientory.com\/fr\/wp-json\/wp\/v2\/product_cat?post=7642"},{"taxonomy":"product_tag","embeddable":true,"href":"https:\/\/alientory.com\/fr\/wp-json\/wp\/v2\/product_tag?post=7642"}],"curies":[{"name":"wp","href":"https:\/\/api.w.org\/{rel}","templated":true}]}}