{"id":7797,"date":"2025-07-08T10:24:11","date_gmt":"2025-07-08T10:24:11","guid":{"rendered":"https:\/\/alientory.com\/?post_type=product&#038;p=7797"},"modified":"2025-07-08T11:04:32","modified_gmt":"2025-07-08T11:04:32","slug":"4-6-8-pack-sanway-sand-bags-for-canopy-weights-unfilled-sand-bags-for-canopy-legs-sandbags-for-pop-up-canopy-portable-and-durable-to-secure-tents-canopies-and-umbrellas-at-outdoor-events","status":"publish","type":"product","link":"https:\/\/alientory.com\/fr\/produit\/4-6-8-pack-sanway-sand-bags-for-canopy-weights-unfilled-sand-bags-for-canopy-legs-sandbags-for-pop-up-canopy-portable-and-durable-to-secure-tents-canopies-and-umbrellas-at-outdoor-events\/","title":{"rendered":"4\/6\/8 Pack SANWAY Sand Bags for Canopy Weights &#8211; (Unfilled) Sand Bags for Canopy Legs-Sandbags for Pop up Canopy-Portable and Durable to Secure Tents, Canopies, and Umbrellas at Outdoor Events"},"content":{"rendered":"<p>S\u00e9curisez votre auvent avec ces sacs de sable robustes. Ce lot de 4 sacs est con\u00e7u pour fournir un ancrage fiable \u00e0 votre auvent ou \u00e0 votre tente d'ext\u00e9rieur. Fabriqu\u00e9s dans un mat\u00e9riau durable et r\u00e9sistant aux intemp\u00e9ries, ces sacs de sable peuvent r\u00e9sister aux \u00e9l\u00e9ments tout en maintenant votre installation fermement en place. Remplissez-les facilement de sable ou de gravier et utilisez les poign\u00e9es renforc\u00e9es pour les transporter et les positionner facilement. Gr\u00e2ce \u00e0 leur couleur noire \u00e9l\u00e9gante, ces sacs de sable s'int\u00e8grent parfaitement \u00e0 toute installation ext\u00e9rieure. Assurez la stabilit\u00e9 et la tranquillit\u00e9 d'esprit lors de votre prochain \u00e9v\u00e9nement ou rassemblement en plein air gr\u00e2ce \u00e0 cet ensemble de sacs de sable essentiel.<\/p>","protected":false},"excerpt":{"rendered":"<p>Secure your canopy with these sturdy sand bags. This set of 4 bags is designed to provide reliable anchoring for your outdoor canopy or tent. Crafted from durable, weather-resistant material, these sand bags can withstand the elements while keeping your setup firmly in place. Easily fill them with sand or gravel, and utilize the reinforced [&hellip;]<\/p>","protected":false},"featured_media":7820,"comment_status":"closed","ping_status":"closed","template":"","meta":{"site-sidebar-layout":"default","site-content-layout":"","ast-site-content-layout":"default","site-content-style":"default","site-sidebar-style":"default","ast-global-header-display":"","ast-banner-title-visibility":"","ast-main-header-display":"","ast-hfb-above-header-display":"","ast-hfb-below-header-display":"","ast-hfb-mobile-header-display":"","site-post-title":"","ast-breadcrumbs-content":"","ast-featured-img":"","footer-sml-layout":"","theme-transparent-header-meta":"default","adv-header-id-meta":"","stick-header-meta":"","header-above-stick-meta":"","header-main-stick-meta":"","header-below-stick-meta":"","astra-migrate-meta-layouts":"set","ast-page-background-enabled":"default","ast-page-background-meta":{"desktop":{"background-color":"","background-image":"","background-repeat":"repeat","background-position":"center center","background-size":"auto","background-attachment":"scroll","background-type":"","background-media":"","overlay-type":"","overlay-color":"","overlay-opacity":"","overlay-gradient":""},"tablet":{"background-color":"","background-image":"","background-repeat":"repeat","background-position":"center center","background-size":"auto","background-attachment":"scroll","background-type":"","background-media":"","overlay-type":"","overlay-color":"","overlay-opacity":"","overlay-gradient":""},"mobile":{"background-color":"","background-image":"","background-repeat":"repeat","background-position":"center center","background-size":"auto","background-attachment":"scroll","background-type":"","background-media":"","overlay-type":"","overlay-color":"","overlay-opacity":"","overlay-gradient":""}},"ast-content-background-meta":{"desktop":{"background-color":"var(--ast-global-color-5)","background-image":"","background-repeat":"repeat","background-position":"center center","background-size":"auto","background-attachment":"scroll","background-type":"","background-media":"","overlay-type":"","overlay-color":"","overlay-opacity":"","overlay-gradient":""},"tablet":{"background-color":"var(--ast-global-color-5)","background-image":"","background-repeat":"repeat","background-position":"center center","background-size":"auto","background-attachment":"scroll","background-type":"","background-media":"","overlay-type":"","overlay-color":"","overlay-opacity":"","overlay-gradient":""},"mobile":{"background-color":"var(--ast-global-color-5)","background-image":"","background-repeat":"repeat","background-position":"center center","background-size":"auto","background-attachment":"scroll","background-type":"","background-media":"","overlay-type":"","overlay-color":"","overlay-opacity":"","overlay-gradient":""}}},"product_cat":[99,104,16],"product_tag":[],"class_list":{"0":"post-7797","1":"product","2":"type-product","3":"status-publish","4":"has-post-thumbnail","6":"product_cat-carport-side-wall","7":"product_cat-sand-bag","8":"product_cat-uncategorized","9":"desktop-align-center","10":"tablet-align-center","11":"mobile-align-center","13":"first","14":"instock","15":"taxable","16":"shipping-taxable","17":"purchasable","18":"product-type-variable"},"yoast_head":"<!-- This site is optimized with the Yoast SEO plugin v24.4 - https:\/\/yoast.com\/wordpress\/plugins\/seo\/ -->\n<title>4\/6\/8 Pack SANWAY Sand Bags for Canopy Weights - (Unfilled) Sand Bags for Canopy Legs-Sandbags for Pop up Canopy-Portable and Durable to Secure Tents, Canopies, and Umbrellas at Outdoor Events -<\/title>\n<meta name=\"robots\" content=\"index, follow, max-snippet:-1, max-image-preview:large, max-video-preview:-1\" \/>\n<link rel=\"canonical\" href=\"https:\/\/orangered-bear-652802.hostingersite.com\/product\/4-6-8-pack-sanway-sand-bags-for-canopy-weights-unfilled-sand-bags-for-canopy-legs-sandbags-for-pop-up-canopy-portable-and-durable-to-secure-tents-canopies-and-umbrellas-at-outdoor-events\/\" \/>\n<meta property=\"og:locale\" content=\"fr_FR\" \/>\n<meta property=\"og:type\" content=\"article\" \/>\n<meta property=\"og:title\" content=\"4\/6\/8 Pack SANWAY Sand Bags for Canopy Weights - (Unfilled) Sand Bags for Canopy Legs-Sandbags for Pop up Canopy-Portable and Durable to Secure Tents, Canopies, and Umbrellas at Outdoor Events -\" \/>\n<meta property=\"og:description\" content=\"Secure your canopy with these sturdy sand bags. This set of 4 bags is designed to provide reliable anchoring for your outdoor canopy or tent. Crafted from durable, weather-resistant material, these sand bags can withstand the elements while keeping your setup firmly in place. Easily fill them with sand or gravel, and utilize the reinforced [&hellip;]\" \/>\n<meta property=\"og:url\" content=\"https:\/\/orangered-bear-652802.hostingersite.com\/product\/4-6-8-pack-sanway-sand-bags-for-canopy-weights-unfilled-sand-bags-for-canopy-legs-sandbags-for-pop-up-canopy-portable-and-durable-to-secure-tents-canopies-and-umbrellas-at-outdoor-events\/\" \/>\n<meta property=\"article:modified_time\" content=\"2025-07-08T11:04:32+00:00\" \/>\n<meta property=\"og:image\" content=\"https:\/\/orangered-bear-652802.hostingersite.com\/wp-content\/uploads\/2025\/07\/1.jpg\" \/>\n\t<meta property=\"og:image:width\" content=\"1500\" \/>\n\t<meta property=\"og:image:height\" content=\"1500\" \/>\n\t<meta property=\"og:image:type\" content=\"image\/jpeg\" \/>\n<meta name=\"twitter:card\" content=\"summary_large_image\" \/>\n<meta name=\"twitter:label1\" content=\"Dur\u00e9e de lecture estim\u00e9e\" \/>\n\t<meta name=\"twitter:data1\" content=\"1 minute\" \/>\n<script type=\"application\/ld+json\" class=\"yoast-schema-graph\">{\"@context\":\"https:\/\/schema.org\",\"@graph\":[{\"@type\":\"WebPage\",\"@id\":\"https:\/\/orangered-bear-652802.hostingersite.com\/product\/4-6-8-pack-sanway-sand-bags-for-canopy-weights-unfilled-sand-bags-for-canopy-legs-sandbags-for-pop-up-canopy-portable-and-durable-to-secure-tents-canopies-and-umbrellas-at-outdoor-events\/\",\"url\":\"https:\/\/orangered-bear-652802.hostingersite.com\/product\/4-6-8-pack-sanway-sand-bags-for-canopy-weights-unfilled-sand-bags-for-canopy-legs-sandbags-for-pop-up-canopy-portable-and-durable-to-secure-tents-canopies-and-umbrellas-at-outdoor-events\/\",\"name\":\"4\/6\/8 Pack SANWAY Sand Bags for Canopy Weights - (Unfilled) Sand Bags for Canopy Legs-Sandbags for Pop up Canopy-Portable and Durable to Secure Tents, Canopies, and Umbrellas at Outdoor Events -\",\"isPartOf\":{\"@id\":\"https:\/\/orangered-bear-652802.hostingersite.com\/#website\"},\"primaryImageOfPage\":{\"@id\":\"https:\/\/orangered-bear-652802.hostingersite.com\/product\/4-6-8-pack-sanway-sand-bags-for-canopy-weights-unfilled-sand-bags-for-canopy-legs-sandbags-for-pop-up-canopy-portable-and-durable-to-secure-tents-canopies-and-umbrellas-at-outdoor-events\/#primaryimage\"},\"image\":{\"@id\":\"https:\/\/orangered-bear-652802.hostingersite.com\/product\/4-6-8-pack-sanway-sand-bags-for-canopy-weights-unfilled-sand-bags-for-canopy-legs-sandbags-for-pop-up-canopy-portable-and-durable-to-secure-tents-canopies-and-umbrellas-at-outdoor-events\/#primaryimage\"},\"thumbnailUrl\":\"https:\/\/alientory.com\/wp-content\/uploads\/2025\/07\/1.jpg\",\"datePublished\":\"2025-07-08T10:24:11+00:00\",\"dateModified\":\"2025-07-08T11:04:32+00:00\",\"breadcrumb\":{\"@id\":\"https:\/\/orangered-bear-652802.hostingersite.com\/product\/4-6-8-pack-sanway-sand-bags-for-canopy-weights-unfilled-sand-bags-for-canopy-legs-sandbags-for-pop-up-canopy-portable-and-durable-to-secure-tents-canopies-and-umbrellas-at-outdoor-events\/#breadcrumb\"},\"inLanguage\":\"fr-FR\",\"potentialAction\":[{\"@type\":\"ReadAction\",\"target\":[\"https:\/\/orangered-bear-652802.hostingersite.com\/product\/4-6-8-pack-sanway-sand-bags-for-canopy-weights-unfilled-sand-bags-for-canopy-legs-sandbags-for-pop-up-canopy-portable-and-durable-to-secure-tents-canopies-and-umbrellas-at-outdoor-events\/\"]}]},{\"@type\":\"ImageObject\",\"inLanguage\":\"fr-FR\",\"@id\":\"https:\/\/orangered-bear-652802.hostingersite.com\/product\/4-6-8-pack-sanway-sand-bags-for-canopy-weights-unfilled-sand-bags-for-canopy-legs-sandbags-for-pop-up-canopy-portable-and-durable-to-secure-tents-canopies-and-umbrellas-at-outdoor-events\/#primaryimage\",\"url\":\"https:\/\/alientory.com\/wp-content\/uploads\/2025\/07\/1.jpg\",\"contentUrl\":\"https:\/\/alientory.com\/wp-content\/uploads\/2025\/07\/1.jpg\",\"width\":1500,\"height\":1500},{\"@type\":\"BreadcrumbList\",\"@id\":\"https:\/\/orangered-bear-652802.hostingersite.com\/product\/4-6-8-pack-sanway-sand-bags-for-canopy-weights-unfilled-sand-bags-for-canopy-legs-sandbags-for-pop-up-canopy-portable-and-durable-to-secure-tents-canopies-and-umbrellas-at-outdoor-events\/#breadcrumb\",\"itemListElement\":[{\"@type\":\"ListItem\",\"position\":1,\"name\":\"Home\",\"item\":\"https:\/\/orangered-bear-652802.hostingersite.com\/\"},{\"@type\":\"ListItem\",\"position\":2,\"name\":\"Shop\",\"item\":\"https:\/\/orangered-bear-652802.hostingersite.com\/shop\/\"},{\"@type\":\"ListItem\",\"position\":3,\"name\":\"4\/6\/8 Pack SANWAY Sand Bags for Canopy Weights &#8211; (Unfilled) Sand Bags for Canopy Legs-Sandbags for Pop up Canopy-Portable and Durable to Secure Tents, Canopies, and Umbrellas at Outdoor Events\"}]},{\"@type\":\"WebSite\",\"@id\":\"https:\/\/orangered-bear-652802.hostingersite.com\/#website\",\"url\":\"https:\/\/orangered-bear-652802.hostingersite.com\/\",\"name\":\"Haulkim\",\"description\":\"\",\"publisher\":{\"@id\":\"https:\/\/orangered-bear-652802.hostingersite.com\/#organization\"},\"potentialAction\":[{\"@type\":\"SearchAction\",\"target\":{\"@type\":\"EntryPoint\",\"urlTemplate\":\"https:\/\/orangered-bear-652802.hostingersite.com\/?s={search_term_string}\"},\"query-input\":{\"@type\":\"PropertyValueSpecification\",\"valueRequired\":true,\"valueName\":\"search_term_string\"}}],\"inLanguage\":\"fr-FR\"},{\"@type\":\"Organization\",\"@id\":\"https:\/\/orangered-bear-652802.hostingersite.com\/#organization\",\"name\":\"Haulkim\",\"url\":\"https:\/\/orangered-bear-652802.hostingersite.com\/\",\"logo\":{\"@type\":\"ImageObject\",\"inLanguage\":\"fr-FR\",\"@id\":\"https:\/\/orangered-bear-652802.hostingersite.com\/#\/schema\/logo\/image\/\",\"url\":\"https:\/\/alientory.com\/wp-content\/uploads\/2024\/03\/cropped-\u02ee\u04e1_\u04b3-2.png\",\"contentUrl\":\"https:\/\/alientory.com\/wp-content\/uploads\/2024\/03\/cropped-\u02ee\u04e1_\u04b3-2.png\",\"width\":979,\"height\":1160,\"caption\":\"Haulkim\"},\"image\":{\"@id\":\"https:\/\/orangered-bear-652802.hostingersite.com\/#\/schema\/logo\/image\/\"}}]}<\/script>\n<!-- \/ Yoast SEO plugin. -->","yoast_head_json":{"title":"4\/6\/8 Pack SANWAY Sand Bags for Canopy Weights - (Unfilled) Sand Bags for Canopy Legs-Sandbags for Pop up Canopy-Portable and Durable to Secure Tents, Canopies, and Umbrellas at Outdoor Events -","robots":{"index":"index","follow":"follow","max-snippet":"max-snippet:-1","max-image-preview":"max-image-preview:large","max-video-preview":"max-video-preview:-1"},"canonical":"https:\/\/orangered-bear-652802.hostingersite.com\/product\/4-6-8-pack-sanway-sand-bags-for-canopy-weights-unfilled-sand-bags-for-canopy-legs-sandbags-for-pop-up-canopy-portable-and-durable-to-secure-tents-canopies-and-umbrellas-at-outdoor-events\/","og_locale":"fr_FR","og_type":"article","og_title":"4\/6\/8 Pack SANWAY Sand Bags for Canopy Weights - (Unfilled) Sand Bags for Canopy Legs-Sandbags for Pop up Canopy-Portable and Durable to Secure Tents, Canopies, and Umbrellas at Outdoor Events -","og_description":"Secure your canopy with these sturdy sand bags. This set of 4 bags is designed to provide reliable anchoring for your outdoor canopy or tent. Crafted from durable, weather-resistant material, these sand bags can withstand the elements while keeping your setup firmly in place. Easily fill them with sand or gravel, and utilize the reinforced [&hellip;]","og_url":"https:\/\/orangered-bear-652802.hostingersite.com\/product\/4-6-8-pack-sanway-sand-bags-for-canopy-weights-unfilled-sand-bags-for-canopy-legs-sandbags-for-pop-up-canopy-portable-and-durable-to-secure-tents-canopies-and-umbrellas-at-outdoor-events\/","article_modified_time":"2025-07-08T11:04:32+00:00","og_image":[{"width":1500,"height":1500,"url":"https:\/\/orangered-bear-652802.hostingersite.com\/wp-content\/uploads\/2025\/07\/1.jpg","type":"image\/jpeg"}],"twitter_card":"summary_large_image","twitter_misc":{"Dur\u00e9e de lecture estim\u00e9e":"1 minute"},"schema":{"@context":"https:\/\/schema.org","@graph":[{"@type":"WebPage","@id":"https:\/\/orangered-bear-652802.hostingersite.com\/product\/4-6-8-pack-sanway-sand-bags-for-canopy-weights-unfilled-sand-bags-for-canopy-legs-sandbags-for-pop-up-canopy-portable-and-durable-to-secure-tents-canopies-and-umbrellas-at-outdoor-events\/","url":"https:\/\/orangered-bear-652802.hostingersite.com\/product\/4-6-8-pack-sanway-sand-bags-for-canopy-weights-unfilled-sand-bags-for-canopy-legs-sandbags-for-pop-up-canopy-portable-and-durable-to-secure-tents-canopies-and-umbrellas-at-outdoor-events\/","name":"4\/6\/8 Pack SANWAY Sand Bags for Canopy Weights - (Unfilled) Sand Bags for Canopy Legs-Sandbags for Pop up Canopy-Portable and Durable to Secure Tents, Canopies, and Umbrellas at Outdoor Events -","isPartOf":{"@id":"https:\/\/orangered-bear-652802.hostingersite.com\/#website"},"primaryImageOfPage":{"@id":"https:\/\/orangered-bear-652802.hostingersite.com\/product\/4-6-8-pack-sanway-sand-bags-for-canopy-weights-unfilled-sand-bags-for-canopy-legs-sandbags-for-pop-up-canopy-portable-and-durable-to-secure-tents-canopies-and-umbrellas-at-outdoor-events\/#primaryimage"},"image":{"@id":"https:\/\/orangered-bear-652802.hostingersite.com\/product\/4-6-8-pack-sanway-sand-bags-for-canopy-weights-unfilled-sand-bags-for-canopy-legs-sandbags-for-pop-up-canopy-portable-and-durable-to-secure-tents-canopies-and-umbrellas-at-outdoor-events\/#primaryimage"},"thumbnailUrl":"https:\/\/alientory.com\/wp-content\/uploads\/2025\/07\/1.jpg","datePublished":"2025-07-08T10:24:11+00:00","dateModified":"2025-07-08T11:04:32+00:00","breadcrumb":{"@id":"https:\/\/orangered-bear-652802.hostingersite.com\/product\/4-6-8-pack-sanway-sand-bags-for-canopy-weights-unfilled-sand-bags-for-canopy-legs-sandbags-for-pop-up-canopy-portable-and-durable-to-secure-tents-canopies-and-umbrellas-at-outdoor-events\/#breadcrumb"},"inLanguage":"fr-FR","potentialAction":[{"@type":"ReadAction","target":["https:\/\/orangered-bear-652802.hostingersite.com\/product\/4-6-8-pack-sanway-sand-bags-for-canopy-weights-unfilled-sand-bags-for-canopy-legs-sandbags-for-pop-up-canopy-portable-and-durable-to-secure-tents-canopies-and-umbrellas-at-outdoor-events\/"]}]},{"@type":"ImageObject","inLanguage":"fr-FR","@id":"https:\/\/orangered-bear-652802.hostingersite.com\/product\/4-6-8-pack-sanway-sand-bags-for-canopy-weights-unfilled-sand-bags-for-canopy-legs-sandbags-for-pop-up-canopy-portable-and-durable-to-secure-tents-canopies-and-umbrellas-at-outdoor-events\/#primaryimage","url":"https:\/\/alientory.com\/wp-content\/uploads\/2025\/07\/1.jpg","contentUrl":"https:\/\/alientory.com\/wp-content\/uploads\/2025\/07\/1.jpg","width":1500,"height":1500},{"@type":"BreadcrumbList","@id":"https:\/\/orangered-bear-652802.hostingersite.com\/product\/4-6-8-pack-sanway-sand-bags-for-canopy-weights-unfilled-sand-bags-for-canopy-legs-sandbags-for-pop-up-canopy-portable-and-durable-to-secure-tents-canopies-and-umbrellas-at-outdoor-events\/#breadcrumb","itemListElement":[{"@type":"ListItem","position":1,"name":"Home","item":"https:\/\/orangered-bear-652802.hostingersite.com\/"},{"@type":"ListItem","position":2,"name":"Shop","item":"https:\/\/orangered-bear-652802.hostingersite.com\/shop\/"},{"@type":"ListItem","position":3,"name":"4\/6\/8 Pack SANWAY Sand Bags for Canopy Weights &#8211; (Unfilled) Sand Bags for Canopy Legs-Sandbags for Pop up Canopy-Portable and Durable to Secure Tents, Canopies, and Umbrellas at Outdoor Events"}]},{"@type":"WebSite","@id":"https:\/\/orangered-bear-652802.hostingersite.com\/#website","url":"https:\/\/orangered-bear-652802.hostingersite.com\/","name":"Haulkim","description":"","publisher":{"@id":"https:\/\/orangered-bear-652802.hostingersite.com\/#organization"},"potentialAction":[{"@type":"SearchAction","target":{"@type":"EntryPoint","urlTemplate":"https:\/\/orangered-bear-652802.hostingersite.com\/?s={search_term_string}"},"query-input":{"@type":"PropertyValueSpecification","valueRequired":true,"valueName":"search_term_string"}}],"inLanguage":"fr-FR"},{"@type":"Organization","@id":"https:\/\/orangered-bear-652802.hostingersite.com\/#organization","name":"Haulkim","url":"https:\/\/orangered-bear-652802.hostingersite.com\/","logo":{"@type":"ImageObject","inLanguage":"fr-FR","@id":"https:\/\/orangered-bear-652802.hostingersite.com\/#\/schema\/logo\/image\/","url":"https:\/\/alientory.com\/wp-content\/uploads\/2024\/03\/cropped-\u02ee\u04e1_\u04b3-2.png","contentUrl":"https:\/\/alientory.com\/wp-content\/uploads\/2024\/03\/cropped-\u02ee\u04e1_\u04b3-2.png","width":979,"height":1160,"caption":"Haulkim"},"image":{"@id":"https:\/\/orangered-bear-652802.hostingersite.com\/#\/schema\/logo\/image\/"}}]}},"_links":{"self":[{"href":"https:\/\/alientory.com\/fr\/wp-json\/wp\/v2\/product\/7797","targetHints":{"allow":["GET"]}}],"collection":[{"href":"https:\/\/alientory.com\/fr\/wp-json\/wp\/v2\/product"}],"about":[{"href":"https:\/\/alientory.com\/fr\/wp-json\/wp\/v2\/types\/product"}],"replies":[{"embeddable":true,"href":"https:\/\/alientory.com\/fr\/wp-json\/wp\/v2\/comments?post=7797"}],"wp:featuredmedia":[{"embeddable":true,"href":"https:\/\/alientory.com\/fr\/wp-json\/wp\/v2\/media\/7820"}],"wp:attachment":[{"href":"https:\/\/alientory.com\/fr\/wp-json\/wp\/v2\/media?parent=7797"}],"wp:term":[{"taxonomy":"product_cat","embeddable":true,"href":"https:\/\/alientory.com\/fr\/wp-json\/wp\/v2\/product_cat?post=7797"},{"taxonomy":"product_tag","embeddable":true,"href":"https:\/\/alientory.com\/fr\/wp-json\/wp\/v2\/product_tag?post=7797"}],"curies":[{"name":"wp","href":"https:\/\/api.w.org\/{rel}","templated":true}]}}