{"id":8018,"date":"2026-04-24T09:37:16","date_gmt":"2026-04-24T09:37:16","guid":{"rendered":"https:\/\/alientory.com\/?post_type=product&#038;p=8018"},"modified":"2026-04-27T07:59:39","modified_gmt":"2026-04-27T07:59:39","slug":"sanway-12x20-heavy-duty-carport-dark-gray","status":"publish","type":"product","link":"https:\/\/alientory.com\/fr\/produit\/sanway-12x20-heavy-duty-carport-dark-gray\/","title":{"rendered":"SANWAY 12&#215;20 Heavy Duty Carport, Dark Gray"},"content":{"rendered":"<p>\u3010Multi-Usage Portable Carport\u3011Le carport 10'x20'fournit un grand espace pour vos v\u00e9hicules, bateaux, et cargaisons, etc. Les parois lat\u00e9rales et les portes sont amovibles pour r\u00e9pondre \u00e0 vos diff\u00e9rents besoins. Cet auvent de carport est \u00e9galement parfait pour les \u00e9v\u00e9nements en plein air tels que les f\u00eates, les mariages et les foires commerciales.<br \/>\n\u3010Heavy Duty Carport\u3011Ce kit d'abri de voiture est fabriqu\u00e9 \u00e0 partir d'un cadre en acier rev\u00eatu respectueux de l'environnement. Les tuyaux en acier \u00e0 haute r\u00e9sistance ont un diam\u00e8tre de \u03c638 mm et une \u00e9paisseur de 0,8 mm. En outre, il y a des poutres triangulaires renforc\u00e9es\u3001 des connecteurs soud\u00e9s \u00e0 l'art, etc. Cela rend l'ensemble du port pour voitures en acier plus stable et beaucoup plus s\u00fbr en cas de conditions m\u00e9t\u00e9orologiques d\u00e9favorables.<br \/>\n\u3010All Weather Carport\u3011L'abri de voiture portable est dot\u00e9 d'une couverture imperm\u00e9able \u00e0 l'eau de 180g pour toutes les saisons afin de prot\u00e9ger votre investissement du soleil, de la pluie, de la poussi\u00e8re et de la neige. Les quatre fen\u00eatres de ventilation dans les parois lat\u00e9rales, qui favorise la circulation de l'air en \u00e9t\u00e9 et fournit une r\u00e9sistance au vent en hiver. Nous nous effor\u00e7ons de cr\u00e9er un environnement id\u00e9al et<br \/>\n\u3010Effortless Assembly\u3011L'installation de notre garage portable 10\u00d720 pieds heavy duty est un jeu d'enfant ; aucun outil suppl\u00e9mentaire n'est n\u00e9cessaire. Chaque composant est \u00e9tiquet\u00e9 avec un num\u00e9ro, et les instructions incluses rendent l'installation simple. Des vid\u00e9os d'installation d\u00e9taill\u00e9es sont \u00e9galement disponibles. En g\u00e9n\u00e9ral, 2 \u00e0 3 adultes peuvent effectuer l'installation facilement et rapidement.<br \/>\n\u3010Quality Assurance and Support\u3011Nous nous portons garants de la fiabilit\u00e9 et de la polyvalence de notre tente d'auvent de port de voiture portable. Si vous avez des questions ou des pr\u00e9occupations, n'h\u00e9sitez pas \u00e0 nous contacter. Notre \u00e9quipe de service \u00e0 la client\u00e8le sera heureuse de fournir une assistance dans les 24 heures.<\/p>","protected":false},"excerpt":{"rendered":"<p>Heavy Duty Carport for Diverse Needs: Explore the versatility of our 10&#215;20 feet Portable Garage, suitable for vehicles, boats, and cargo. Featuring removable sidewalls and doors, it&#8217;s also perfect for hosting outdoor events like parties, weddings, and commercial exhibitions. which better creates space for the needs other than parking.<\/p>","protected":false},"featured_media":8020,"comment_status":"closed","ping_status":"closed","template":"","meta":{"site-sidebar-layout":"default","site-content-layout":"","ast-site-content-layout":"default","site-content-style":"default","site-sidebar-style":"default","ast-global-header-display":"","ast-banner-title-visibility":"","ast-main-header-display":"","ast-hfb-above-header-display":"","ast-hfb-below-header-display":"","ast-hfb-mobile-header-display":"","site-post-title":"","ast-breadcrumbs-content":"","ast-featured-img":"","footer-sml-layout":"","theme-transparent-header-meta":"default","adv-header-id-meta":"","stick-header-meta":"","header-above-stick-meta":"","header-main-stick-meta":"","header-below-stick-meta":"","astra-migrate-meta-layouts":"set","ast-page-background-enabled":"default","ast-page-background-meta":{"desktop":{"background-color":"","background-image":"","background-repeat":"repeat","background-position":"center center","background-size":"auto","background-attachment":"scroll","background-type":"","background-media":"","overlay-type":"","overlay-color":"","overlay-opacity":"","overlay-gradient":""},"tablet":{"background-color":"","background-image":"","background-repeat":"repeat","background-position":"center center","background-size":"auto","background-attachment":"scroll","background-type":"","background-media":"","overlay-type":"","overlay-color":"","overlay-opacity":"","overlay-gradient":""},"mobile":{"background-color":"","background-image":"","background-repeat":"repeat","background-position":"center center","background-size":"auto","background-attachment":"scroll","background-type":"","background-media":"","overlay-type":"","overlay-color":"","overlay-opacity":"","overlay-gradient":""}},"ast-content-background-meta":{"desktop":{"background-color":"var(--ast-global-color-5)","background-image":"","background-repeat":"repeat","background-position":"center center","background-size":"auto","background-attachment":"scroll","background-type":"","background-media":"","overlay-type":"","overlay-color":"","overlay-opacity":"","overlay-gradient":""},"tablet":{"background-color":"var(--ast-global-color-5)","background-image":"","background-repeat":"repeat","background-position":"center center","background-size":"auto","background-attachment":"scroll","background-type":"","background-media":"","overlay-type":"","overlay-color":"","overlay-opacity":"","overlay-gradient":""},"mobile":{"background-color":"var(--ast-global-color-5)","background-image":"","background-repeat":"repeat","background-position":"center center","background-size":"auto","background-attachment":"scroll","background-type":"","background-media":"","overlay-type":"","overlay-color":"","overlay-opacity":"","overlay-gradient":""}}},"product_cat":[94],"product_tag":[],"class_list":{"0":"post-8018","1":"product","2":"type-product","3":"status-publish","4":"has-post-thumbnail","6":"product_cat-frame-tent","7":"desktop-align-center","8":"tablet-align-center","9":"mobile-align-center","11":"first","12":"instock","13":"taxable","14":"shipping-taxable","15":"purchasable","16":"product-type-simple"},"yoast_head":"<!-- This site is optimized with the Yoast SEO plugin v24.4 - https:\/\/yoast.com\/wordpress\/plugins\/seo\/ -->\n<title>SANWAY 12x20 Heavy Duty Carport, Dark Gray -<\/title>\n<meta name=\"robots\" content=\"index, follow, max-snippet:-1, max-image-preview:large, max-video-preview:-1\" \/>\n<link rel=\"canonical\" href=\"https:\/\/alientory.com\/fr\/produit\/sanway-12x20-heavy-duty-carport-dark-gray\/\" \/>\n<meta property=\"og:locale\" content=\"fr_FR\" \/>\n<meta property=\"og:type\" content=\"article\" \/>\n<meta property=\"og:title\" content=\"SANWAY 12x20 Heavy Duty Carport, Dark Gray -\" \/>\n<meta property=\"og:description\" content=\"Heavy Duty Carport for Diverse Needs: Explore the versatility of our 10x20 feet Portable Garage, suitable for vehicles, boats, and cargo. Featuring removable sidewalls and doors, it&#039;s also perfect for hosting outdoor events like parties, weddings, and commercial exhibitions. which better creates space for the needs other than parking.\" \/>\n<meta property=\"og:url\" content=\"https:\/\/alientory.com\/fr\/produit\/sanway-12x20-heavy-duty-carport-dark-gray\/\" \/>\n<meta property=\"article:modified_time\" content=\"2026-04-27T07:59:39+00:00\" \/>\n<meta property=\"og:image\" content=\"https:\/\/alientory.com\/wp-content\/uploads\/2026\/04\/X3.jpg\" \/>\n\t<meta property=\"og:image:width\" content=\"1500\" \/>\n\t<meta property=\"og:image:height\" content=\"1500\" \/>\n\t<meta property=\"og:image:type\" content=\"image\/jpeg\" \/>\n<meta name=\"twitter:card\" content=\"summary_large_image\" \/>\n<meta name=\"twitter:label1\" content=\"Dur\u00e9e de lecture estim\u00e9e\" \/>\n\t<meta name=\"twitter:data1\" content=\"2 minutes\" \/>\n<script type=\"application\/ld+json\" class=\"yoast-schema-graph\">{\"@context\":\"https:\/\/schema.org\",\"@graph\":[{\"@type\":\"WebPage\",\"@id\":\"https:\/\/alientory.com\/product\/sanway-12x20-heavy-duty-carport-dark-gray\/\",\"url\":\"https:\/\/alientory.com\/product\/sanway-12x20-heavy-duty-carport-dark-gray\/\",\"name\":\"SANWAY 12x20 Heavy Duty Carport, Dark Gray -\",\"isPartOf\":{\"@id\":\"https:\/\/orangered-bear-652802.hostingersite.com\/#website\"},\"primaryImageOfPage\":{\"@id\":\"https:\/\/alientory.com\/product\/sanway-12x20-heavy-duty-carport-dark-gray\/#primaryimage\"},\"image\":{\"@id\":\"https:\/\/alientory.com\/product\/sanway-12x20-heavy-duty-carport-dark-gray\/#primaryimage\"},\"thumbnailUrl\":\"https:\/\/alientory.com\/wp-content\/uploads\/2026\/04\/X3.jpg\",\"datePublished\":\"2026-04-24T09:37:16+00:00\",\"dateModified\":\"2026-04-27T07:59:39+00:00\",\"breadcrumb\":{\"@id\":\"https:\/\/alientory.com\/product\/sanway-12x20-heavy-duty-carport-dark-gray\/#breadcrumb\"},\"inLanguage\":\"fr-FR\",\"potentialAction\":[{\"@type\":\"ReadAction\",\"target\":[\"https:\/\/alientory.com\/product\/sanway-12x20-heavy-duty-carport-dark-gray\/\"]}]},{\"@type\":\"ImageObject\",\"inLanguage\":\"fr-FR\",\"@id\":\"https:\/\/alientory.com\/product\/sanway-12x20-heavy-duty-carport-dark-gray\/#primaryimage\",\"url\":\"https:\/\/alientory.com\/wp-content\/uploads\/2026\/04\/X3.jpg\",\"contentUrl\":\"https:\/\/alientory.com\/wp-content\/uploads\/2026\/04\/X3.jpg\",\"width\":1500,\"height\":1500},{\"@type\":\"BreadcrumbList\",\"@id\":\"https:\/\/alientory.com\/product\/sanway-12x20-heavy-duty-carport-dark-gray\/#breadcrumb\",\"itemListElement\":[{\"@type\":\"ListItem\",\"position\":1,\"name\":\"Home\",\"item\":\"https:\/\/orangered-bear-652802.hostingersite.com\/\"},{\"@type\":\"ListItem\",\"position\":2,\"name\":\"Shop\",\"item\":\"https:\/\/orangered-bear-652802.hostingersite.com\/shop\/\"},{\"@type\":\"ListItem\",\"position\":3,\"name\":\"SANWAY 12&#215;20 Heavy Duty Carport, Dark Gray\"}]},{\"@type\":\"WebSite\",\"@id\":\"https:\/\/orangered-bear-652802.hostingersite.com\/#website\",\"url\":\"https:\/\/orangered-bear-652802.hostingersite.com\/\",\"name\":\"Haulkim\",\"description\":\"\",\"publisher\":{\"@id\":\"https:\/\/orangered-bear-652802.hostingersite.com\/#organization\"},\"potentialAction\":[{\"@type\":\"SearchAction\",\"target\":{\"@type\":\"EntryPoint\",\"urlTemplate\":\"https:\/\/orangered-bear-652802.hostingersite.com\/?s={search_term_string}\"},\"query-input\":{\"@type\":\"PropertyValueSpecification\",\"valueRequired\":true,\"valueName\":\"search_term_string\"}}],\"inLanguage\":\"fr-FR\"},{\"@type\":\"Organization\",\"@id\":\"https:\/\/orangered-bear-652802.hostingersite.com\/#organization\",\"name\":\"Haulkim\",\"url\":\"https:\/\/orangered-bear-652802.hostingersite.com\/\",\"logo\":{\"@type\":\"ImageObject\",\"inLanguage\":\"fr-FR\",\"@id\":\"https:\/\/orangered-bear-652802.hostingersite.com\/#\/schema\/logo\/image\/\",\"url\":\"https:\/\/alientory.com\/wp-content\/uploads\/2024\/03\/cropped-\u02ee\u04e1_\u04b3-2.png\",\"contentUrl\":\"https:\/\/alientory.com\/wp-content\/uploads\/2024\/03\/cropped-\u02ee\u04e1_\u04b3-2.png\",\"width\":979,\"height\":1160,\"caption\":\"Haulkim\"},\"image\":{\"@id\":\"https:\/\/orangered-bear-652802.hostingersite.com\/#\/schema\/logo\/image\/\"}}]}<\/script>\n<!-- \/ Yoast SEO plugin. -->","yoast_head_json":{"title":"SANWAY 12x20 Heavy Duty Carport, Dark Gray -","robots":{"index":"index","follow":"follow","max-snippet":"max-snippet:-1","max-image-preview":"max-image-preview:large","max-video-preview":"max-video-preview:-1"},"canonical":"https:\/\/alientory.com\/fr\/produit\/sanway-12x20-heavy-duty-carport-dark-gray\/","og_locale":"fr_FR","og_type":"article","og_title":"SANWAY 12x20 Heavy Duty Carport, Dark Gray -","og_description":"Heavy Duty Carport for Diverse Needs: Explore the versatility of our 10x20 feet Portable Garage, suitable for vehicles, boats, and cargo. Featuring removable sidewalls and doors, it's also perfect for hosting outdoor events like parties, weddings, and commercial exhibitions. which better creates space for the needs other than parking.","og_url":"https:\/\/alientory.com\/fr\/produit\/sanway-12x20-heavy-duty-carport-dark-gray\/","article_modified_time":"2026-04-27T07:59:39+00:00","og_image":[{"width":1500,"height":1500,"url":"https:\/\/alientory.com\/wp-content\/uploads\/2026\/04\/X3.jpg","type":"image\/jpeg"}],"twitter_card":"summary_large_image","twitter_misc":{"Dur\u00e9e de lecture estim\u00e9e":"2 minutes"},"schema":{"@context":"https:\/\/schema.org","@graph":[{"@type":"WebPage","@id":"https:\/\/alientory.com\/product\/sanway-12x20-heavy-duty-carport-dark-gray\/","url":"https:\/\/alientory.com\/product\/sanway-12x20-heavy-duty-carport-dark-gray\/","name":"SANWAY 12x20 Heavy Duty Carport, Dark Gray -","isPartOf":{"@id":"https:\/\/orangered-bear-652802.hostingersite.com\/#website"},"primaryImageOfPage":{"@id":"https:\/\/alientory.com\/product\/sanway-12x20-heavy-duty-carport-dark-gray\/#primaryimage"},"image":{"@id":"https:\/\/alientory.com\/product\/sanway-12x20-heavy-duty-carport-dark-gray\/#primaryimage"},"thumbnailUrl":"https:\/\/alientory.com\/wp-content\/uploads\/2026\/04\/X3.jpg","datePublished":"2026-04-24T09:37:16+00:00","dateModified":"2026-04-27T07:59:39+00:00","breadcrumb":{"@id":"https:\/\/alientory.com\/product\/sanway-12x20-heavy-duty-carport-dark-gray\/#breadcrumb"},"inLanguage":"fr-FR","potentialAction":[{"@type":"ReadAction","target":["https:\/\/alientory.com\/product\/sanway-12x20-heavy-duty-carport-dark-gray\/"]}]},{"@type":"ImageObject","inLanguage":"fr-FR","@id":"https:\/\/alientory.com\/product\/sanway-12x20-heavy-duty-carport-dark-gray\/#primaryimage","url":"https:\/\/alientory.com\/wp-content\/uploads\/2026\/04\/X3.jpg","contentUrl":"https:\/\/alientory.com\/wp-content\/uploads\/2026\/04\/X3.jpg","width":1500,"height":1500},{"@type":"BreadcrumbList","@id":"https:\/\/alientory.com\/product\/sanway-12x20-heavy-duty-carport-dark-gray\/#breadcrumb","itemListElement":[{"@type":"ListItem","position":1,"name":"Home","item":"https:\/\/orangered-bear-652802.hostingersite.com\/"},{"@type":"ListItem","position":2,"name":"Shop","item":"https:\/\/orangered-bear-652802.hostingersite.com\/shop\/"},{"@type":"ListItem","position":3,"name":"SANWAY 12&#215;20 Heavy Duty Carport, Dark Gray"}]},{"@type":"WebSite","@id":"https:\/\/orangered-bear-652802.hostingersite.com\/#website","url":"https:\/\/orangered-bear-652802.hostingersite.com\/","name":"Haulkim","description":"","publisher":{"@id":"https:\/\/orangered-bear-652802.hostingersite.com\/#organization"},"potentialAction":[{"@type":"SearchAction","target":{"@type":"EntryPoint","urlTemplate":"https:\/\/orangered-bear-652802.hostingersite.com\/?s={search_term_string}"},"query-input":{"@type":"PropertyValueSpecification","valueRequired":true,"valueName":"search_term_string"}}],"inLanguage":"fr-FR"},{"@type":"Organization","@id":"https:\/\/orangered-bear-652802.hostingersite.com\/#organization","name":"Haulkim","url":"https:\/\/orangered-bear-652802.hostingersite.com\/","logo":{"@type":"ImageObject","inLanguage":"fr-FR","@id":"https:\/\/orangered-bear-652802.hostingersite.com\/#\/schema\/logo\/image\/","url":"https:\/\/alientory.com\/wp-content\/uploads\/2024\/03\/cropped-\u02ee\u04e1_\u04b3-2.png","contentUrl":"https:\/\/alientory.com\/wp-content\/uploads\/2024\/03\/cropped-\u02ee\u04e1_\u04b3-2.png","width":979,"height":1160,"caption":"Haulkim"},"image":{"@id":"https:\/\/orangered-bear-652802.hostingersite.com\/#\/schema\/logo\/image\/"}}]}},"_links":{"self":[{"href":"https:\/\/alientory.com\/fr\/wp-json\/wp\/v2\/product\/8018","targetHints":{"allow":["GET"]}}],"collection":[{"href":"https:\/\/alientory.com\/fr\/wp-json\/wp\/v2\/product"}],"about":[{"href":"https:\/\/alientory.com\/fr\/wp-json\/wp\/v2\/types\/product"}],"replies":[{"embeddable":true,"href":"https:\/\/alientory.com\/fr\/wp-json\/wp\/v2\/comments?post=8018"}],"wp:featuredmedia":[{"embeddable":true,"href":"https:\/\/alientory.com\/fr\/wp-json\/wp\/v2\/media\/8020"}],"wp:attachment":[{"href":"https:\/\/alientory.com\/fr\/wp-json\/wp\/v2\/media?parent=8018"}],"wp:term":[{"taxonomy":"product_cat","embeddable":true,"href":"https:\/\/alientory.com\/fr\/wp-json\/wp\/v2\/product_cat?post=8018"},{"taxonomy":"product_tag","embeddable":true,"href":"https:\/\/alientory.com\/fr\/wp-json\/wp\/v2\/product_tag?post=8018"}],"curies":[{"name":"wp","href":"https:\/\/api.w.org\/{rel}","templated":true}]}}