{"id":6435,"date":"2024-02-25T15:18:50","date_gmt":"2024-02-25T15:18:50","guid":{"rendered":"https:\/\/alientory.com\/?post_type=product&#038;p=6435"},"modified":"2024-04-11T09:01:11","modified_gmt":"2024-04-11T09:01:11","slug":"camping-tent","status":"publish","type":"product","link":"https:\/\/alientory.com\/pt\/produto\/camping-tent\/","title":{"rendered":"Tenda de campismo"},"content":{"rendered":"<p>Caracter\u00edsticas:<\/p>\n<p>Portas com fecho de correr duplo<br \/>\nA combina\u00e7\u00e3o da camada interior de ecr\u00e3 e da camada exterior de tecido com fecho de correr da porta da tenda proporciona um fluxo de ar abundante, bem como privacidade. Basta fechar as portas com os atilhos cosidos para manter os insectos afastados<\/p>\n<p>Conce\u00e7\u00e3o da ventila\u00e7\u00e3o<br \/>\nAs janelas e portas de ecr\u00e3 fazem com que a tenda para 4 pessoas tenha um grande espa\u00e7o, efeito de ilumina\u00e7\u00e3o e excelente vis\u00e3o.<\/p>\n<p>Estrutura robusta<br \/>\nExistem 2 postes de fibra de vidro de primeira qualidade para suportar uma estrutura robusta. O sistema de fixa\u00e7\u00e3o mant\u00e9m a tenda firmemente na estrutura robusta, podendo suportar a maior parte da chuva com vento.<\/p>\n<p>Leve e port\u00e1til<br \/>\nQuando terminar a sua viagem, pode simplesmente voltar a colocar os componentes no saco de transporte com fecho de correr para os embalar e transportar.<\/p>\n<p>Especifica\u00e7\u00f5es:<br \/>\nCor: verde<br \/>\nMaterial: Tecido Oxford + Malha de ventila\u00e7\u00e3o B3\/B4 + Postes de fibra de vidro<br \/>\n\u00c9pocas: 3 Temporada<br \/>\nOcupa\u00e7\u00e3o: 2-4 pessoas<\/p>\n<p><img fetchpriority=\"high\" decoding=\"async\" class=\"aligncenter wp-image-6438 size-full\" src=\"http:\/\/49.51.40.75\/wp-content\/uploads\/2024\/02\/20220804162738c18fba.jpg\" alt=\"\" width=\"800\" height=\"450\" srcset=\"https:\/\/alientory.com\/wp-content\/uploads\/2024\/02\/20220804162738c18fba.jpg 800w, https:\/\/alientory.com\/wp-content\/uploads\/2024\/02\/20220804162738c18fba-300x169.jpg 300w, https:\/\/alientory.com\/wp-content\/uploads\/2024\/02\/20220804162738c18fba-768x432.jpg 768w, https:\/\/alientory.com\/wp-content\/uploads\/2024\/02\/20220804162738c18fba-600x338.jpg 600w\" sizes=\"(max-width: 800px) 100vw, 800px\" \/> <img decoding=\"async\" class=\"aligncenter wp-image-6446 size-full\" src=\"http:\/\/49.51.40.75\/wp-content\/uploads\/2024\/02\/202208041627385eb2e3.jpg\" alt=\"\" width=\"800\" height=\"450\" srcset=\"https:\/\/alientory.com\/wp-content\/uploads\/2024\/02\/202208041627385eb2e3.jpg 800w, https:\/\/alientory.com\/wp-content\/uploads\/2024\/02\/202208041627385eb2e3-300x169.jpg 300w, https:\/\/alientory.com\/wp-content\/uploads\/2024\/02\/202208041627385eb2e3-768x432.jpg 768w, https:\/\/alientory.com\/wp-content\/uploads\/2024\/02\/202208041627385eb2e3-600x338.jpg 600w\" sizes=\"(max-width: 800px) 100vw, 800px\" \/> <img decoding=\"async\" class=\"aligncenter wp-image-6447 size-full\" src=\"http:\/\/49.51.40.75\/wp-content\/uploads\/2024\/02\/202208041628073A823179BFD8DA50_b.jpg\" alt=\"\" width=\"800\" height=\"533\" srcset=\"https:\/\/alientory.com\/wp-content\/uploads\/2024\/02\/202208041628073A823179BFD8DA50_b.jpg 800w, https:\/\/alientory.com\/wp-content\/uploads\/2024\/02\/202208041628073A823179BFD8DA50_b-300x200.jpg 300w, https:\/\/alientory.com\/wp-content\/uploads\/2024\/02\/202208041628073A823179BFD8DA50_b-768x512.jpg 768w, https:\/\/alientory.com\/wp-content\/uploads\/2024\/02\/202208041628073A823179BFD8DA50_b-600x400.jpg 600w\" sizes=\"(max-width: 800px) 100vw, 800px\" \/> <img loading=\"lazy\" decoding=\"async\" class=\"aligncenter wp-image-6449 size-full\" src=\"http:\/\/49.51.40.75\/wp-content\/uploads\/2024\/02\/2022080416273845d206.jpg\" alt=\"\" width=\"800\" height=\"450\" srcset=\"https:\/\/alientory.com\/wp-content\/uploads\/2024\/02\/2022080416273845d206.jpg 800w, https:\/\/alientory.com\/wp-content\/uploads\/2024\/02\/2022080416273845d206-300x169.jpg 300w, https:\/\/alientory.com\/wp-content\/uploads\/2024\/02\/2022080416273845d206-768x432.jpg 768w, https:\/\/alientory.com\/wp-content\/uploads\/2024\/02\/2022080416273845d206-600x338.jpg 600w\" sizes=\"(max-width: 800px) 100vw, 800px\" \/> <img loading=\"lazy\" decoding=\"async\" class=\"aligncenter wp-image-6452 size-full\" src=\"http:\/\/49.51.40.75\/wp-content\/uploads\/2024\/02\/20220804162738307de1.jpg\" alt=\"\" width=\"800\" height=\"533\" srcset=\"https:\/\/alientory.com\/wp-content\/uploads\/2024\/02\/20220804162738307de1.jpg 800w, https:\/\/alientory.com\/wp-content\/uploads\/2024\/02\/20220804162738307de1-300x200.jpg 300w, https:\/\/alientory.com\/wp-content\/uploads\/2024\/02\/20220804162738307de1-768x512.jpg 768w, https:\/\/alientory.com\/wp-content\/uploads\/2024\/02\/20220804162738307de1-600x400.jpg 600w\" sizes=\"(max-width: 800px) 100vw, 800px\" \/> <img loading=\"lazy\" decoding=\"async\" class=\"aligncenter wp-image-6453 size-full\" src=\"http:\/\/49.51.40.75\/wp-content\/uploads\/2024\/02\/20220804162738413807.jpg\" alt=\"\" width=\"800\" height=\"533\" srcset=\"https:\/\/alientory.com\/wp-content\/uploads\/2024\/02\/20220804162738413807.jpg 800w, https:\/\/alientory.com\/wp-content\/uploads\/2024\/02\/20220804162738413807-300x200.jpg 300w, https:\/\/alientory.com\/wp-content\/uploads\/2024\/02\/20220804162738413807-768x512.jpg 768w, https:\/\/alientory.com\/wp-content\/uploads\/2024\/02\/20220804162738413807-600x400.jpg 600w\" sizes=\"(max-width: 800px) 100vw, 800px\" \/> <img loading=\"lazy\" decoding=\"async\" class=\"aligncenter wp-image-6454 size-full\" src=\"http:\/\/49.51.40.75\/wp-content\/uploads\/2024\/02\/20220804162738832751.jpg\" alt=\"\" width=\"800\" height=\"533\" srcset=\"https:\/\/alientory.com\/wp-content\/uploads\/2024\/02\/20220804162738832751.jpg 800w, https:\/\/alientory.com\/wp-content\/uploads\/2024\/02\/20220804162738832751-300x200.jpg 300w, https:\/\/alientory.com\/wp-content\/uploads\/2024\/02\/20220804162738832751-768x512.jpg 768w, https:\/\/alientory.com\/wp-content\/uploads\/2024\/02\/20220804162738832751-600x400.jpg 600w\" sizes=\"(max-width: 800px) 100vw, 800px\" \/><\/p>","protected":false},"excerpt":{"rendered":"<p>Features: Double Zipper Doors The combination of the inner screen layer and the outer zippered fabric layer of the tent door provide plenty of air flow as well as privacy. Simply bind the doors back with the sewn in ties to keep the bugs out Ventilation Design Screen windows &amp; doors makes the 4 personal [&hellip;]<\/p>","protected":false},"featured_media":6444,"comment_status":"closed","ping_status":"closed","template":"","meta":{"site-sidebar-layout":"default","site-content-layout":"","ast-site-content-layout":"default","site-content-style":"default","site-sidebar-style":"default","ast-global-header-display":"","ast-banner-title-visibility":"","ast-main-header-display":"","ast-hfb-above-header-display":"","ast-hfb-below-header-display":"","ast-hfb-mobile-header-display":"","site-post-title":"","ast-breadcrumbs-content":"","ast-featured-img":"","footer-sml-layout":"","theme-transparent-header-meta":"default","adv-header-id-meta":"","stick-header-meta":"","header-above-stick-meta":"","header-main-stick-meta":"","header-below-stick-meta":"","astra-migrate-meta-layouts":"set","ast-page-background-enabled":"default","ast-page-background-meta":{"desktop":{"background-color":"","background-image":"","background-repeat":"repeat","background-position":"center center","background-size":"auto","background-attachment":"scroll","background-type":"","background-media":"","overlay-type":"","overlay-color":"","overlay-opacity":"","overlay-gradient":""},"tablet":{"background-color":"","background-image":"","background-repeat":"repeat","background-position":"center center","background-size":"auto","background-attachment":"scroll","background-type":"","background-media":"","overlay-type":"","overlay-color":"","overlay-opacity":"","overlay-gradient":""},"mobile":{"background-color":"","background-image":"","background-repeat":"repeat","background-position":"center center","background-size":"auto","background-attachment":"scroll","background-type":"","background-media":"","overlay-type":"","overlay-color":"","overlay-opacity":"","overlay-gradient":""}},"ast-content-background-meta":{"desktop":{"background-color":"var(--ast-global-color-5)","background-image":"","background-repeat":"repeat","background-position":"center center","background-size":"auto","background-attachment":"scroll","background-type":"","background-media":"","overlay-type":"","overlay-color":"","overlay-opacity":"","overlay-gradient":""},"tablet":{"background-color":"var(--ast-global-color-5)","background-image":"","background-repeat":"repeat","background-position":"center center","background-size":"auto","background-attachment":"scroll","background-type":"","background-media":"","overlay-type":"","overlay-color":"","overlay-opacity":"","overlay-gradient":""},"mobile":{"background-color":"var(--ast-global-color-5)","background-image":"","background-repeat":"repeat","background-position":"center center","background-size":"auto","background-attachment":"scroll","background-type":"","background-media":"","overlay-type":"","overlay-color":"","overlay-opacity":"","overlay-gradient":""}}},"product_cat":[93],"product_tag":[],"class_list":{"0":"post-6435","1":"product","2":"type-product","3":"status-publish","4":"has-post-thumbnail","6":"product_cat-camping-tent","7":"desktop-align-center","8":"tablet-align-center","9":"mobile-align-center","11":"first","12":"instock","13":"taxable","14":"shipping-taxable","15":"product-type-simple"},"yoast_head":"<!-- This site is optimized with the Yoast SEO plugin v24.4 - https:\/\/yoast.com\/wordpress\/plugins\/seo\/ -->\n<title>Camping Tent -<\/title>\n<meta name=\"robots\" content=\"index, follow, max-snippet:-1, max-image-preview:large, max-video-preview:-1\" \/>\n<link rel=\"canonical\" href=\"https:\/\/orangered-bear-652802.hostingersite.com\/product\/camping-tent\/\" \/>\n<meta property=\"og:locale\" content=\"pt_PT\" \/>\n<meta property=\"og:type\" content=\"article\" \/>\n<meta property=\"og:title\" content=\"Camping Tent -\" \/>\n<meta property=\"og:description\" content=\"Features: Double Zipper Doors The combination of the inner screen layer and the outer zippered fabric layer of the tent door provide plenty of air flow as well as privacy. Simply bind the doors back with the sewn in ties to keep the bugs out Ventilation Design Screen windows &amp; doors makes the 4 personal [&hellip;]\" \/>\n<meta property=\"og:url\" content=\"https:\/\/orangered-bear-652802.hostingersite.com\/product\/camping-tent\/\" \/>\n<meta property=\"article:modified_time\" content=\"2024-04-11T09:01:11+00:00\" \/>\n<meta property=\"og:image\" content=\"https:\/\/orangered-bear-652802.hostingersite.com\/wp-content\/uploads\/2024\/02\/20220804162809A275A2FF433821AC_b.jpg\" \/>\n\t<meta property=\"og:image:width\" content=\"800\" \/>\n\t<meta property=\"og:image:height\" content=\"533\" \/>\n\t<meta property=\"og:image:type\" content=\"image\/jpeg\" \/>\n<meta name=\"twitter:card\" content=\"summary_large_image\" \/>\n<meta name=\"twitter:label1\" content=\"Est. reading time\" \/>\n\t<meta name=\"twitter:data1\" content=\"3 minutos\" \/>\n<script type=\"application\/ld+json\" class=\"yoast-schema-graph\">{\"@context\":\"https:\/\/schema.org\",\"@graph\":[{\"@type\":\"WebPage\",\"@id\":\"https:\/\/orangered-bear-652802.hostingersite.com\/product\/camping-tent\/\",\"url\":\"https:\/\/orangered-bear-652802.hostingersite.com\/product\/camping-tent\/\",\"name\":\"Camping Tent -\",\"isPartOf\":{\"@id\":\"https:\/\/orangered-bear-652802.hostingersite.com\/#website\"},\"primaryImageOfPage\":{\"@id\":\"https:\/\/orangered-bear-652802.hostingersite.com\/product\/camping-tent\/#primaryimage\"},\"image\":{\"@id\":\"https:\/\/orangered-bear-652802.hostingersite.com\/product\/camping-tent\/#primaryimage\"},\"thumbnailUrl\":\"https:\/\/alientory.com\/wp-content\/uploads\/2024\/02\/20220804162809A275A2FF433821AC_b.jpg\",\"datePublished\":\"2024-02-25T15:18:50+00:00\",\"dateModified\":\"2024-04-11T09:01:11+00:00\",\"breadcrumb\":{\"@id\":\"https:\/\/orangered-bear-652802.hostingersite.com\/product\/camping-tent\/#breadcrumb\"},\"inLanguage\":\"pt-AO\",\"potentialAction\":[{\"@type\":\"ReadAction\",\"target\":[\"https:\/\/orangered-bear-652802.hostingersite.com\/product\/camping-tent\/\"]}]},{\"@type\":\"ImageObject\",\"inLanguage\":\"pt-AO\",\"@id\":\"https:\/\/orangered-bear-652802.hostingersite.com\/product\/camping-tent\/#primaryimage\",\"url\":\"https:\/\/alientory.com\/wp-content\/uploads\/2024\/02\/20220804162809A275A2FF433821AC_b.jpg\",\"contentUrl\":\"https:\/\/alientory.com\/wp-content\/uploads\/2024\/02\/20220804162809A275A2FF433821AC_b.jpg\",\"width\":800,\"height\":533},{\"@type\":\"BreadcrumbList\",\"@id\":\"https:\/\/orangered-bear-652802.hostingersite.com\/product\/camping-tent\/#breadcrumb\",\"itemListElement\":[{\"@type\":\"ListItem\",\"position\":1,\"name\":\"Home\",\"item\":\"https:\/\/orangered-bear-652802.hostingersite.com\/\"},{\"@type\":\"ListItem\",\"position\":2,\"name\":\"Shop\",\"item\":\"https:\/\/orangered-bear-652802.hostingersite.com\/shop\/\"},{\"@type\":\"ListItem\",\"position\":3,\"name\":\"Camping Tent\"}]},{\"@type\":\"WebSite\",\"@id\":\"https:\/\/orangered-bear-652802.hostingersite.com\/#website\",\"url\":\"https:\/\/orangered-bear-652802.hostingersite.com\/\",\"name\":\"Haulkim\",\"description\":\"\",\"publisher\":{\"@id\":\"https:\/\/orangered-bear-652802.hostingersite.com\/#organization\"},\"potentialAction\":[{\"@type\":\"SearchAction\",\"target\":{\"@type\":\"EntryPoint\",\"urlTemplate\":\"https:\/\/orangered-bear-652802.hostingersite.com\/?s={search_term_string}\"},\"query-input\":{\"@type\":\"PropertyValueSpecification\",\"valueRequired\":true,\"valueName\":\"search_term_string\"}}],\"inLanguage\":\"pt-AO\"},{\"@type\":\"Organization\",\"@id\":\"https:\/\/orangered-bear-652802.hostingersite.com\/#organization\",\"name\":\"Haulkim\",\"url\":\"https:\/\/orangered-bear-652802.hostingersite.com\/\",\"logo\":{\"@type\":\"ImageObject\",\"inLanguage\":\"pt-AO\",\"@id\":\"https:\/\/orangered-bear-652802.hostingersite.com\/#\/schema\/logo\/image\/\",\"url\":\"https:\/\/alientory.com\/wp-content\/uploads\/2024\/03\/cropped-\u02ee\u04e1_\u04b3-2.png\",\"contentUrl\":\"https:\/\/alientory.com\/wp-content\/uploads\/2024\/03\/cropped-\u02ee\u04e1_\u04b3-2.png\",\"width\":979,\"height\":1160,\"caption\":\"Haulkim\"},\"image\":{\"@id\":\"https:\/\/orangered-bear-652802.hostingersite.com\/#\/schema\/logo\/image\/\"}}]}<\/script>\n<!-- \/ Yoast SEO plugin. -->","yoast_head_json":{"title":"Camping Tent -","robots":{"index":"index","follow":"follow","max-snippet":"max-snippet:-1","max-image-preview":"max-image-preview:large","max-video-preview":"max-video-preview:-1"},"canonical":"https:\/\/orangered-bear-652802.hostingersite.com\/product\/camping-tent\/","og_locale":"pt_PT","og_type":"article","og_title":"Camping Tent -","og_description":"Features: Double Zipper Doors The combination of the inner screen layer and the outer zippered fabric layer of the tent door provide plenty of air flow as well as privacy. Simply bind the doors back with the sewn in ties to keep the bugs out Ventilation Design Screen windows &amp; doors makes the 4 personal [&hellip;]","og_url":"https:\/\/orangered-bear-652802.hostingersite.com\/product\/camping-tent\/","article_modified_time":"2024-04-11T09:01:11+00:00","og_image":[{"width":800,"height":533,"url":"https:\/\/orangered-bear-652802.hostingersite.com\/wp-content\/uploads\/2024\/02\/20220804162809A275A2FF433821AC_b.jpg","type":"image\/jpeg"}],"twitter_card":"summary_large_image","twitter_misc":{"Est. reading time":"3 minutos"},"schema":{"@context":"https:\/\/schema.org","@graph":[{"@type":"WebPage","@id":"https:\/\/orangered-bear-652802.hostingersite.com\/product\/camping-tent\/","url":"https:\/\/orangered-bear-652802.hostingersite.com\/product\/camping-tent\/","name":"Camping Tent -","isPartOf":{"@id":"https:\/\/orangered-bear-652802.hostingersite.com\/#website"},"primaryImageOfPage":{"@id":"https:\/\/orangered-bear-652802.hostingersite.com\/product\/camping-tent\/#primaryimage"},"image":{"@id":"https:\/\/orangered-bear-652802.hostingersite.com\/product\/camping-tent\/#primaryimage"},"thumbnailUrl":"https:\/\/alientory.com\/wp-content\/uploads\/2024\/02\/20220804162809A275A2FF433821AC_b.jpg","datePublished":"2024-02-25T15:18:50+00:00","dateModified":"2024-04-11T09:01:11+00:00","breadcrumb":{"@id":"https:\/\/orangered-bear-652802.hostingersite.com\/product\/camping-tent\/#breadcrumb"},"inLanguage":"pt-AO","potentialAction":[{"@type":"ReadAction","target":["https:\/\/orangered-bear-652802.hostingersite.com\/product\/camping-tent\/"]}]},{"@type":"ImageObject","inLanguage":"pt-AO","@id":"https:\/\/orangered-bear-652802.hostingersite.com\/product\/camping-tent\/#primaryimage","url":"https:\/\/alientory.com\/wp-content\/uploads\/2024\/02\/20220804162809A275A2FF433821AC_b.jpg","contentUrl":"https:\/\/alientory.com\/wp-content\/uploads\/2024\/02\/20220804162809A275A2FF433821AC_b.jpg","width":800,"height":533},{"@type":"BreadcrumbList","@id":"https:\/\/orangered-bear-652802.hostingersite.com\/product\/camping-tent\/#breadcrumb","itemListElement":[{"@type":"ListItem","position":1,"name":"Home","item":"https:\/\/orangered-bear-652802.hostingersite.com\/"},{"@type":"ListItem","position":2,"name":"Shop","item":"https:\/\/orangered-bear-652802.hostingersite.com\/shop\/"},{"@type":"ListItem","position":3,"name":"Camping Tent"}]},{"@type":"WebSite","@id":"https:\/\/orangered-bear-652802.hostingersite.com\/#website","url":"https:\/\/orangered-bear-652802.hostingersite.com\/","name":"Haulkim","description":"","publisher":{"@id":"https:\/\/orangered-bear-652802.hostingersite.com\/#organization"},"potentialAction":[{"@type":"SearchAction","target":{"@type":"EntryPoint","urlTemplate":"https:\/\/orangered-bear-652802.hostingersite.com\/?s={search_term_string}"},"query-input":{"@type":"PropertyValueSpecification","valueRequired":true,"valueName":"search_term_string"}}],"inLanguage":"pt-AO"},{"@type":"Organization","@id":"https:\/\/orangered-bear-652802.hostingersite.com\/#organization","name":"Haulkim","url":"https:\/\/orangered-bear-652802.hostingersite.com\/","logo":{"@type":"ImageObject","inLanguage":"pt-AO","@id":"https:\/\/orangered-bear-652802.hostingersite.com\/#\/schema\/logo\/image\/","url":"https:\/\/alientory.com\/wp-content\/uploads\/2024\/03\/cropped-\u02ee\u04e1_\u04b3-2.png","contentUrl":"https:\/\/alientory.com\/wp-content\/uploads\/2024\/03\/cropped-\u02ee\u04e1_\u04b3-2.png","width":979,"height":1160,"caption":"Haulkim"},"image":{"@id":"https:\/\/orangered-bear-652802.hostingersite.com\/#\/schema\/logo\/image\/"}}]}},"_links":{"self":[{"href":"https:\/\/alientory.com\/pt\/wp-json\/wp\/v2\/product\/6435","targetHints":{"allow":["GET"]}}],"collection":[{"href":"https:\/\/alientory.com\/pt\/wp-json\/wp\/v2\/product"}],"about":[{"href":"https:\/\/alientory.com\/pt\/wp-json\/wp\/v2\/types\/product"}],"replies":[{"embeddable":true,"href":"https:\/\/alientory.com\/pt\/wp-json\/wp\/v2\/comments?post=6435"}],"wp:featuredmedia":[{"embeddable":true,"href":"https:\/\/alientory.com\/pt\/wp-json\/wp\/v2\/media\/6444"}],"wp:attachment":[{"href":"https:\/\/alientory.com\/pt\/wp-json\/wp\/v2\/media?parent=6435"}],"wp:term":[{"taxonomy":"product_cat","embeddable":true,"href":"https:\/\/alientory.com\/pt\/wp-json\/wp\/v2\/product_cat?post=6435"},{"taxonomy":"product_tag","embeddable":true,"href":"https:\/\/alientory.com\/pt\/wp-json\/wp\/v2\/product_tag?post=6435"}],"curies":[{"name":"wp","href":"https:\/\/api.w.org\/{rel}","templated":true}]}}