{"id":6552,"date":"2024-03-02T09:39:30","date_gmt":"2024-03-02T09:39:30","guid":{"rendered":"https:\/\/alientory.com\/?post_type=product&#038;p=6552"},"modified":"2024-04-11T09:00:56","modified_gmt":"2024-04-11T09:00:56","slug":"big-tent-for-many-people-to-join-together","status":"publish","type":"product","link":"https:\/\/alientory.com\/pt\/produto\/big-tent-for-many-people-to-join-together\/","title":{"rendered":"Grande tenda"},"content":{"rendered":"<p>Especifica\u00e7\u00f5es:<br \/>\nCor: cinzento, preto, azul, caqui, branco<br \/>\nTamanho: A pedido do utilizador<br \/>\nPeso do produto: determinado pelo tamanho que necessita<br \/>\n\u00c0 prova de \u00e1gua: 100% \u00e0 prova de \u00e1gua<br \/>\n\u00cdndice de prote\u00e7\u00e3o solar: UPF50+<br \/>\nMaterial da capa: tecido Oxford 210D\/420D\/540D\/1080D<br \/>\nMaterial da estrutura: tubos de a\u00e7o revestidos<br \/>\nMaterial do saco de transporte: tecido Oxford 800D<br \/>\nUtiliza\u00e7\u00e3o alargada: Perfeito para festas, casamentos, acampamentos, armazenamento, abrigos, exposi\u00e7\u00f5es, eventos de marketing, etc.<\/p>","protected":false},"excerpt":{"rendered":"<p>The size of big tent can be customized, 10*10Ft, 10*20Ft,20*30Ft, pls send us message if you need it.<\/p>\n<p>&nbsp;<\/p>\n<p>\u00c0 prova de \u00e1gua: 100% \u00e0 prova de \u00e1gua<br \/>\n\u00cdndice de prote\u00e7\u00e3o solar: UPF50+<br \/>\nMaterial da capa: tecido Oxford 210D\/420D\/540D\/1080D<br \/>\nMaterial da estrutura: tubos de a\u00e7o revestidos<br \/>\nMaterial do saco de transporte: tecido Oxford 800D<br \/>\nUtiliza\u00e7\u00e3o alargada: Perfeito para festas, casamentos, acampamentos, armazenamento, abrigos, exposi\u00e7\u00f5es, eventos de marketing, etc.<\/p>","protected":false},"featured_media":6836,"comment_status":"closed","ping_status":"closed","template":"","meta":{"site-sidebar-layout":"default","site-content-layout":"","ast-site-content-layout":"default","site-content-style":"default","site-sidebar-style":"default","ast-global-header-display":"","ast-banner-title-visibility":"","ast-main-header-display":"","ast-hfb-above-header-display":"","ast-hfb-below-header-display":"","ast-hfb-mobile-header-display":"","site-post-title":"","ast-breadcrumbs-content":"","ast-featured-img":"","footer-sml-layout":"","theme-transparent-header-meta":"default","adv-header-id-meta":"","stick-header-meta":"","header-above-stick-meta":"","header-main-stick-meta":"","header-below-stick-meta":"","astra-migrate-meta-layouts":"set","ast-page-background-enabled":"default","ast-page-background-meta":{"desktop":{"background-color":"","background-image":"","background-repeat":"repeat","background-position":"center center","background-size":"auto","background-attachment":"scroll","background-type":"","background-media":"","overlay-type":"","overlay-color":"","overlay-opacity":"","overlay-gradient":""},"tablet":{"background-color":"","background-image":"","background-repeat":"repeat","background-position":"center center","background-size":"auto","background-attachment":"scroll","background-type":"","background-media":"","overlay-type":"","overlay-color":"","overlay-opacity":"","overlay-gradient":""},"mobile":{"background-color":"","background-image":"","background-repeat":"repeat","background-position":"center center","background-size":"auto","background-attachment":"scroll","background-type":"","background-media":"","overlay-type":"","overlay-color":"","overlay-opacity":"","overlay-gradient":""}},"ast-content-background-meta":{"desktop":{"background-color":"var(--ast-global-color-5)","background-image":"","background-repeat":"repeat","background-position":"center center","background-size":"auto","background-attachment":"scroll","background-type":"","background-media":"","overlay-type":"","overlay-color":"","overlay-opacity":"","overlay-gradient":""},"tablet":{"background-color":"var(--ast-global-color-5)","background-image":"","background-repeat":"repeat","background-position":"center center","background-size":"auto","background-attachment":"scroll","background-type":"","background-media":"","overlay-type":"","overlay-color":"","overlay-opacity":"","overlay-gradient":""},"mobile":{"background-color":"var(--ast-global-color-5)","background-image":"","background-repeat":"repeat","background-position":"center center","background-size":"auto","background-attachment":"scroll","background-type":"","background-media":"","overlay-type":"","overlay-color":"","overlay-opacity":"","overlay-gradient":""}}},"product_cat":[86,93,94,88,73],"product_tag":[84],"class_list":{"0":"post-6552","1":"product","2":"type-product","3":"status-publish","4":"has-post-thumbnail","6":"product_cat-big-tent","7":"product_cat-camping-tent","8":"product_cat-frame-tent","9":"product_cat-customized-tent","10":"product_cat-normal-outdoor-tent","11":"product_tag-customized-size","12":"desktop-align-center","13":"tablet-align-center","14":"mobile-align-center","16":"first","17":"instock","18":"taxable","19":"shipping-taxable","20":"product-type-simple"},"yoast_head":"<!-- This site is optimized with the Yoast SEO plugin v24.4 - https:\/\/yoast.com\/wordpress\/plugins\/seo\/ -->\n<title>Big Tent -<\/title>\n<meta name=\"robots\" content=\"index, follow, max-snippet:-1, max-image-preview:large, max-video-preview:-1\" \/>\n<link rel=\"canonical\" href=\"https:\/\/orangered-bear-652802.hostingersite.com\/product\/big-tent-for-many-people-to-join-together\/\" \/>\n<meta property=\"og:locale\" content=\"pt_PT\" \/>\n<meta property=\"og:type\" content=\"article\" \/>\n<meta property=\"og:title\" content=\"Big Tent -\" \/>\n<meta property=\"og:description\" content=\"The size of big tent can be customized, 10*10Ft, 10*20Ft,20*30Ft, pls send us message if you need it.  &nbsp;  Waterproof: 100% Waterproof Sun Protection Index: UPF50+ Cover Material: 210D\/420D\/540D\/1080D Oxford fabric Frame Material: coated steel tubing Carry Bag Material:800D Oxford cloth Wide Usage: Perfect for Party, Wedding, Camping, Storage, Shelter, Exhibit, Marketing event, etc.\" \/>\n<meta property=\"og:url\" content=\"https:\/\/orangered-bear-652802.hostingersite.com\/product\/big-tent-for-many-people-to-join-together\/\" \/>\n<meta property=\"article:modified_time\" content=\"2024-04-11T09:00:56+00:00\" \/>\n<meta property=\"og:image\" content=\"https:\/\/orangered-bear-652802.hostingersite.com\/wp-content\/uploads\/2024\/03\/\u7a7a\u5fc3\u67b6\u8f66\u8f7d\u5e10\u7bf7_17.jpg\" \/>\n\t<meta property=\"og:image:width\" content=\"800\" \/>\n\t<meta property=\"og:image:height\" content=\"689\" \/>\n\t<meta property=\"og:image:type\" content=\"image\/jpeg\" \/>\n<meta name=\"twitter:card\" content=\"summary_large_image\" \/>\n<meta name=\"twitter:label1\" content=\"Est. reading time\" \/>\n\t<meta name=\"twitter:data1\" content=\"1 minuto\" \/>\n<script type=\"application\/ld+json\" class=\"yoast-schema-graph\">{\"@context\":\"https:\/\/schema.org\",\"@graph\":[{\"@type\":\"WebPage\",\"@id\":\"https:\/\/orangered-bear-652802.hostingersite.com\/product\/big-tent-for-many-people-to-join-together\/\",\"url\":\"https:\/\/orangered-bear-652802.hostingersite.com\/product\/big-tent-for-many-people-to-join-together\/\",\"name\":\"Big Tent -\",\"isPartOf\":{\"@id\":\"https:\/\/orangered-bear-652802.hostingersite.com\/#website\"},\"primaryImageOfPage\":{\"@id\":\"https:\/\/orangered-bear-652802.hostingersite.com\/product\/big-tent-for-many-people-to-join-together\/#primaryimage\"},\"image\":{\"@id\":\"https:\/\/orangered-bear-652802.hostingersite.com\/product\/big-tent-for-many-people-to-join-together\/#primaryimage\"},\"thumbnailUrl\":\"https:\/\/alientory.com\/wp-content\/uploads\/2024\/03\/\u7a7a\u5fc3\u67b6\u8f66\u8f7d\u5e10\u7bf7_17.jpg\",\"datePublished\":\"2024-03-02T09:39:30+00:00\",\"dateModified\":\"2024-04-11T09:00:56+00:00\",\"breadcrumb\":{\"@id\":\"https:\/\/orangered-bear-652802.hostingersite.com\/product\/big-tent-for-many-people-to-join-together\/#breadcrumb\"},\"inLanguage\":\"pt-AO\",\"potentialAction\":[{\"@type\":\"ReadAction\",\"target\":[\"https:\/\/orangered-bear-652802.hostingersite.com\/product\/big-tent-for-many-people-to-join-together\/\"]}]},{\"@type\":\"ImageObject\",\"inLanguage\":\"pt-AO\",\"@id\":\"https:\/\/orangered-bear-652802.hostingersite.com\/product\/big-tent-for-many-people-to-join-together\/#primaryimage\",\"url\":\"https:\/\/alientory.com\/wp-content\/uploads\/2024\/03\/\u7a7a\u5fc3\u67b6\u8f66\u8f7d\u5e10\u7bf7_17.jpg\",\"contentUrl\":\"https:\/\/alientory.com\/wp-content\/uploads\/2024\/03\/\u7a7a\u5fc3\u67b6\u8f66\u8f7d\u5e10\u7bf7_17.jpg\",\"width\":800,\"height\":689},{\"@type\":\"BreadcrumbList\",\"@id\":\"https:\/\/orangered-bear-652802.hostingersite.com\/product\/big-tent-for-many-people-to-join-together\/#breadcrumb\",\"itemListElement\":[{\"@type\":\"ListItem\",\"position\":1,\"name\":\"Home\",\"item\":\"https:\/\/orangered-bear-652802.hostingersite.com\/\"},{\"@type\":\"ListItem\",\"position\":2,\"name\":\"Shop\",\"item\":\"https:\/\/orangered-bear-652802.hostingersite.com\/shop\/\"},{\"@type\":\"ListItem\",\"position\":3,\"name\":\"Big Tent\"}]},{\"@type\":\"WebSite\",\"@id\":\"https:\/\/orangered-bear-652802.hostingersite.com\/#website\",\"url\":\"https:\/\/orangered-bear-652802.hostingersite.com\/\",\"name\":\"Haulkim\",\"description\":\"\",\"publisher\":{\"@id\":\"https:\/\/orangered-bear-652802.hostingersite.com\/#organization\"},\"potentialAction\":[{\"@type\":\"SearchAction\",\"target\":{\"@type\":\"EntryPoint\",\"urlTemplate\":\"https:\/\/orangered-bear-652802.hostingersite.com\/?s={search_term_string}\"},\"query-input\":{\"@type\":\"PropertyValueSpecification\",\"valueRequired\":true,\"valueName\":\"search_term_string\"}}],\"inLanguage\":\"pt-AO\"},{\"@type\":\"Organization\",\"@id\":\"https:\/\/orangered-bear-652802.hostingersite.com\/#organization\",\"name\":\"Haulkim\",\"url\":\"https:\/\/orangered-bear-652802.hostingersite.com\/\",\"logo\":{\"@type\":\"ImageObject\",\"inLanguage\":\"pt-AO\",\"@id\":\"https:\/\/orangered-bear-652802.hostingersite.com\/#\/schema\/logo\/image\/\",\"url\":\"https:\/\/alientory.com\/wp-content\/uploads\/2024\/03\/cropped-\u02ee\u04e1_\u04b3-2.png\",\"contentUrl\":\"https:\/\/alientory.com\/wp-content\/uploads\/2024\/03\/cropped-\u02ee\u04e1_\u04b3-2.png\",\"width\":979,\"height\":1160,\"caption\":\"Haulkim\"},\"image\":{\"@id\":\"https:\/\/orangered-bear-652802.hostingersite.com\/#\/schema\/logo\/image\/\"}}]}<\/script>\n<!-- \/ Yoast SEO plugin. -->","yoast_head_json":{"title":"Big Tent -","robots":{"index":"index","follow":"follow","max-snippet":"max-snippet:-1","max-image-preview":"max-image-preview:large","max-video-preview":"max-video-preview:-1"},"canonical":"https:\/\/orangered-bear-652802.hostingersite.com\/product\/big-tent-for-many-people-to-join-together\/","og_locale":"pt_PT","og_type":"article","og_title":"Big Tent -","og_description":"The size of big tent can be customized, 10*10Ft, 10*20Ft,20*30Ft, pls send us message if you need it.  &nbsp;  Waterproof: 100% Waterproof Sun Protection Index: UPF50+ Cover Material: 210D\/420D\/540D\/1080D Oxford fabric Frame Material: coated steel tubing Carry Bag Material:800D Oxford cloth Wide Usage: Perfect for Party, Wedding, Camping, Storage, Shelter, Exhibit, Marketing event, etc.","og_url":"https:\/\/orangered-bear-652802.hostingersite.com\/product\/big-tent-for-many-people-to-join-together\/","article_modified_time":"2024-04-11T09:00:56+00:00","og_image":[{"width":800,"height":689,"url":"https:\/\/orangered-bear-652802.hostingersite.com\/wp-content\/uploads\/2024\/03\/\u7a7a\u5fc3\u67b6\u8f66\u8f7d\u5e10\u7bf7_17.jpg","type":"image\/jpeg"}],"twitter_card":"summary_large_image","twitter_misc":{"Est. reading time":"1 minuto"},"schema":{"@context":"https:\/\/schema.org","@graph":[{"@type":"WebPage","@id":"https:\/\/orangered-bear-652802.hostingersite.com\/product\/big-tent-for-many-people-to-join-together\/","url":"https:\/\/orangered-bear-652802.hostingersite.com\/product\/big-tent-for-many-people-to-join-together\/","name":"Big Tent -","isPartOf":{"@id":"https:\/\/orangered-bear-652802.hostingersite.com\/#website"},"primaryImageOfPage":{"@id":"https:\/\/orangered-bear-652802.hostingersite.com\/product\/big-tent-for-many-people-to-join-together\/#primaryimage"},"image":{"@id":"https:\/\/orangered-bear-652802.hostingersite.com\/product\/big-tent-for-many-people-to-join-together\/#primaryimage"},"thumbnailUrl":"https:\/\/alientory.com\/wp-content\/uploads\/2024\/03\/\u7a7a\u5fc3\u67b6\u8f66\u8f7d\u5e10\u7bf7_17.jpg","datePublished":"2024-03-02T09:39:30+00:00","dateModified":"2024-04-11T09:00:56+00:00","breadcrumb":{"@id":"https:\/\/orangered-bear-652802.hostingersite.com\/product\/big-tent-for-many-people-to-join-together\/#breadcrumb"},"inLanguage":"pt-AO","potentialAction":[{"@type":"ReadAction","target":["https:\/\/orangered-bear-652802.hostingersite.com\/product\/big-tent-for-many-people-to-join-together\/"]}]},{"@type":"ImageObject","inLanguage":"pt-AO","@id":"https:\/\/orangered-bear-652802.hostingersite.com\/product\/big-tent-for-many-people-to-join-together\/#primaryimage","url":"https:\/\/alientory.com\/wp-content\/uploads\/2024\/03\/\u7a7a\u5fc3\u67b6\u8f66\u8f7d\u5e10\u7bf7_17.jpg","contentUrl":"https:\/\/alientory.com\/wp-content\/uploads\/2024\/03\/\u7a7a\u5fc3\u67b6\u8f66\u8f7d\u5e10\u7bf7_17.jpg","width":800,"height":689},{"@type":"BreadcrumbList","@id":"https:\/\/orangered-bear-652802.hostingersite.com\/product\/big-tent-for-many-people-to-join-together\/#breadcrumb","itemListElement":[{"@type":"ListItem","position":1,"name":"Home","item":"https:\/\/orangered-bear-652802.hostingersite.com\/"},{"@type":"ListItem","position":2,"name":"Shop","item":"https:\/\/orangered-bear-652802.hostingersite.com\/shop\/"},{"@type":"ListItem","position":3,"name":"Big Tent"}]},{"@type":"WebSite","@id":"https:\/\/orangered-bear-652802.hostingersite.com\/#website","url":"https:\/\/orangered-bear-652802.hostingersite.com\/","name":"Haulkim","description":"","publisher":{"@id":"https:\/\/orangered-bear-652802.hostingersite.com\/#organization"},"potentialAction":[{"@type":"SearchAction","target":{"@type":"EntryPoint","urlTemplate":"https:\/\/orangered-bear-652802.hostingersite.com\/?s={search_term_string}"},"query-input":{"@type":"PropertyValueSpecification","valueRequired":true,"valueName":"search_term_string"}}],"inLanguage":"pt-AO"},{"@type":"Organization","@id":"https:\/\/orangered-bear-652802.hostingersite.com\/#organization","name":"Haulkim","url":"https:\/\/orangered-bear-652802.hostingersite.com\/","logo":{"@type":"ImageObject","inLanguage":"pt-AO","@id":"https:\/\/orangered-bear-652802.hostingersite.com\/#\/schema\/logo\/image\/","url":"https:\/\/alientory.com\/wp-content\/uploads\/2024\/03\/cropped-\u02ee\u04e1_\u04b3-2.png","contentUrl":"https:\/\/alientory.com\/wp-content\/uploads\/2024\/03\/cropped-\u02ee\u04e1_\u04b3-2.png","width":979,"height":1160,"caption":"Haulkim"},"image":{"@id":"https:\/\/orangered-bear-652802.hostingersite.com\/#\/schema\/logo\/image\/"}}]}},"_links":{"self":[{"href":"https:\/\/alientory.com\/pt\/wp-json\/wp\/v2\/product\/6552","targetHints":{"allow":["GET"]}}],"collection":[{"href":"https:\/\/alientory.com\/pt\/wp-json\/wp\/v2\/product"}],"about":[{"href":"https:\/\/alientory.com\/pt\/wp-json\/wp\/v2\/types\/product"}],"replies":[{"embeddable":true,"href":"https:\/\/alientory.com\/pt\/wp-json\/wp\/v2\/comments?post=6552"}],"wp:featuredmedia":[{"embeddable":true,"href":"https:\/\/alientory.com\/pt\/wp-json\/wp\/v2\/media\/6836"}],"wp:attachment":[{"href":"https:\/\/alientory.com\/pt\/wp-json\/wp\/v2\/media?parent=6552"}],"wp:term":[{"taxonomy":"product_cat","embeddable":true,"href":"https:\/\/alientory.com\/pt\/wp-json\/wp\/v2\/product_cat?post=6552"},{"taxonomy":"product_tag","embeddable":true,"href":"https:\/\/alientory.com\/pt\/wp-json\/wp\/v2\/product_tag?post=6552"}],"curies":[{"name":"wp","href":"https:\/\/api.w.org\/{rel}","templated":true}]}}