{"id":6557,"date":"2024-03-02T09:41:03","date_gmt":"2024-03-02T09:41:03","guid":{"rendered":"https:\/\/alientory.com\/?post_type=product&#038;p=6557"},"modified":"2024-04-11T08:57:06","modified_gmt":"2024-04-11T08:57:06","slug":"exhibition-tent","status":"publish","type":"product","link":"https:\/\/alientory.com\/pt\/produto\/exhibition-tent\/","title":{"rendered":"Guarda-sol de praia"},"content":{"rendered":"<div class=\"expand-collapse-header flex justify-between items-center w-100\">\n<p class=\"w-100 ma0 pa3 f5 lh-copy normal undefined\" aria-hidden=\"false\">Cor: Para as suas necessidades.<br \/>\nUtiliza\u00e7\u00f5es espec\u00edficas do produto: \u00c0 prova de sol<br \/>\nUtiliza\u00e7\u00f5es recomendadas para o produto: Praia, Jardim, Exterior, Viagem, P\u00e1tio<br \/>\nP\u00fablico-alvo: Adultos<br \/>\nCaracter\u00edsticas especiais: Altura ajust\u00e1vel, \u00e0 prova de vento, bloqueio dos UV, telesc\u00f3pica, inclina\u00e7\u00e3o por bot\u00e3o de press\u00e3o<br \/>\nForma: Redondo<br \/>\nMaterial do veio: A\u00e7o<br \/>\nMaterial do cabo: Pl\u00e1stico<br \/>\nMaterial da estrutura: Fibra de vidro<\/p>\n<\/div>","protected":false},"excerpt":{"rendered":"<p>Utiliza\u00e7\u00f5es recomendadas para o produto: Praia, Jardim, Exterior, Viagem, P\u00e1tio<\/p>","protected":false},"featured_media":6838,"comment_status":"closed","ping_status":"closed","template":"","meta":{"site-sidebar-layout":"default","site-content-layout":"","ast-site-content-layout":"default","site-content-style":"default","site-sidebar-style":"default","ast-global-header-display":"","ast-banner-title-visibility":"","ast-main-header-display":"","ast-hfb-above-header-display":"","ast-hfb-below-header-display":"","ast-hfb-mobile-header-display":"","site-post-title":"","ast-breadcrumbs-content":"","ast-featured-img":"","footer-sml-layout":"","theme-transparent-header-meta":"default","adv-header-id-meta":"","stick-header-meta":"","header-above-stick-meta":"","header-main-stick-meta":"","header-below-stick-meta":"","astra-migrate-meta-layouts":"set","ast-page-background-enabled":"default","ast-page-background-meta":{"desktop":{"background-color":"","background-image":"","background-repeat":"repeat","background-position":"center center","background-size":"auto","background-attachment":"scroll","background-type":"","background-media":"","overlay-type":"","overlay-color":"","overlay-opacity":"","overlay-gradient":""},"tablet":{"background-color":"","background-image":"","background-repeat":"repeat","background-position":"center center","background-size":"auto","background-attachment":"scroll","background-type":"","background-media":"","overlay-type":"","overlay-color":"","overlay-opacity":"","overlay-gradient":""},"mobile":{"background-color":"","background-image":"","background-repeat":"repeat","background-position":"center center","background-size":"auto","background-attachment":"scroll","background-type":"","background-media":"","overlay-type":"","overlay-color":"","overlay-opacity":"","overlay-gradient":""}},"ast-content-background-meta":{"desktop":{"background-color":"var(--ast-global-color-5)","background-image":"","background-repeat":"repeat","background-position":"center center","background-size":"auto","background-attachment":"scroll","background-type":"","background-media":"","overlay-type":"","overlay-color":"","overlay-opacity":"","overlay-gradient":""},"tablet":{"background-color":"var(--ast-global-color-5)","background-image":"","background-repeat":"repeat","background-position":"center center","background-size":"auto","background-attachment":"scroll","background-type":"","background-media":"","overlay-type":"","overlay-color":"","overlay-opacity":"","overlay-gradient":""},"mobile":{"background-color":"var(--ast-global-color-5)","background-image":"","background-repeat":"repeat","background-position":"center center","background-size":"auto","background-attachment":"scroll","background-type":"","background-media":"","overlay-type":"","overlay-color":"","overlay-opacity":"","overlay-gradient":""}}},"product_cat":[87,96],"product_tag":[85],"class_list":{"0":"post-6557","1":"product","2":"type-product","3":"status-publish","4":"has-post-thumbnail","6":"product_cat-beach-umbrella","7":"product_cat-umbrella","8":"product_tag-beach","9":"desktop-align-center","10":"tablet-align-center","11":"mobile-align-center","13":"first","14":"instock","15":"taxable","16":"shipping-taxable","17":"product-type-simple"},"yoast_head":"<!-- This site is optimized with the Yoast SEO plugin v24.4 - https:\/\/yoast.com\/wordpress\/plugins\/seo\/ -->\n<title>Beach Umbrella -<\/title>\n<meta name=\"description\" content=\"Made of high-quality polyester fabric for a longer service life.Color: For your demands.Specific Uses For Product: Sun-proofRecommended Uses For Product: Beach, Garden, Outdoor, Travel, PatioTarget Audience: AdultSpecial Feature: Adjustable Height, Windproof, UV Blocking, Telescopic, Push Button TiltShape: RoundShaft Material: SteelHandle Material: PlasticFrame Material: Fiberglass\" \/>\n<meta name=\"robots\" content=\"index, follow, max-snippet:-1, max-image-preview:large, max-video-preview:-1\" \/>\n<link rel=\"canonical\" href=\"https:\/\/orangered-bear-652802.hostingersite.com\/product\/exhibition-tent\/\" \/>\n<meta property=\"og:locale\" content=\"pt_PT\" \/>\n<meta property=\"og:type\" content=\"article\" \/>\n<meta property=\"og:title\" content=\"Beach Umbrella -\" \/>\n<meta property=\"og:description\" content=\"Made of high-quality polyester fabric for a longer service life.Color: For your demands.Specific Uses For Product: Sun-proofRecommended Uses For Product: Beach, Garden, Outdoor, Travel, PatioTarget Audience: AdultSpecial Feature: Adjustable Height, Windproof, UV Blocking, Telescopic, Push Button TiltShape: RoundShaft Material: SteelHandle Material: PlasticFrame Material: Fiberglass\" \/>\n<meta property=\"og:url\" content=\"https:\/\/orangered-bear-652802.hostingersite.com\/product\/exhibition-tent\/\" \/>\n<meta property=\"article:modified_time\" content=\"2024-04-11T08:57:06+00:00\" \/>\n<meta property=\"og:image\" content=\"https:\/\/orangered-bear-652802.hostingersite.com\/wp-content\/uploads\/2024\/03\/\u58a8\u7eff70\u5bf8_\u526f\u672c.jpg\" \/>\n\t<meta property=\"og:image:width\" content=\"800\" \/>\n\t<meta property=\"og:image:height\" content=\"800\" \/>\n\t<meta property=\"og:image:type\" content=\"image\/jpeg\" \/>\n<meta name=\"twitter:card\" content=\"summary_large_image\" \/>\n<meta name=\"twitter:label1\" content=\"Est. reading time\" \/>\n\t<meta name=\"twitter:data1\" content=\"1 minuto\" \/>\n<script type=\"application\/ld+json\" class=\"yoast-schema-graph\">{\"@context\":\"https:\/\/schema.org\",\"@graph\":[{\"@type\":\"WebPage\",\"@id\":\"https:\/\/orangered-bear-652802.hostingersite.com\/product\/exhibition-tent\/\",\"url\":\"https:\/\/orangered-bear-652802.hostingersite.com\/product\/exhibition-tent\/\",\"name\":\"Beach Umbrella -\",\"isPartOf\":{\"@id\":\"https:\/\/orangered-bear-652802.hostingersite.com\/#website\"},\"primaryImageOfPage\":{\"@id\":\"https:\/\/orangered-bear-652802.hostingersite.com\/product\/exhibition-tent\/#primaryimage\"},\"image\":{\"@id\":\"https:\/\/orangered-bear-652802.hostingersite.com\/product\/exhibition-tent\/#primaryimage\"},\"thumbnailUrl\":\"https:\/\/alientory.com\/wp-content\/uploads\/2024\/03\/\u58a8\u7eff70\u5bf8_\u526f\u672c.jpg\",\"datePublished\":\"2024-03-02T09:41:03+00:00\",\"dateModified\":\"2024-04-11T08:57:06+00:00\",\"description\":\"Made of high-quality polyester fabric for a longer service life.Color: For your demands.Specific Uses For Product: Sun-proofRecommended Uses For Product: Beach, Garden, Outdoor, Travel, PatioTarget Audience: AdultSpecial Feature: Adjustable Height, Windproof, UV Blocking, Telescopic, Push Button TiltShape: RoundShaft Material: SteelHandle Material: PlasticFrame Material: Fiberglass\",\"breadcrumb\":{\"@id\":\"https:\/\/orangered-bear-652802.hostingersite.com\/product\/exhibition-tent\/#breadcrumb\"},\"inLanguage\":\"pt-AO\",\"potentialAction\":[{\"@type\":\"ReadAction\",\"target\":[\"https:\/\/orangered-bear-652802.hostingersite.com\/product\/exhibition-tent\/\"]}]},{\"@type\":\"ImageObject\",\"inLanguage\":\"pt-AO\",\"@id\":\"https:\/\/orangered-bear-652802.hostingersite.com\/product\/exhibition-tent\/#primaryimage\",\"url\":\"https:\/\/alientory.com\/wp-content\/uploads\/2024\/03\/\u58a8\u7eff70\u5bf8_\u526f\u672c.jpg\",\"contentUrl\":\"https:\/\/alientory.com\/wp-content\/uploads\/2024\/03\/\u58a8\u7eff70\u5bf8_\u526f\u672c.jpg\",\"width\":800,\"height\":800},{\"@type\":\"BreadcrumbList\",\"@id\":\"https:\/\/orangered-bear-652802.hostingersite.com\/product\/exhibition-tent\/#breadcrumb\",\"itemListElement\":[{\"@type\":\"ListItem\",\"position\":1,\"name\":\"Home\",\"item\":\"https:\/\/orangered-bear-652802.hostingersite.com\/\"},{\"@type\":\"ListItem\",\"position\":2,\"name\":\"Shop\",\"item\":\"https:\/\/orangered-bear-652802.hostingersite.com\/shop\/\"},{\"@type\":\"ListItem\",\"position\":3,\"name\":\"Beach Umbrella\"}]},{\"@type\":\"WebSite\",\"@id\":\"https:\/\/orangered-bear-652802.hostingersite.com\/#website\",\"url\":\"https:\/\/orangered-bear-652802.hostingersite.com\/\",\"name\":\"Haulkim\",\"description\":\"\",\"publisher\":{\"@id\":\"https:\/\/orangered-bear-652802.hostingersite.com\/#organization\"},\"potentialAction\":[{\"@type\":\"SearchAction\",\"target\":{\"@type\":\"EntryPoint\",\"urlTemplate\":\"https:\/\/orangered-bear-652802.hostingersite.com\/?s={search_term_string}\"},\"query-input\":{\"@type\":\"PropertyValueSpecification\",\"valueRequired\":true,\"valueName\":\"search_term_string\"}}],\"inLanguage\":\"pt-AO\"},{\"@type\":\"Organization\",\"@id\":\"https:\/\/orangered-bear-652802.hostingersite.com\/#organization\",\"name\":\"Haulkim\",\"url\":\"https:\/\/orangered-bear-652802.hostingersite.com\/\",\"logo\":{\"@type\":\"ImageObject\",\"inLanguage\":\"pt-AO\",\"@id\":\"https:\/\/orangered-bear-652802.hostingersite.com\/#\/schema\/logo\/image\/\",\"url\":\"https:\/\/alientory.com\/wp-content\/uploads\/2024\/03\/cropped-\u02ee\u04e1_\u04b3-2.png\",\"contentUrl\":\"https:\/\/alientory.com\/wp-content\/uploads\/2024\/03\/cropped-\u02ee\u04e1_\u04b3-2.png\",\"width\":979,\"height\":1160,\"caption\":\"Haulkim\"},\"image\":{\"@id\":\"https:\/\/orangered-bear-652802.hostingersite.com\/#\/schema\/logo\/image\/\"}}]}<\/script>\n<!-- \/ Yoast SEO plugin. -->","yoast_head_json":{"title":"Beach Umbrella -","description":"Made of high-quality polyester fabric for a longer service life.Color: For your demands.Specific Uses For Product: Sun-proofRecommended Uses For Product: Beach, Garden, Outdoor, Travel, PatioTarget Audience: AdultSpecial Feature: Adjustable Height, Windproof, UV Blocking, Telescopic, Push Button TiltShape: RoundShaft Material: SteelHandle Material: PlasticFrame Material: Fiberglass","robots":{"index":"index","follow":"follow","max-snippet":"max-snippet:-1","max-image-preview":"max-image-preview:large","max-video-preview":"max-video-preview:-1"},"canonical":"https:\/\/orangered-bear-652802.hostingersite.com\/product\/exhibition-tent\/","og_locale":"pt_PT","og_type":"article","og_title":"Beach Umbrella -","og_description":"Made of high-quality polyester fabric for a longer service life.Color: For your demands.Specific Uses For Product: Sun-proofRecommended Uses For Product: Beach, Garden, Outdoor, Travel, PatioTarget Audience: AdultSpecial Feature: Adjustable Height, Windproof, UV Blocking, Telescopic, Push Button TiltShape: RoundShaft Material: SteelHandle Material: PlasticFrame Material: Fiberglass","og_url":"https:\/\/orangered-bear-652802.hostingersite.com\/product\/exhibition-tent\/","article_modified_time":"2024-04-11T08:57:06+00:00","og_image":[{"width":800,"height":800,"url":"https:\/\/orangered-bear-652802.hostingersite.com\/wp-content\/uploads\/2024\/03\/\u58a8\u7eff70\u5bf8_\u526f\u672c.jpg","type":"image\/jpeg"}],"twitter_card":"summary_large_image","twitter_misc":{"Est. reading time":"1 minuto"},"schema":{"@context":"https:\/\/schema.org","@graph":[{"@type":"WebPage","@id":"https:\/\/orangered-bear-652802.hostingersite.com\/product\/exhibition-tent\/","url":"https:\/\/orangered-bear-652802.hostingersite.com\/product\/exhibition-tent\/","name":"Beach Umbrella -","isPartOf":{"@id":"https:\/\/orangered-bear-652802.hostingersite.com\/#website"},"primaryImageOfPage":{"@id":"https:\/\/orangered-bear-652802.hostingersite.com\/product\/exhibition-tent\/#primaryimage"},"image":{"@id":"https:\/\/orangered-bear-652802.hostingersite.com\/product\/exhibition-tent\/#primaryimage"},"thumbnailUrl":"https:\/\/alientory.com\/wp-content\/uploads\/2024\/03\/\u58a8\u7eff70\u5bf8_\u526f\u672c.jpg","datePublished":"2024-03-02T09:41:03+00:00","dateModified":"2024-04-11T08:57:06+00:00","description":"Made of high-quality polyester fabric for a longer service life.Color: For your demands.Specific Uses For Product: Sun-proofRecommended Uses For Product: Beach, Garden, Outdoor, Travel, PatioTarget Audience: AdultSpecial Feature: Adjustable Height, Windproof, UV Blocking, Telescopic, Push Button TiltShape: RoundShaft Material: SteelHandle Material: PlasticFrame Material: Fiberglass","breadcrumb":{"@id":"https:\/\/orangered-bear-652802.hostingersite.com\/product\/exhibition-tent\/#breadcrumb"},"inLanguage":"pt-AO","potentialAction":[{"@type":"ReadAction","target":["https:\/\/orangered-bear-652802.hostingersite.com\/product\/exhibition-tent\/"]}]},{"@type":"ImageObject","inLanguage":"pt-AO","@id":"https:\/\/orangered-bear-652802.hostingersite.com\/product\/exhibition-tent\/#primaryimage","url":"https:\/\/alientory.com\/wp-content\/uploads\/2024\/03\/\u58a8\u7eff70\u5bf8_\u526f\u672c.jpg","contentUrl":"https:\/\/alientory.com\/wp-content\/uploads\/2024\/03\/\u58a8\u7eff70\u5bf8_\u526f\u672c.jpg","width":800,"height":800},{"@type":"BreadcrumbList","@id":"https:\/\/orangered-bear-652802.hostingersite.com\/product\/exhibition-tent\/#breadcrumb","itemListElement":[{"@type":"ListItem","position":1,"name":"Home","item":"https:\/\/orangered-bear-652802.hostingersite.com\/"},{"@type":"ListItem","position":2,"name":"Shop","item":"https:\/\/orangered-bear-652802.hostingersite.com\/shop\/"},{"@type":"ListItem","position":3,"name":"Beach Umbrella"}]},{"@type":"WebSite","@id":"https:\/\/orangered-bear-652802.hostingersite.com\/#website","url":"https:\/\/orangered-bear-652802.hostingersite.com\/","name":"Haulkim","description":"","publisher":{"@id":"https:\/\/orangered-bear-652802.hostingersite.com\/#organization"},"potentialAction":[{"@type":"SearchAction","target":{"@type":"EntryPoint","urlTemplate":"https:\/\/orangered-bear-652802.hostingersite.com\/?s={search_term_string}"},"query-input":{"@type":"PropertyValueSpecification","valueRequired":true,"valueName":"search_term_string"}}],"inLanguage":"pt-AO"},{"@type":"Organization","@id":"https:\/\/orangered-bear-652802.hostingersite.com\/#organization","name":"Haulkim","url":"https:\/\/orangered-bear-652802.hostingersite.com\/","logo":{"@type":"ImageObject","inLanguage":"pt-AO","@id":"https:\/\/orangered-bear-652802.hostingersite.com\/#\/schema\/logo\/image\/","url":"https:\/\/alientory.com\/wp-content\/uploads\/2024\/03\/cropped-\u02ee\u04e1_\u04b3-2.png","contentUrl":"https:\/\/alientory.com\/wp-content\/uploads\/2024\/03\/cropped-\u02ee\u04e1_\u04b3-2.png","width":979,"height":1160,"caption":"Haulkim"},"image":{"@id":"https:\/\/orangered-bear-652802.hostingersite.com\/#\/schema\/logo\/image\/"}}]}},"_links":{"self":[{"href":"https:\/\/alientory.com\/pt\/wp-json\/wp\/v2\/product\/6557","targetHints":{"allow":["GET"]}}],"collection":[{"href":"https:\/\/alientory.com\/pt\/wp-json\/wp\/v2\/product"}],"about":[{"href":"https:\/\/alientory.com\/pt\/wp-json\/wp\/v2\/types\/product"}],"replies":[{"embeddable":true,"href":"https:\/\/alientory.com\/pt\/wp-json\/wp\/v2\/comments?post=6557"}],"wp:featuredmedia":[{"embeddable":true,"href":"https:\/\/alientory.com\/pt\/wp-json\/wp\/v2\/media\/6838"}],"wp:attachment":[{"href":"https:\/\/alientory.com\/pt\/wp-json\/wp\/v2\/media?parent=6557"}],"wp:term":[{"taxonomy":"product_cat","embeddable":true,"href":"https:\/\/alientory.com\/pt\/wp-json\/wp\/v2\/product_cat?post=6557"},{"taxonomy":"product_tag","embeddable":true,"href":"https:\/\/alientory.com\/pt\/wp-json\/wp\/v2\/product_tag?post=6557"}],"curies":[{"name":"wp","href":"https:\/\/api.w.org\/{rel}","templated":true}]}}