{"id":7289,"date":"2024-04-11T06:06:14","date_gmt":"2024-04-11T06:06:14","guid":{"rendered":"https:\/\/alientory.com\/?post_type=product&#038;p=7289"},"modified":"2024-11-28T02:50:25","modified_gmt":"2024-11-28T02:50:25","slug":"carport","status":"publish","type":"product","link":"https:\/\/alientory.com\/pt\/produto\/carport\/","title":{"rendered":"SANWAY Carport para servi\u00e7o pesado com paredes laterais e portas amov\u00edveis, garagem port\u00e1til com janelas ventiladas enrol\u00e1veis"},"content":{"rendered":"<ul class=\"a-unordered-list a-vertical a-spacing-mini\">\n<li class=\"a-spacing-mini\"><span class=\"a-list-item\">\u3010Porta de uso m\u00faltiplo\u3011 A garagem de 10'x20'oferece amplo espa\u00e7o para seus ve\u00edculos, barcos e cargas, etc. Paredes laterais e portas remov\u00edveis para atender \u00e0s suas diversas necessidades. Este dossel de garagem tamb\u00e9m \u00e9 perfeito para eventos ao ar livre, como festas, casamentos e feiras comerciais.<\/span><\/li>\n<li class=\"a-spacing-mini\"><span class=\"a-list-item\">\u3010Porta de servi\u00e7o pesado\u3011 Este kit de garagem \u00e9 feito de uma estrutura de a\u00e7o revestida ecol\u00f3gica. Os tubos de a\u00e7o de alta resist\u00eancia s\u00e3o \u03c638mm de di\u00e2metro e 0,8 mm de espessura. Al\u00e9m disso, h\u00e1 feixe triangular refor\u00e7ado, conectores soldados por arte, etc. Isso torna todo o porto de carro de a\u00e7o mais est\u00e1vel e muito mais seguro em condi\u00e7\u00f5es clim\u00e1ticas adversas.<\/span><\/li>\n<li class=\"a-spacing-mini\"><span class=\"a-list-item\">\u3010All Weather Carport\u3011A garagem port\u00e1til possui uma cobertura de dossel imperme\u00e1vel de 180g para todas as esta\u00e7\u00f5es para manter seu investimento fora do sol, chuva, poeira e neve. As quatro janelas de ventila\u00e7\u00e3o nas paredes laterais, que promovem a circula\u00e7\u00e3o de ar no ver\u00e3o e proporcionam resist\u00eancia ao vento no inverno. Estamos empenhados em criar uma solu\u00e7\u00e3o ideal e<\/span><\/li>\n<li class=\"a-spacing-mini\"><span class=\"a-list-item\">\u3010Montagem sem esfor\u00e7o\u3011 Montar nossa garagem port\u00e1til de 10 \u00d7 20 p\u00e9s para servi\u00e7o pesado \u00e9 uma brisa; nenhuma ferramenta extra \u00e9 necess\u00e1ria. Cada componente \u00e9 rotulado com um n\u00famero, e as instru\u00e7\u00f5es inclu\u00eddas tornam a instala\u00e7\u00e3o simples. V\u00eddeos de instala\u00e7\u00e3o detalhados tamb\u00e9m est\u00e3o dispon\u00edveis e, normalmente, 2-3 adultos podem concluir a configura\u00e7\u00e3o de forma f\u00e1cil e r\u00e1pida.<\/span><\/li>\n<li class=\"a-spacing-mini\"><span class=\"a-list-item\">\u3010Garantia de qualidade e suporte\u3011 N\u00f3s garantimos a confiabilidade e versatilidade de nossa barraca de dossel port\u00e1til para porta de carro. Se voc\u00ea tiver alguma d\u00favida ou preocupa\u00e7\u00e3o, n\u00e3o hesite em nos contactar. Nossa equipe de atendimento ao cliente ter\u00e1 prazer em fornecer assist\u00eancia dentro de 24 horas.<\/span><\/li>\n<li class=\"a-spacing-mini\"><span class=\"a-list-item\">Lembrete amig\u00e1vel\u3011 Durante condi\u00e7\u00f5es clim\u00e1ticas inclementes, recomendamos dobrar a garagem ao ar livre como precau\u00e7\u00e3o, e sempre limpar a neve prontamente no inverno para seguran\u00e7a e longevidade.<\/span><\/li>\n<\/ul>\n<p>Se quiser saber mais sobre a nossa garagem, por favor, tenha a bondade de <a href=\"https:\/\/alientory.com\/pt\/\">contacto<\/a> n\u00f3s.<\/p>\n<p style=\"text-align: center;\"><img fetchpriority=\"high\" decoding=\"async\" class=\"alignnone size-full wp-image-7575\" src=\"https:\/\/alientory.com\/wp-content\/uploads\/2024\/04\/1.png\" alt=\"\" width=\"989\" height=\"684\" srcset=\"https:\/\/alientory.com\/wp-content\/uploads\/2024\/04\/1.png 989w, https:\/\/alientory.com\/wp-content\/uploads\/2024\/04\/1-300x207.png 300w, https:\/\/alientory.com\/wp-content\/uploads\/2024\/04\/1-768x531.png 768w, https:\/\/alientory.com\/wp-content\/uploads\/2024\/04\/1-18x12.png 18w, https:\/\/alientory.com\/wp-content\/uploads\/2024\/04\/1-600x415.png 600w\" sizes=\"(max-width: 989px) 100vw, 989px\" \/> <img decoding=\"async\" class=\"alignnone size-full wp-image-7576\" src=\"https:\/\/alientory.com\/wp-content\/uploads\/2024\/04\/2.png\" alt=\"\" width=\"995\" height=\"636\" srcset=\"https:\/\/alientory.com\/wp-content\/uploads\/2024\/04\/2.png 995w, https:\/\/alientory.com\/wp-content\/uploads\/2024\/04\/2-300x192.png 300w, https:\/\/alientory.com\/wp-content\/uploads\/2024\/04\/2-768x491.png 768w, https:\/\/alientory.com\/wp-content\/uploads\/2024\/04\/2-18x12.png 18w, https:\/\/alientory.com\/wp-content\/uploads\/2024\/04\/2-600x384.png 600w\" sizes=\"(max-width: 995px) 100vw, 995px\" \/> <img decoding=\"async\" class=\"alignnone size-full wp-image-7577\" src=\"https:\/\/alientory.com\/wp-content\/uploads\/2024\/04\/3.png\" alt=\"\" width=\"1001\" height=\"455\" srcset=\"https:\/\/alientory.com\/wp-content\/uploads\/2024\/04\/3.png 1001w, https:\/\/alientory.com\/wp-content\/uploads\/2024\/04\/3-300x136.png 300w, https:\/\/alientory.com\/wp-content\/uploads\/2024\/04\/3-768x349.png 768w, https:\/\/alientory.com\/wp-content\/uploads\/2024\/04\/3-18x8.png 18w, https:\/\/alientory.com\/wp-content\/uploads\/2024\/04\/3-600x273.png 600w\" sizes=\"(max-width: 1001px) 100vw, 1001px\" \/> <img loading=\"lazy\" decoding=\"async\" class=\"alignnone size-full wp-image-7579\" src=\"https:\/\/alientory.com\/wp-content\/uploads\/2024\/04\/4.png\" alt=\"\" width=\"973\" height=\"301\" srcset=\"https:\/\/alientory.com\/wp-content\/uploads\/2024\/04\/4.png 973w, https:\/\/alientory.com\/wp-content\/uploads\/2024\/04\/4-300x93.png 300w, https:\/\/alientory.com\/wp-content\/uploads\/2024\/04\/4-768x238.png 768w, https:\/\/alientory.com\/wp-content\/uploads\/2024\/04\/4-18x6.png 18w, https:\/\/alientory.com\/wp-content\/uploads\/2024\/04\/4-600x186.png 600w\" sizes=\"(max-width: 973px) 100vw, 973px\" \/> <img loading=\"lazy\" decoding=\"async\" class=\"alignnone size-full wp-image-7582\" src=\"https:\/\/alientory.com\/wp-content\/uploads\/2024\/04\/5.png\" alt=\"\" width=\"1005\" height=\"308\" srcset=\"https:\/\/alientory.com\/wp-content\/uploads\/2024\/04\/5.png 1005w, https:\/\/alientory.com\/wp-content\/uploads\/2024\/04\/5-300x92.png 300w, https:\/\/alientory.com\/wp-content\/uploads\/2024\/04\/5-768x235.png 768w, https:\/\/alientory.com\/wp-content\/uploads\/2024\/04\/5-18x6.png 18w, https:\/\/alientory.com\/wp-content\/uploads\/2024\/04\/5-600x184.png 600w\" sizes=\"(max-width: 1005px) 100vw, 1005px\" \/><img decoding=\"async\" class=\"alignnone size-full wp-image-7576\" src=\"https:\/\/alientory.com\/wp-content\/uploads\/2024\/04\/2.png\" alt=\"\" width=\"995\" height=\"636\" srcset=\"https:\/\/alientory.com\/wp-content\/uploads\/2024\/04\/2.png 995w, https:\/\/alientory.com\/wp-content\/uploads\/2024\/04\/2-300x192.png 300w, https:\/\/alientory.com\/wp-content\/uploads\/2024\/04\/2-768x491.png 768w, https:\/\/alientory.com\/wp-content\/uploads\/2024\/04\/2-18x12.png 18w, https:\/\/alientory.com\/wp-content\/uploads\/2024\/04\/2-600x384.png 600w\" sizes=\"(max-width: 995px) 100vw, 995px\" \/><img loading=\"lazy\" decoding=\"async\" class=\"alignnone size-full wp-image-7579\" src=\"https:\/\/alientory.com\/wp-content\/uploads\/2024\/04\/4.png\" alt=\"\" width=\"973\" height=\"301\" srcset=\"https:\/\/alientory.com\/wp-content\/uploads\/2024\/04\/4.png 973w, https:\/\/alientory.com\/wp-content\/uploads\/2024\/04\/4-300x93.png 300w, https:\/\/alientory.com\/wp-content\/uploads\/2024\/04\/4-768x238.png 768w, https:\/\/alientory.com\/wp-content\/uploads\/2024\/04\/4-18x6.png 18w, https:\/\/alientory.com\/wp-content\/uploads\/2024\/04\/4-600x186.png 600w\" sizes=\"(max-width: 973px) 100vw, 973px\" \/><img decoding=\"async\" class=\"alignnone size-full wp-image-7577\" src=\"https:\/\/alientory.com\/wp-content\/uploads\/2024\/04\/3.png\" alt=\"\" width=\"1001\" height=\"455\" srcset=\"https:\/\/alientory.com\/wp-content\/uploads\/2024\/04\/3.png 1001w, https:\/\/alientory.com\/wp-content\/uploads\/2024\/04\/3-300x136.png 300w, https:\/\/alientory.com\/wp-content\/uploads\/2024\/04\/3-768x349.png 768w, https:\/\/alientory.com\/wp-content\/uploads\/2024\/04\/3-18x8.png 18w, https:\/\/alientory.com\/wp-content\/uploads\/2024\/04\/3-600x273.png 600w\" sizes=\"(max-width: 1001px) 100vw, 1001px\" \/><img loading=\"lazy\" decoding=\"async\" class=\"alignnone size-full wp-image-7582\" src=\"https:\/\/alientory.com\/wp-content\/uploads\/2024\/04\/5.png\" alt=\"\" width=\"1005\" height=\"308\" srcset=\"https:\/\/alientory.com\/wp-content\/uploads\/2024\/04\/5.png 1005w, https:\/\/alientory.com\/wp-content\/uploads\/2024\/04\/5-300x92.png 300w, https:\/\/alientory.com\/wp-content\/uploads\/2024\/04\/5-768x235.png 768w, https:\/\/alientory.com\/wp-content\/uploads\/2024\/04\/5-18x6.png 18w, https:\/\/alientory.com\/wp-content\/uploads\/2024\/04\/5-600x184.png 600w\" sizes=\"(max-width: 1005px) 100vw, 1005px\" \/><\/p>\n<p>&nbsp;<\/p>","protected":false},"excerpt":{"rendered":"<p><span class=\"a-list-item\">Carport resistente, tubo de a\u00e7o espessado, lona super grossa, forte prote\u00e7\u00e3o solar e prote\u00e7\u00e3o contra o vento, proporciona muito espa\u00e7o para os seus ve\u00edculos, barcos, carga.<\/span><\/p>","protected":false},"featured_media":7585,"comment_status":"closed","ping_status":"closed","template":"","meta":{"site-sidebar-layout":"default","site-content-layout":"","ast-site-content-layout":"normal-width-container","site-content-style":"boxed","site-sidebar-style":"default","ast-global-header-display":"","ast-banner-title-visibility":"","ast-main-header-display":"","ast-hfb-above-header-display":"","ast-hfb-below-header-display":"","ast-hfb-mobile-header-display":"","site-post-title":"","ast-breadcrumbs-content":"","ast-featured-img":"","footer-sml-layout":"","theme-transparent-header-meta":"default","adv-header-id-meta":"","stick-header-meta":"","header-above-stick-meta":"","header-main-stick-meta":"","header-below-stick-meta":"","astra-migrate-meta-layouts":"set","ast-page-background-enabled":"default","ast-page-background-meta":{"desktop":{"background-color":"","background-image":"","background-repeat":"repeat","background-position":"center center","background-size":"auto","background-attachment":"scroll","background-type":"","background-media":"","overlay-type":"","overlay-color":"","overlay-opacity":"","overlay-gradient":""},"tablet":{"background-color":"","background-image":"","background-repeat":"repeat","background-position":"center center","background-size":"auto","background-attachment":"scroll","background-type":"","background-media":"","overlay-type":"","overlay-color":"","overlay-opacity":"","overlay-gradient":""},"mobile":{"background-color":"","background-image":"","background-repeat":"repeat","background-position":"center center","background-size":"auto","background-attachment":"scroll","background-type":"","background-media":"","overlay-type":"","overlay-color":"","overlay-opacity":"","overlay-gradient":""}},"ast-content-background-meta":{"desktop":{"background-color":"var(--ast-global-color-5)","background-image":"","background-repeat":"repeat","background-position":"center center","background-size":"auto","background-attachment":"scroll","background-type":"","background-media":"","overlay-type":"","overlay-color":"","overlay-opacity":"","overlay-gradient":""},"tablet":{"background-color":"var(--ast-global-color-5)","background-image":"","background-repeat":"repeat","background-position":"center center","background-size":"auto","background-attachment":"scroll","background-type":"","background-media":"","overlay-type":"","overlay-color":"","overlay-opacity":"","overlay-gradient":""},"mobile":{"background-color":"var(--ast-global-color-5)","background-image":"","background-repeat":"repeat","background-position":"center center","background-size":"auto","background-attachment":"scroll","background-type":"","background-media":"","overlay-type":"","overlay-color":"","overlay-opacity":"","overlay-gradient":""}}},"product_cat":[86,89,88],"product_tag":[109,95],"class_list":{"0":"post-7289","1":"product","2":"type-product","3":"status-publish","4":"has-post-thumbnail","6":"product_cat-big-tent","7":"product_cat-carport-tent","8":"product_cat-customized-tent","9":"product_tag-carport","10":"product_tag-durable-carport","11":"desktop-align-center","12":"tablet-align-center","13":"mobile-align-center","15":"first","16":"instock","17":"taxable","18":"shipping-taxable","19":"purchasable","20":"product-type-variable"},"yoast_head":"<!-- This site is optimized with the Yoast SEO plugin v24.4 - https:\/\/yoast.com\/wordpress\/plugins\/seo\/ -->\n<title>SANWAY Heavy Duty Carport with Removable Sidewalls &amp; Doors, Portable Garage with Roll-up Ventilated Windows -<\/title>\n<meta name=\"description\" content=\"Heavy Duty Carport may be a wise choice for you to protect your vehicle, which can help anti-rain, anti-sun, anti-wind, anti-dirty.\" \/>\n<meta name=\"robots\" content=\"index, follow, max-snippet:-1, max-image-preview:large, max-video-preview:-1\" \/>\n<link rel=\"canonical\" href=\"https:\/\/orangered-bear-652802.hostingersite.com\/product\/carport\/\" \/>\n<meta property=\"og:locale\" content=\"pt_PT\" \/>\n<meta property=\"og:type\" content=\"article\" \/>\n<meta property=\"og:title\" content=\"SANWAY Heavy Duty Carport with Removable Sidewalls &amp; Doors, Portable Garage with Roll-up Ventilated Windows -\" \/>\n<meta property=\"og:description\" content=\"Heavy Duty Carport may be a wise choice for you to protect your vehicle, which can help anti-rain, anti-sun, anti-wind, anti-dirty.\" \/>\n<meta property=\"og:url\" content=\"https:\/\/orangered-bear-652802.hostingersite.com\/product\/carport\/\" \/>\n<meta property=\"article:modified_time\" content=\"2024-11-28T02:50:25+00:00\" \/>\n<meta property=\"og:image\" content=\"https:\/\/orangered-bear-652802.hostingersite.com\/wp-content\/uploads\/2024\/04\/\u4e3b\u56fe.jpg\" \/>\n\t<meta property=\"og:image:width\" content=\"1500\" \/>\n\t<meta property=\"og:image:height\" content=\"1500\" \/>\n\t<meta property=\"og:image:type\" content=\"image\/jpeg\" \/>\n<meta name=\"twitter:card\" content=\"summary_large_image\" \/>\n<meta name=\"twitter:label1\" content=\"Est. reading time\" \/>\n\t<meta name=\"twitter:data1\" content=\"4 minutos\" \/>\n<script type=\"application\/ld+json\" class=\"yoast-schema-graph\">{\"@context\":\"https:\/\/schema.org\",\"@graph\":[{\"@type\":\"WebPage\",\"@id\":\"https:\/\/orangered-bear-652802.hostingersite.com\/product\/carport\/\",\"url\":\"https:\/\/orangered-bear-652802.hostingersite.com\/product\/carport\/\",\"name\":\"SANWAY Heavy Duty Carport with Removable Sidewalls & Doors, Portable Garage with Roll-up Ventilated Windows -\",\"isPartOf\":{\"@id\":\"https:\/\/orangered-bear-652802.hostingersite.com\/#website\"},\"primaryImageOfPage\":{\"@id\":\"https:\/\/orangered-bear-652802.hostingersite.com\/product\/carport\/#primaryimage\"},\"image\":{\"@id\":\"https:\/\/orangered-bear-652802.hostingersite.com\/product\/carport\/#primaryimage\"},\"thumbnailUrl\":\"https:\/\/alientory.com\/wp-content\/uploads\/2024\/04\/\u4e3b\u56fe.jpg\",\"datePublished\":\"2024-04-11T06:06:14+00:00\",\"dateModified\":\"2024-11-28T02:50:25+00:00\",\"description\":\"Heavy Duty Carport may be a wise choice for you to protect your vehicle, which can help anti-rain, anti-sun, anti-wind, anti-dirty.\",\"breadcrumb\":{\"@id\":\"https:\/\/orangered-bear-652802.hostingersite.com\/product\/carport\/#breadcrumb\"},\"inLanguage\":\"pt-AO\",\"potentialAction\":[{\"@type\":\"ReadAction\",\"target\":[\"https:\/\/orangered-bear-652802.hostingersite.com\/product\/carport\/\"]}]},{\"@type\":\"ImageObject\",\"inLanguage\":\"pt-AO\",\"@id\":\"https:\/\/orangered-bear-652802.hostingersite.com\/product\/carport\/#primaryimage\",\"url\":\"https:\/\/alientory.com\/wp-content\/uploads\/2024\/04\/\u4e3b\u56fe.jpg\",\"contentUrl\":\"https:\/\/alientory.com\/wp-content\/uploads\/2024\/04\/\u4e3b\u56fe.jpg\",\"width\":1500,\"height\":1500},{\"@type\":\"BreadcrumbList\",\"@id\":\"https:\/\/orangered-bear-652802.hostingersite.com\/product\/carport\/#breadcrumb\",\"itemListElement\":[{\"@type\":\"ListItem\",\"position\":1,\"name\":\"Home\",\"item\":\"https:\/\/orangered-bear-652802.hostingersite.com\/\"},{\"@type\":\"ListItem\",\"position\":2,\"name\":\"Shop\",\"item\":\"https:\/\/orangered-bear-652802.hostingersite.com\/shop\/\"},{\"@type\":\"ListItem\",\"position\":3,\"name\":\"SANWAY Heavy Duty Carport with Removable Sidewalls &#038; Doors, Portable Garage with Roll-up Ventilated Windows\"}]},{\"@type\":\"WebSite\",\"@id\":\"https:\/\/orangered-bear-652802.hostingersite.com\/#website\",\"url\":\"https:\/\/orangered-bear-652802.hostingersite.com\/\",\"name\":\"Haulkim\",\"description\":\"\",\"publisher\":{\"@id\":\"https:\/\/orangered-bear-652802.hostingersite.com\/#organization\"},\"potentialAction\":[{\"@type\":\"SearchAction\",\"target\":{\"@type\":\"EntryPoint\",\"urlTemplate\":\"https:\/\/orangered-bear-652802.hostingersite.com\/?s={search_term_string}\"},\"query-input\":{\"@type\":\"PropertyValueSpecification\",\"valueRequired\":true,\"valueName\":\"search_term_string\"}}],\"inLanguage\":\"pt-AO\"},{\"@type\":\"Organization\",\"@id\":\"https:\/\/orangered-bear-652802.hostingersite.com\/#organization\",\"name\":\"Haulkim\",\"url\":\"https:\/\/orangered-bear-652802.hostingersite.com\/\",\"logo\":{\"@type\":\"ImageObject\",\"inLanguage\":\"pt-AO\",\"@id\":\"https:\/\/orangered-bear-652802.hostingersite.com\/#\/schema\/logo\/image\/\",\"url\":\"https:\/\/alientory.com\/wp-content\/uploads\/2024\/03\/cropped-\u02ee\u04e1_\u04b3-2.png\",\"contentUrl\":\"https:\/\/alientory.com\/wp-content\/uploads\/2024\/03\/cropped-\u02ee\u04e1_\u04b3-2.png\",\"width\":979,\"height\":1160,\"caption\":\"Haulkim\"},\"image\":{\"@id\":\"https:\/\/orangered-bear-652802.hostingersite.com\/#\/schema\/logo\/image\/\"}}]}<\/script>\n<!-- \/ Yoast SEO plugin. -->","yoast_head_json":{"title":"SANWAY Heavy Duty Carport with Removable Sidewalls & Doors, Portable Garage with Roll-up Ventilated Windows -","description":"Heavy Duty Carport may be a wise choice for you to protect your vehicle, which can help anti-rain, anti-sun, anti-wind, anti-dirty.","robots":{"index":"index","follow":"follow","max-snippet":"max-snippet:-1","max-image-preview":"max-image-preview:large","max-video-preview":"max-video-preview:-1"},"canonical":"https:\/\/orangered-bear-652802.hostingersite.com\/product\/carport\/","og_locale":"pt_PT","og_type":"article","og_title":"SANWAY Heavy Duty Carport with Removable Sidewalls & Doors, Portable Garage with Roll-up Ventilated Windows -","og_description":"Heavy Duty Carport may be a wise choice for you to protect your vehicle, which can help anti-rain, anti-sun, anti-wind, anti-dirty.","og_url":"https:\/\/orangered-bear-652802.hostingersite.com\/product\/carport\/","article_modified_time":"2024-11-28T02:50:25+00:00","og_image":[{"width":1500,"height":1500,"url":"https:\/\/orangered-bear-652802.hostingersite.com\/wp-content\/uploads\/2024\/04\/\u4e3b\u56fe.jpg","type":"image\/jpeg"}],"twitter_card":"summary_large_image","twitter_misc":{"Est. reading time":"4 minutos"},"schema":{"@context":"https:\/\/schema.org","@graph":[{"@type":"WebPage","@id":"https:\/\/orangered-bear-652802.hostingersite.com\/product\/carport\/","url":"https:\/\/orangered-bear-652802.hostingersite.com\/product\/carport\/","name":"SANWAY Heavy Duty Carport with Removable Sidewalls & Doors, Portable Garage with Roll-up Ventilated Windows -","isPartOf":{"@id":"https:\/\/orangered-bear-652802.hostingersite.com\/#website"},"primaryImageOfPage":{"@id":"https:\/\/orangered-bear-652802.hostingersite.com\/product\/carport\/#primaryimage"},"image":{"@id":"https:\/\/orangered-bear-652802.hostingersite.com\/product\/carport\/#primaryimage"},"thumbnailUrl":"https:\/\/alientory.com\/wp-content\/uploads\/2024\/04\/\u4e3b\u56fe.jpg","datePublished":"2024-04-11T06:06:14+00:00","dateModified":"2024-11-28T02:50:25+00:00","description":"Heavy Duty Carport may be a wise choice for you to protect your vehicle, which can help anti-rain, anti-sun, anti-wind, anti-dirty.","breadcrumb":{"@id":"https:\/\/orangered-bear-652802.hostingersite.com\/product\/carport\/#breadcrumb"},"inLanguage":"pt-AO","potentialAction":[{"@type":"ReadAction","target":["https:\/\/orangered-bear-652802.hostingersite.com\/product\/carport\/"]}]},{"@type":"ImageObject","inLanguage":"pt-AO","@id":"https:\/\/orangered-bear-652802.hostingersite.com\/product\/carport\/#primaryimage","url":"https:\/\/alientory.com\/wp-content\/uploads\/2024\/04\/\u4e3b\u56fe.jpg","contentUrl":"https:\/\/alientory.com\/wp-content\/uploads\/2024\/04\/\u4e3b\u56fe.jpg","width":1500,"height":1500},{"@type":"BreadcrumbList","@id":"https:\/\/orangered-bear-652802.hostingersite.com\/product\/carport\/#breadcrumb","itemListElement":[{"@type":"ListItem","position":1,"name":"Home","item":"https:\/\/orangered-bear-652802.hostingersite.com\/"},{"@type":"ListItem","position":2,"name":"Shop","item":"https:\/\/orangered-bear-652802.hostingersite.com\/shop\/"},{"@type":"ListItem","position":3,"name":"SANWAY Heavy Duty Carport with Removable Sidewalls &#038; Doors, Portable Garage with Roll-up Ventilated Windows"}]},{"@type":"WebSite","@id":"https:\/\/orangered-bear-652802.hostingersite.com\/#website","url":"https:\/\/orangered-bear-652802.hostingersite.com\/","name":"Haulkim","description":"","publisher":{"@id":"https:\/\/orangered-bear-652802.hostingersite.com\/#organization"},"potentialAction":[{"@type":"SearchAction","target":{"@type":"EntryPoint","urlTemplate":"https:\/\/orangered-bear-652802.hostingersite.com\/?s={search_term_string}"},"query-input":{"@type":"PropertyValueSpecification","valueRequired":true,"valueName":"search_term_string"}}],"inLanguage":"pt-AO"},{"@type":"Organization","@id":"https:\/\/orangered-bear-652802.hostingersite.com\/#organization","name":"Haulkim","url":"https:\/\/orangered-bear-652802.hostingersite.com\/","logo":{"@type":"ImageObject","inLanguage":"pt-AO","@id":"https:\/\/orangered-bear-652802.hostingersite.com\/#\/schema\/logo\/image\/","url":"https:\/\/alientory.com\/wp-content\/uploads\/2024\/03\/cropped-\u02ee\u04e1_\u04b3-2.png","contentUrl":"https:\/\/alientory.com\/wp-content\/uploads\/2024\/03\/cropped-\u02ee\u04e1_\u04b3-2.png","width":979,"height":1160,"caption":"Haulkim"},"image":{"@id":"https:\/\/orangered-bear-652802.hostingersite.com\/#\/schema\/logo\/image\/"}}]}},"_links":{"self":[{"href":"https:\/\/alientory.com\/pt\/wp-json\/wp\/v2\/product\/7289","targetHints":{"allow":["GET"]}}],"collection":[{"href":"https:\/\/alientory.com\/pt\/wp-json\/wp\/v2\/product"}],"about":[{"href":"https:\/\/alientory.com\/pt\/wp-json\/wp\/v2\/types\/product"}],"replies":[{"embeddable":true,"href":"https:\/\/alientory.com\/pt\/wp-json\/wp\/v2\/comments?post=7289"}],"wp:featuredmedia":[{"embeddable":true,"href":"https:\/\/alientory.com\/pt\/wp-json\/wp\/v2\/media\/7585"}],"wp:attachment":[{"href":"https:\/\/alientory.com\/pt\/wp-json\/wp\/v2\/media?parent=7289"}],"wp:term":[{"taxonomy":"product_cat","embeddable":true,"href":"https:\/\/alientory.com\/pt\/wp-json\/wp\/v2\/product_cat?post=7289"},{"taxonomy":"product_tag","embeddable":true,"href":"https:\/\/alientory.com\/pt\/wp-json\/wp\/v2\/product_tag?post=7289"}],"curies":[{"name":"wp","href":"https:\/\/api.w.org\/{rel}","templated":true}]}}