{"id":7440,"date":"2024-07-12T09:46:38","date_gmt":"2024-07-12T09:46:38","guid":{"rendered":"https:\/\/alientory.com\/?post_type=product&#038;p=7440"},"modified":"2024-07-12T10:05:11","modified_gmt":"2024-07-12T10:05:11","slug":"luma-shades-10x10-pop-up-canopy-tent-with-vent-easy-set-up-tent-instant-sun-shelter-canopy-for-parties-beach-outdoor-white","status":"publish","type":"product","link":"https:\/\/alientory.com\/pt\/produto\/luma-shades-10x10-pop-up-canopy-tent-with-vent-easy-set-up-tent-instant-sun-shelter-canopy-for-parties-beach-outdoor-white\/","title":{"rendered":"LUMA SHADES 10\u00d710 Pop Up Canopy Tent com ventila\u00e7\u00e3o, tenda de montagem f\u00e1cil, cobertura de prote\u00e7\u00e3o solar instant\u00e2nea para festas, praia, exterior, branco"},"content":{"rendered":"<p><img fetchpriority=\"high\" decoding=\"async\" class=\"alignnone size-medium wp-image-7441\" src=\"https:\/\/alientory.com\/wp-content\/uploads\/2024\/07\/1-300x169.png\" alt=\"\" width=\"300\" height=\"169\" srcset=\"https:\/\/alientory.com\/wp-content\/uploads\/2024\/07\/1-300x169.png 300w, https:\/\/alientory.com\/wp-content\/uploads\/2024\/07\/1-1024x576.png 1024w, https:\/\/alientory.com\/wp-content\/uploads\/2024\/07\/1-768x432.png 768w, https:\/\/alientory.com\/wp-content\/uploads\/2024\/07\/1-1536x864.png 1536w, https:\/\/alientory.com\/wp-content\/uploads\/2024\/07\/1-2048x1152.png 2048w, https:\/\/alientory.com\/wp-content\/uploads\/2024\/07\/1-18x10.png 18w, https:\/\/alientory.com\/wp-content\/uploads\/2024\/07\/1-600x338.png 600w\" sizes=\"(max-width: 300px) 100vw, 300px\" \/><\/p>","protected":false},"excerpt":{"rendered":"<p>Concebida para acomodar confortavelmente at\u00e9 10 pessoas, \u00e9 perfeita para casamentos, festas, campismo, eventos de marketing ou simplesmente para descontrair com os amigos durante um ch\u00e1.<\/p>","protected":false},"featured_media":7444,"comment_status":"closed","ping_status":"closed","template":"","meta":{"site-sidebar-layout":"default","site-content-layout":"","ast-site-content-layout":"default","site-content-style":"default","site-sidebar-style":"default","ast-global-header-display":"","ast-banner-title-visibility":"","ast-main-header-display":"","ast-hfb-above-header-display":"","ast-hfb-below-header-display":"","ast-hfb-mobile-header-display":"","site-post-title":"","ast-breadcrumbs-content":"","ast-featured-img":"","footer-sml-layout":"","theme-transparent-header-meta":"default","adv-header-id-meta":"","stick-header-meta":"","header-above-stick-meta":"","header-main-stick-meta":"","header-below-stick-meta":"","astra-migrate-meta-layouts":"set","ast-page-background-enabled":"default","ast-page-background-meta":{"desktop":{"background-color":"","background-image":"","background-repeat":"repeat","background-position":"center center","background-size":"auto","background-attachment":"scroll","background-type":"","background-media":"","overlay-type":"","overlay-color":"","overlay-opacity":"","overlay-gradient":""},"tablet":{"background-color":"","background-image":"","background-repeat":"repeat","background-position":"center center","background-size":"auto","background-attachment":"scroll","background-type":"","background-media":"","overlay-type":"","overlay-color":"","overlay-opacity":"","overlay-gradient":""},"mobile":{"background-color":"","background-image":"","background-repeat":"repeat","background-position":"center center","background-size":"auto","background-attachment":"scroll","background-type":"","background-media":"","overlay-type":"","overlay-color":"","overlay-opacity":"","overlay-gradient":""}},"ast-content-background-meta":{"desktop":{"background-color":"var(--ast-global-color-5)","background-image":"","background-repeat":"repeat","background-position":"center center","background-size":"auto","background-attachment":"scroll","background-type":"","background-media":"","overlay-type":"","overlay-color":"","overlay-opacity":"","overlay-gradient":""},"tablet":{"background-color":"var(--ast-global-color-5)","background-image":"","background-repeat":"repeat","background-position":"center center","background-size":"auto","background-attachment":"scroll","background-type":"","background-media":"","overlay-type":"","overlay-color":"","overlay-opacity":"","overlay-gradient":""},"mobile":{"background-color":"var(--ast-global-color-5)","background-image":"","background-repeat":"repeat","background-position":"center center","background-size":"auto","background-attachment":"scroll","background-type":"","background-media":"","overlay-type":"","overlay-color":"","overlay-opacity":"","overlay-gradient":""}}},"product_cat":[16],"product_tag":[82],"class_list":{"0":"post-7440","1":"product","2":"type-product","3":"status-publish","4":"has-post-thumbnail","6":"product_cat-uncategorized","7":"product_tag-professional-canopy-tent-for-car-parking","8":"desktop-align-center","9":"tablet-align-center","10":"mobile-align-center","12":"first","13":"instock","14":"sale","15":"taxable","16":"shipping-taxable","17":"purchasable","18":"product-type-simple"},"yoast_head":"<!-- This site is optimized with the Yoast SEO plugin v24.4 - https:\/\/yoast.com\/wordpress\/plugins\/seo\/ -->\n<title>LUMA SHADES 10x10 Pop Up Canopy Tent with Vent, Easy Set Up Tent, Instant Sun Shelter Canopy for Parties, Beach, Outdoor, White -<\/title>\n<meta name=\"robots\" content=\"index, follow, max-snippet:-1, max-image-preview:large, max-video-preview:-1\" \/>\n<link rel=\"canonical\" href=\"https:\/\/orangered-bear-652802.hostingersite.com\/product\/luma-shades-10x10-pop-up-canopy-tent-with-vent-easy-set-up-tent-instant-sun-shelter-canopy-for-parties-beach-outdoor-white\/\" \/>\n<meta property=\"og:locale\" content=\"pt_PT\" \/>\n<meta property=\"og:type\" content=\"article\" \/>\n<meta property=\"og:title\" content=\"LUMA SHADES 10x10 Pop Up Canopy Tent with Vent, Easy Set Up Tent, Instant Sun Shelter Canopy for Parties, Beach, Outdoor, White -\" \/>\n<meta property=\"og:description\" content=\"Crafted to comfortably accommodate up to 10 people, Perfect for weddings, parties, camping, marketing events, or simply relaxing with friends over tea.\" \/>\n<meta property=\"og:url\" content=\"https:\/\/orangered-bear-652802.hostingersite.com\/product\/luma-shades-10x10-pop-up-canopy-tent-with-vent-easy-set-up-tent-instant-sun-shelter-canopy-for-parties-beach-outdoor-white\/\" \/>\n<meta property=\"article:modified_time\" content=\"2024-07-12T10:05:11+00:00\" \/>\n<meta property=\"og:image\" content=\"https:\/\/orangered-bear-652802.hostingersite.com\/wp-content\/uploads\/2024\/07\/1-1-1024x576.png\" \/>\n\t<meta property=\"og:image:width\" content=\"1024\" \/>\n\t<meta property=\"og:image:height\" content=\"576\" \/>\n\t<meta property=\"og:image:type\" content=\"image\/png\" \/>\n<meta name=\"twitter:card\" content=\"summary_large_image\" \/>\n<meta name=\"twitter:label1\" content=\"Est. reading time\" \/>\n\t<meta name=\"twitter:data1\" content=\"1 minuto\" \/>\n<script type=\"application\/ld+json\" class=\"yoast-schema-graph\">{\"@context\":\"https:\/\/schema.org\",\"@graph\":[{\"@type\":\"WebPage\",\"@id\":\"https:\/\/orangered-bear-652802.hostingersite.com\/product\/luma-shades-10x10-pop-up-canopy-tent-with-vent-easy-set-up-tent-instant-sun-shelter-canopy-for-parties-beach-outdoor-white\/\",\"url\":\"https:\/\/orangered-bear-652802.hostingersite.com\/product\/luma-shades-10x10-pop-up-canopy-tent-with-vent-easy-set-up-tent-instant-sun-shelter-canopy-for-parties-beach-outdoor-white\/\",\"name\":\"LUMA SHADES 10x10 Pop Up Canopy Tent with Vent, Easy Set Up Tent, Instant Sun Shelter Canopy for Parties, Beach, Outdoor, White -\",\"isPartOf\":{\"@id\":\"https:\/\/orangered-bear-652802.hostingersite.com\/#website\"},\"primaryImageOfPage\":{\"@id\":\"https:\/\/orangered-bear-652802.hostingersite.com\/product\/luma-shades-10x10-pop-up-canopy-tent-with-vent-easy-set-up-tent-instant-sun-shelter-canopy-for-parties-beach-outdoor-white\/#primaryimage\"},\"image\":{\"@id\":\"https:\/\/orangered-bear-652802.hostingersite.com\/product\/luma-shades-10x10-pop-up-canopy-tent-with-vent-easy-set-up-tent-instant-sun-shelter-canopy-for-parties-beach-outdoor-white\/#primaryimage\"},\"thumbnailUrl\":\"https:\/\/alientory.com\/wp-content\/uploads\/2024\/07\/1-1.png\",\"datePublished\":\"2024-07-12T09:46:38+00:00\",\"dateModified\":\"2024-07-12T10:05:11+00:00\",\"breadcrumb\":{\"@id\":\"https:\/\/orangered-bear-652802.hostingersite.com\/product\/luma-shades-10x10-pop-up-canopy-tent-with-vent-easy-set-up-tent-instant-sun-shelter-canopy-for-parties-beach-outdoor-white\/#breadcrumb\"},\"inLanguage\":\"pt-AO\",\"potentialAction\":[{\"@type\":\"ReadAction\",\"target\":[\"https:\/\/orangered-bear-652802.hostingersite.com\/product\/luma-shades-10x10-pop-up-canopy-tent-with-vent-easy-set-up-tent-instant-sun-shelter-canopy-for-parties-beach-outdoor-white\/\"]}]},{\"@type\":\"ImageObject\",\"inLanguage\":\"pt-AO\",\"@id\":\"https:\/\/orangered-bear-652802.hostingersite.com\/product\/luma-shades-10x10-pop-up-canopy-tent-with-vent-easy-set-up-tent-instant-sun-shelter-canopy-for-parties-beach-outdoor-white\/#primaryimage\",\"url\":\"https:\/\/alientory.com\/wp-content\/uploads\/2024\/07\/1-1.png\",\"contentUrl\":\"https:\/\/alientory.com\/wp-content\/uploads\/2024\/07\/1-1.png\",\"width\":3840,\"height\":2160},{\"@type\":\"BreadcrumbList\",\"@id\":\"https:\/\/orangered-bear-652802.hostingersite.com\/product\/luma-shades-10x10-pop-up-canopy-tent-with-vent-easy-set-up-tent-instant-sun-shelter-canopy-for-parties-beach-outdoor-white\/#breadcrumb\",\"itemListElement\":[{\"@type\":\"ListItem\",\"position\":1,\"name\":\"Home\",\"item\":\"https:\/\/orangered-bear-652802.hostingersite.com\/\"},{\"@type\":\"ListItem\",\"position\":2,\"name\":\"Shop\",\"item\":\"https:\/\/orangered-bear-652802.hostingersite.com\/shop\/\"},{\"@type\":\"ListItem\",\"position\":3,\"name\":\"LUMA SHADES 10&#215;10 Pop Up Canopy Tent with Vent, Easy Set Up Tent, Instant Sun Shelter Canopy for Parties, Beach, Outdoor, White\"}]},{\"@type\":\"WebSite\",\"@id\":\"https:\/\/orangered-bear-652802.hostingersite.com\/#website\",\"url\":\"https:\/\/orangered-bear-652802.hostingersite.com\/\",\"name\":\"Haulkim\",\"description\":\"\",\"publisher\":{\"@id\":\"https:\/\/orangered-bear-652802.hostingersite.com\/#organization\"},\"potentialAction\":[{\"@type\":\"SearchAction\",\"target\":{\"@type\":\"EntryPoint\",\"urlTemplate\":\"https:\/\/orangered-bear-652802.hostingersite.com\/?s={search_term_string}\"},\"query-input\":{\"@type\":\"PropertyValueSpecification\",\"valueRequired\":true,\"valueName\":\"search_term_string\"}}],\"inLanguage\":\"pt-AO\"},{\"@type\":\"Organization\",\"@id\":\"https:\/\/orangered-bear-652802.hostingersite.com\/#organization\",\"name\":\"Haulkim\",\"url\":\"https:\/\/orangered-bear-652802.hostingersite.com\/\",\"logo\":{\"@type\":\"ImageObject\",\"inLanguage\":\"pt-AO\",\"@id\":\"https:\/\/orangered-bear-652802.hostingersite.com\/#\/schema\/logo\/image\/\",\"url\":\"https:\/\/alientory.com\/wp-content\/uploads\/2024\/03\/cropped-\u02ee\u04e1_\u04b3-2.png\",\"contentUrl\":\"https:\/\/alientory.com\/wp-content\/uploads\/2024\/03\/cropped-\u02ee\u04e1_\u04b3-2.png\",\"width\":979,\"height\":1160,\"caption\":\"Haulkim\"},\"image\":{\"@id\":\"https:\/\/orangered-bear-652802.hostingersite.com\/#\/schema\/logo\/image\/\"}}]}<\/script>\n<!-- \/ Yoast SEO plugin. -->","yoast_head_json":{"title":"LUMA SHADES 10x10 Pop Up Canopy Tent with Vent, Easy Set Up Tent, Instant Sun Shelter Canopy for Parties, Beach, Outdoor, White -","robots":{"index":"index","follow":"follow","max-snippet":"max-snippet:-1","max-image-preview":"max-image-preview:large","max-video-preview":"max-video-preview:-1"},"canonical":"https:\/\/orangered-bear-652802.hostingersite.com\/product\/luma-shades-10x10-pop-up-canopy-tent-with-vent-easy-set-up-tent-instant-sun-shelter-canopy-for-parties-beach-outdoor-white\/","og_locale":"pt_PT","og_type":"article","og_title":"LUMA SHADES 10x10 Pop Up Canopy Tent with Vent, Easy Set Up Tent, Instant Sun Shelter Canopy for Parties, Beach, Outdoor, White -","og_description":"Crafted to comfortably accommodate up to 10 people, Perfect for weddings, parties, camping, marketing events, or simply relaxing with friends over tea.","og_url":"https:\/\/orangered-bear-652802.hostingersite.com\/product\/luma-shades-10x10-pop-up-canopy-tent-with-vent-easy-set-up-tent-instant-sun-shelter-canopy-for-parties-beach-outdoor-white\/","article_modified_time":"2024-07-12T10:05:11+00:00","og_image":[{"width":1024,"height":576,"url":"https:\/\/orangered-bear-652802.hostingersite.com\/wp-content\/uploads\/2024\/07\/1-1-1024x576.png","type":"image\/png"}],"twitter_card":"summary_large_image","twitter_misc":{"Est. reading time":"1 minuto"},"schema":{"@context":"https:\/\/schema.org","@graph":[{"@type":"WebPage","@id":"https:\/\/orangered-bear-652802.hostingersite.com\/product\/luma-shades-10x10-pop-up-canopy-tent-with-vent-easy-set-up-tent-instant-sun-shelter-canopy-for-parties-beach-outdoor-white\/","url":"https:\/\/orangered-bear-652802.hostingersite.com\/product\/luma-shades-10x10-pop-up-canopy-tent-with-vent-easy-set-up-tent-instant-sun-shelter-canopy-for-parties-beach-outdoor-white\/","name":"LUMA SHADES 10x10 Pop Up Canopy Tent with Vent, Easy Set Up Tent, Instant Sun Shelter Canopy for Parties, Beach, Outdoor, White -","isPartOf":{"@id":"https:\/\/orangered-bear-652802.hostingersite.com\/#website"},"primaryImageOfPage":{"@id":"https:\/\/orangered-bear-652802.hostingersite.com\/product\/luma-shades-10x10-pop-up-canopy-tent-with-vent-easy-set-up-tent-instant-sun-shelter-canopy-for-parties-beach-outdoor-white\/#primaryimage"},"image":{"@id":"https:\/\/orangered-bear-652802.hostingersite.com\/product\/luma-shades-10x10-pop-up-canopy-tent-with-vent-easy-set-up-tent-instant-sun-shelter-canopy-for-parties-beach-outdoor-white\/#primaryimage"},"thumbnailUrl":"https:\/\/alientory.com\/wp-content\/uploads\/2024\/07\/1-1.png","datePublished":"2024-07-12T09:46:38+00:00","dateModified":"2024-07-12T10:05:11+00:00","breadcrumb":{"@id":"https:\/\/orangered-bear-652802.hostingersite.com\/product\/luma-shades-10x10-pop-up-canopy-tent-with-vent-easy-set-up-tent-instant-sun-shelter-canopy-for-parties-beach-outdoor-white\/#breadcrumb"},"inLanguage":"pt-AO","potentialAction":[{"@type":"ReadAction","target":["https:\/\/orangered-bear-652802.hostingersite.com\/product\/luma-shades-10x10-pop-up-canopy-tent-with-vent-easy-set-up-tent-instant-sun-shelter-canopy-for-parties-beach-outdoor-white\/"]}]},{"@type":"ImageObject","inLanguage":"pt-AO","@id":"https:\/\/orangered-bear-652802.hostingersite.com\/product\/luma-shades-10x10-pop-up-canopy-tent-with-vent-easy-set-up-tent-instant-sun-shelter-canopy-for-parties-beach-outdoor-white\/#primaryimage","url":"https:\/\/alientory.com\/wp-content\/uploads\/2024\/07\/1-1.png","contentUrl":"https:\/\/alientory.com\/wp-content\/uploads\/2024\/07\/1-1.png","width":3840,"height":2160},{"@type":"BreadcrumbList","@id":"https:\/\/orangered-bear-652802.hostingersite.com\/product\/luma-shades-10x10-pop-up-canopy-tent-with-vent-easy-set-up-tent-instant-sun-shelter-canopy-for-parties-beach-outdoor-white\/#breadcrumb","itemListElement":[{"@type":"ListItem","position":1,"name":"Home","item":"https:\/\/orangered-bear-652802.hostingersite.com\/"},{"@type":"ListItem","position":2,"name":"Shop","item":"https:\/\/orangered-bear-652802.hostingersite.com\/shop\/"},{"@type":"ListItem","position":3,"name":"LUMA SHADES 10&#215;10 Pop Up Canopy Tent with Vent, Easy Set Up Tent, Instant Sun Shelter Canopy for Parties, Beach, Outdoor, White"}]},{"@type":"WebSite","@id":"https:\/\/orangered-bear-652802.hostingersite.com\/#website","url":"https:\/\/orangered-bear-652802.hostingersite.com\/","name":"Haulkim","description":"","publisher":{"@id":"https:\/\/orangered-bear-652802.hostingersite.com\/#organization"},"potentialAction":[{"@type":"SearchAction","target":{"@type":"EntryPoint","urlTemplate":"https:\/\/orangered-bear-652802.hostingersite.com\/?s={search_term_string}"},"query-input":{"@type":"PropertyValueSpecification","valueRequired":true,"valueName":"search_term_string"}}],"inLanguage":"pt-AO"},{"@type":"Organization","@id":"https:\/\/orangered-bear-652802.hostingersite.com\/#organization","name":"Haulkim","url":"https:\/\/orangered-bear-652802.hostingersite.com\/","logo":{"@type":"ImageObject","inLanguage":"pt-AO","@id":"https:\/\/orangered-bear-652802.hostingersite.com\/#\/schema\/logo\/image\/","url":"https:\/\/alientory.com\/wp-content\/uploads\/2024\/03\/cropped-\u02ee\u04e1_\u04b3-2.png","contentUrl":"https:\/\/alientory.com\/wp-content\/uploads\/2024\/03\/cropped-\u02ee\u04e1_\u04b3-2.png","width":979,"height":1160,"caption":"Haulkim"},"image":{"@id":"https:\/\/orangered-bear-652802.hostingersite.com\/#\/schema\/logo\/image\/"}}]}},"_links":{"self":[{"href":"https:\/\/alientory.com\/pt\/wp-json\/wp\/v2\/product\/7440","targetHints":{"allow":["GET"]}}],"collection":[{"href":"https:\/\/alientory.com\/pt\/wp-json\/wp\/v2\/product"}],"about":[{"href":"https:\/\/alientory.com\/pt\/wp-json\/wp\/v2\/types\/product"}],"replies":[{"embeddable":true,"href":"https:\/\/alientory.com\/pt\/wp-json\/wp\/v2\/comments?post=7440"}],"wp:featuredmedia":[{"embeddable":true,"href":"https:\/\/alientory.com\/pt\/wp-json\/wp\/v2\/media\/7444"}],"wp:attachment":[{"href":"https:\/\/alientory.com\/pt\/wp-json\/wp\/v2\/media?parent=7440"}],"wp:term":[{"taxonomy":"product_cat","embeddable":true,"href":"https:\/\/alientory.com\/pt\/wp-json\/wp\/v2\/product_cat?post=7440"},{"taxonomy":"product_tag","embeddable":true,"href":"https:\/\/alientory.com\/pt\/wp-json\/wp\/v2\/product_tag?post=7440"}],"curies":[{"name":"wp","href":"https:\/\/api.w.org\/{rel}","templated":true}]}}