{"id":8018,"date":"2026-04-24T09:37:16","date_gmt":"2026-04-24T09:37:16","guid":{"rendered":"https:\/\/alientory.com\/?post_type=product&#038;p=8018"},"modified":"2026-04-27T07:59:39","modified_gmt":"2026-04-27T07:59:39","slug":"sanway-12x20-heavy-duty-carport-dark-gray","status":"publish","type":"product","link":"https:\/\/alientory.com\/pt\/produto\/sanway-12x20-heavy-duty-carport-dark-gray\/","title":{"rendered":"SANWAY 12&#215;20 Heavy Duty Carport, Dark Gray"},"content":{"rendered":"<p>\u3010Porta de uso m\u00faltiplo\u3011 A garagem de 10'x20'oferece amplo espa\u00e7o para seus ve\u00edculos, barcos e cargas, etc. Paredes laterais e portas remov\u00edveis para atender \u00e0s suas diversas necessidades. Este dossel de garagem tamb\u00e9m \u00e9 perfeito para eventos ao ar livre, como festas, casamentos e feiras comerciais.<br \/>\n\u3010Porta de servi\u00e7o pesado\u3011 Este kit de garagem \u00e9 feito de uma estrutura de a\u00e7o revestida ecol\u00f3gica. Os tubos de a\u00e7o de alta resist\u00eancia s\u00e3o \u03c638mm de di\u00e2metro e 0,8 mm de espessura. Al\u00e9m disso, h\u00e1 feixe triangular refor\u00e7ado, conectores soldados por arte, etc. Isso torna todo o porto de carro de a\u00e7o mais est\u00e1vel e muito mais seguro em condi\u00e7\u00f5es clim\u00e1ticas adversas.<br \/>\n\u3010All Weather Carport\u3011A garagem port\u00e1til possui uma cobertura de dossel imperme\u00e1vel de 180g para todas as esta\u00e7\u00f5es para manter seu investimento fora do sol, chuva, poeira e neve. As quatro janelas de ventila\u00e7\u00e3o nas paredes laterais, que promovem a circula\u00e7\u00e3o de ar no ver\u00e3o e proporcionam resist\u00eancia ao vento no inverno. Estamos empenhados em criar uma solu\u00e7\u00e3o ideal e<br \/>\n\u3010Montagem sem esfor\u00e7o\u3011 Montar nossa garagem port\u00e1til de 10 \u00d7 20 p\u00e9s para servi\u00e7o pesado \u00e9 uma brisa; nenhuma ferramenta extra \u00e9 necess\u00e1ria. Cada componente \u00e9 rotulado com um n\u00famero, e as instru\u00e7\u00f5es inclu\u00eddas tornam a instala\u00e7\u00e3o simples. V\u00eddeos de instala\u00e7\u00e3o detalhados tamb\u00e9m est\u00e3o dispon\u00edveis e, normalmente, 2-3 adultos podem concluir a configura\u00e7\u00e3o de forma f\u00e1cil e r\u00e1pida.<br \/>\n\u3010Garantia de qualidade e suporte\u3011 N\u00f3s garantimos a confiabilidade e versatilidade de nossa barraca de dossel port\u00e1til para porta de carro. Se voc\u00ea tiver alguma d\u00favida ou preocupa\u00e7\u00e3o, n\u00e3o hesite em nos contactar. Nossa equipe de atendimento ao cliente ter\u00e1 prazer em fornecer assist\u00eancia dentro de 24 horas.<\/p>","protected":false},"excerpt":{"rendered":"<p>Heavy Duty Carport for Diverse Needs: Explore the versatility of our 10&#215;20 feet Portable Garage, suitable for vehicles, boats, and cargo. Featuring removable sidewalls and doors, it&#8217;s also perfect for hosting outdoor events like parties, weddings, and commercial exhibitions. which better creates space for the needs other than parking.<\/p>","protected":false},"featured_media":8020,"comment_status":"closed","ping_status":"closed","template":"","meta":{"site-sidebar-layout":"default","site-content-layout":"","ast-site-content-layout":"default","site-content-style":"default","site-sidebar-style":"default","ast-global-header-display":"","ast-banner-title-visibility":"","ast-main-header-display":"","ast-hfb-above-header-display":"","ast-hfb-below-header-display":"","ast-hfb-mobile-header-display":"","site-post-title":"","ast-breadcrumbs-content":"","ast-featured-img":"","footer-sml-layout":"","theme-transparent-header-meta":"default","adv-header-id-meta":"","stick-header-meta":"","header-above-stick-meta":"","header-main-stick-meta":"","header-below-stick-meta":"","astra-migrate-meta-layouts":"set","ast-page-background-enabled":"default","ast-page-background-meta":{"desktop":{"background-color":"","background-image":"","background-repeat":"repeat","background-position":"center center","background-size":"auto","background-attachment":"scroll","background-type":"","background-media":"","overlay-type":"","overlay-color":"","overlay-opacity":"","overlay-gradient":""},"tablet":{"background-color":"","background-image":"","background-repeat":"repeat","background-position":"center center","background-size":"auto","background-attachment":"scroll","background-type":"","background-media":"","overlay-type":"","overlay-color":"","overlay-opacity":"","overlay-gradient":""},"mobile":{"background-color":"","background-image":"","background-repeat":"repeat","background-position":"center center","background-size":"auto","background-attachment":"scroll","background-type":"","background-media":"","overlay-type":"","overlay-color":"","overlay-opacity":"","overlay-gradient":""}},"ast-content-background-meta":{"desktop":{"background-color":"var(--ast-global-color-5)","background-image":"","background-repeat":"repeat","background-position":"center center","background-size":"auto","background-attachment":"scroll","background-type":"","background-media":"","overlay-type":"","overlay-color":"","overlay-opacity":"","overlay-gradient":""},"tablet":{"background-color":"var(--ast-global-color-5)","background-image":"","background-repeat":"repeat","background-position":"center center","background-size":"auto","background-attachment":"scroll","background-type":"","background-media":"","overlay-type":"","overlay-color":"","overlay-opacity":"","overlay-gradient":""},"mobile":{"background-color":"var(--ast-global-color-5)","background-image":"","background-repeat":"repeat","background-position":"center center","background-size":"auto","background-attachment":"scroll","background-type":"","background-media":"","overlay-type":"","overlay-color":"","overlay-opacity":"","overlay-gradient":""}}},"product_cat":[94],"product_tag":[],"class_list":{"0":"post-8018","1":"product","2":"type-product","3":"status-publish","4":"has-post-thumbnail","6":"product_cat-frame-tent","7":"desktop-align-center","8":"tablet-align-center","9":"mobile-align-center","11":"first","12":"instock","13":"taxable","14":"shipping-taxable","15":"purchasable","16":"product-type-simple"},"yoast_head":"<!-- This site is optimized with the Yoast SEO plugin v24.4 - https:\/\/yoast.com\/wordpress\/plugins\/seo\/ -->\n<title>SANWAY 12x20 Heavy Duty Carport, Dark Gray -<\/title>\n<meta name=\"robots\" content=\"index, follow, max-snippet:-1, max-image-preview:large, max-video-preview:-1\" \/>\n<link rel=\"canonical\" href=\"https:\/\/alientory.com\/pt\/produto\/sanway-12x20-heavy-duty-carport-dark-gray\/\" \/>\n<meta property=\"og:locale\" content=\"pt_PT\" \/>\n<meta property=\"og:type\" content=\"article\" \/>\n<meta property=\"og:title\" content=\"SANWAY 12x20 Heavy Duty Carport, Dark Gray -\" \/>\n<meta property=\"og:description\" content=\"Heavy Duty Carport for Diverse Needs: Explore the versatility of our 10x20 feet Portable Garage, suitable for vehicles, boats, and cargo. Featuring removable sidewalls and doors, it&#039;s also perfect for hosting outdoor events like parties, weddings, and commercial exhibitions. which better creates space for the needs other than parking.\" \/>\n<meta property=\"og:url\" content=\"https:\/\/alientory.com\/pt\/produto\/sanway-12x20-heavy-duty-carport-dark-gray\/\" \/>\n<meta property=\"article:modified_time\" content=\"2026-04-27T07:59:39+00:00\" \/>\n<meta property=\"og:image\" content=\"https:\/\/alientory.com\/wp-content\/uploads\/2026\/04\/X3.jpg\" \/>\n\t<meta property=\"og:image:width\" content=\"1500\" \/>\n\t<meta property=\"og:image:height\" content=\"1500\" \/>\n\t<meta property=\"og:image:type\" content=\"image\/jpeg\" \/>\n<meta name=\"twitter:card\" content=\"summary_large_image\" \/>\n<meta name=\"twitter:label1\" content=\"Est. reading time\" \/>\n\t<meta name=\"twitter:data1\" content=\"2 minutos\" \/>\n<script type=\"application\/ld+json\" class=\"yoast-schema-graph\">{\"@context\":\"https:\/\/schema.org\",\"@graph\":[{\"@type\":\"WebPage\",\"@id\":\"https:\/\/alientory.com\/product\/sanway-12x20-heavy-duty-carport-dark-gray\/\",\"url\":\"https:\/\/alientory.com\/product\/sanway-12x20-heavy-duty-carport-dark-gray\/\",\"name\":\"SANWAY 12x20 Heavy Duty Carport, Dark Gray -\",\"isPartOf\":{\"@id\":\"https:\/\/orangered-bear-652802.hostingersite.com\/#website\"},\"primaryImageOfPage\":{\"@id\":\"https:\/\/alientory.com\/product\/sanway-12x20-heavy-duty-carport-dark-gray\/#primaryimage\"},\"image\":{\"@id\":\"https:\/\/alientory.com\/product\/sanway-12x20-heavy-duty-carport-dark-gray\/#primaryimage\"},\"thumbnailUrl\":\"https:\/\/alientory.com\/wp-content\/uploads\/2026\/04\/X3.jpg\",\"datePublished\":\"2026-04-24T09:37:16+00:00\",\"dateModified\":\"2026-04-27T07:59:39+00:00\",\"breadcrumb\":{\"@id\":\"https:\/\/alientory.com\/product\/sanway-12x20-heavy-duty-carport-dark-gray\/#breadcrumb\"},\"inLanguage\":\"pt-AO\",\"potentialAction\":[{\"@type\":\"ReadAction\",\"target\":[\"https:\/\/alientory.com\/product\/sanway-12x20-heavy-duty-carport-dark-gray\/\"]}]},{\"@type\":\"ImageObject\",\"inLanguage\":\"pt-AO\",\"@id\":\"https:\/\/alientory.com\/product\/sanway-12x20-heavy-duty-carport-dark-gray\/#primaryimage\",\"url\":\"https:\/\/alientory.com\/wp-content\/uploads\/2026\/04\/X3.jpg\",\"contentUrl\":\"https:\/\/alientory.com\/wp-content\/uploads\/2026\/04\/X3.jpg\",\"width\":1500,\"height\":1500},{\"@type\":\"BreadcrumbList\",\"@id\":\"https:\/\/alientory.com\/product\/sanway-12x20-heavy-duty-carport-dark-gray\/#breadcrumb\",\"itemListElement\":[{\"@type\":\"ListItem\",\"position\":1,\"name\":\"Home\",\"item\":\"https:\/\/orangered-bear-652802.hostingersite.com\/\"},{\"@type\":\"ListItem\",\"position\":2,\"name\":\"Shop\",\"item\":\"https:\/\/orangered-bear-652802.hostingersite.com\/shop\/\"},{\"@type\":\"ListItem\",\"position\":3,\"name\":\"SANWAY 12&#215;20 Heavy Duty Carport, Dark Gray\"}]},{\"@type\":\"WebSite\",\"@id\":\"https:\/\/orangered-bear-652802.hostingersite.com\/#website\",\"url\":\"https:\/\/orangered-bear-652802.hostingersite.com\/\",\"name\":\"Haulkim\",\"description\":\"\",\"publisher\":{\"@id\":\"https:\/\/orangered-bear-652802.hostingersite.com\/#organization\"},\"potentialAction\":[{\"@type\":\"SearchAction\",\"target\":{\"@type\":\"EntryPoint\",\"urlTemplate\":\"https:\/\/orangered-bear-652802.hostingersite.com\/?s={search_term_string}\"},\"query-input\":{\"@type\":\"PropertyValueSpecification\",\"valueRequired\":true,\"valueName\":\"search_term_string\"}}],\"inLanguage\":\"pt-AO\"},{\"@type\":\"Organization\",\"@id\":\"https:\/\/orangered-bear-652802.hostingersite.com\/#organization\",\"name\":\"Haulkim\",\"url\":\"https:\/\/orangered-bear-652802.hostingersite.com\/\",\"logo\":{\"@type\":\"ImageObject\",\"inLanguage\":\"pt-AO\",\"@id\":\"https:\/\/orangered-bear-652802.hostingersite.com\/#\/schema\/logo\/image\/\",\"url\":\"https:\/\/alientory.com\/wp-content\/uploads\/2024\/03\/cropped-\u02ee\u04e1_\u04b3-2.png\",\"contentUrl\":\"https:\/\/alientory.com\/wp-content\/uploads\/2024\/03\/cropped-\u02ee\u04e1_\u04b3-2.png\",\"width\":979,\"height\":1160,\"caption\":\"Haulkim\"},\"image\":{\"@id\":\"https:\/\/orangered-bear-652802.hostingersite.com\/#\/schema\/logo\/image\/\"}}]}<\/script>\n<!-- \/ Yoast SEO plugin. -->","yoast_head_json":{"title":"SANWAY 12x20 Heavy Duty Carport, Dark Gray -","robots":{"index":"index","follow":"follow","max-snippet":"max-snippet:-1","max-image-preview":"max-image-preview:large","max-video-preview":"max-video-preview:-1"},"canonical":"https:\/\/alientory.com\/pt\/produto\/sanway-12x20-heavy-duty-carport-dark-gray\/","og_locale":"pt_PT","og_type":"article","og_title":"SANWAY 12x20 Heavy Duty Carport, Dark Gray -","og_description":"Heavy Duty Carport for Diverse Needs: Explore the versatility of our 10x20 feet Portable Garage, suitable for vehicles, boats, and cargo. Featuring removable sidewalls and doors, it's also perfect for hosting outdoor events like parties, weddings, and commercial exhibitions. which better creates space for the needs other than parking.","og_url":"https:\/\/alientory.com\/pt\/produto\/sanway-12x20-heavy-duty-carport-dark-gray\/","article_modified_time":"2026-04-27T07:59:39+00:00","og_image":[{"width":1500,"height":1500,"url":"https:\/\/alientory.com\/wp-content\/uploads\/2026\/04\/X3.jpg","type":"image\/jpeg"}],"twitter_card":"summary_large_image","twitter_misc":{"Est. reading time":"2 minutos"},"schema":{"@context":"https:\/\/schema.org","@graph":[{"@type":"WebPage","@id":"https:\/\/alientory.com\/product\/sanway-12x20-heavy-duty-carport-dark-gray\/","url":"https:\/\/alientory.com\/product\/sanway-12x20-heavy-duty-carport-dark-gray\/","name":"SANWAY 12x20 Heavy Duty Carport, Dark Gray -","isPartOf":{"@id":"https:\/\/orangered-bear-652802.hostingersite.com\/#website"},"primaryImageOfPage":{"@id":"https:\/\/alientory.com\/product\/sanway-12x20-heavy-duty-carport-dark-gray\/#primaryimage"},"image":{"@id":"https:\/\/alientory.com\/product\/sanway-12x20-heavy-duty-carport-dark-gray\/#primaryimage"},"thumbnailUrl":"https:\/\/alientory.com\/wp-content\/uploads\/2026\/04\/X3.jpg","datePublished":"2026-04-24T09:37:16+00:00","dateModified":"2026-04-27T07:59:39+00:00","breadcrumb":{"@id":"https:\/\/alientory.com\/product\/sanway-12x20-heavy-duty-carport-dark-gray\/#breadcrumb"},"inLanguage":"pt-AO","potentialAction":[{"@type":"ReadAction","target":["https:\/\/alientory.com\/product\/sanway-12x20-heavy-duty-carport-dark-gray\/"]}]},{"@type":"ImageObject","inLanguage":"pt-AO","@id":"https:\/\/alientory.com\/product\/sanway-12x20-heavy-duty-carport-dark-gray\/#primaryimage","url":"https:\/\/alientory.com\/wp-content\/uploads\/2026\/04\/X3.jpg","contentUrl":"https:\/\/alientory.com\/wp-content\/uploads\/2026\/04\/X3.jpg","width":1500,"height":1500},{"@type":"BreadcrumbList","@id":"https:\/\/alientory.com\/product\/sanway-12x20-heavy-duty-carport-dark-gray\/#breadcrumb","itemListElement":[{"@type":"ListItem","position":1,"name":"Home","item":"https:\/\/orangered-bear-652802.hostingersite.com\/"},{"@type":"ListItem","position":2,"name":"Shop","item":"https:\/\/orangered-bear-652802.hostingersite.com\/shop\/"},{"@type":"ListItem","position":3,"name":"SANWAY 12&#215;20 Heavy Duty Carport, Dark Gray"}]},{"@type":"WebSite","@id":"https:\/\/orangered-bear-652802.hostingersite.com\/#website","url":"https:\/\/orangered-bear-652802.hostingersite.com\/","name":"Haulkim","description":"","publisher":{"@id":"https:\/\/orangered-bear-652802.hostingersite.com\/#organization"},"potentialAction":[{"@type":"SearchAction","target":{"@type":"EntryPoint","urlTemplate":"https:\/\/orangered-bear-652802.hostingersite.com\/?s={search_term_string}"},"query-input":{"@type":"PropertyValueSpecification","valueRequired":true,"valueName":"search_term_string"}}],"inLanguage":"pt-AO"},{"@type":"Organization","@id":"https:\/\/orangered-bear-652802.hostingersite.com\/#organization","name":"Haulkim","url":"https:\/\/orangered-bear-652802.hostingersite.com\/","logo":{"@type":"ImageObject","inLanguage":"pt-AO","@id":"https:\/\/orangered-bear-652802.hostingersite.com\/#\/schema\/logo\/image\/","url":"https:\/\/alientory.com\/wp-content\/uploads\/2024\/03\/cropped-\u02ee\u04e1_\u04b3-2.png","contentUrl":"https:\/\/alientory.com\/wp-content\/uploads\/2024\/03\/cropped-\u02ee\u04e1_\u04b3-2.png","width":979,"height":1160,"caption":"Haulkim"},"image":{"@id":"https:\/\/orangered-bear-652802.hostingersite.com\/#\/schema\/logo\/image\/"}}]}},"_links":{"self":[{"href":"https:\/\/alientory.com\/pt\/wp-json\/wp\/v2\/product\/8018","targetHints":{"allow":["GET"]}}],"collection":[{"href":"https:\/\/alientory.com\/pt\/wp-json\/wp\/v2\/product"}],"about":[{"href":"https:\/\/alientory.com\/pt\/wp-json\/wp\/v2\/types\/product"}],"replies":[{"embeddable":true,"href":"https:\/\/alientory.com\/pt\/wp-json\/wp\/v2\/comments?post=8018"}],"wp:featuredmedia":[{"embeddable":true,"href":"https:\/\/alientory.com\/pt\/wp-json\/wp\/v2\/media\/8020"}],"wp:attachment":[{"href":"https:\/\/alientory.com\/pt\/wp-json\/wp\/v2\/media?parent=8018"}],"wp:term":[{"taxonomy":"product_cat","embeddable":true,"href":"https:\/\/alientory.com\/pt\/wp-json\/wp\/v2\/product_cat?post=8018"},{"taxonomy":"product_tag","embeddable":true,"href":"https:\/\/alientory.com\/pt\/wp-json\/wp\/v2\/product_tag?post=8018"}],"curies":[{"name":"wp","href":"https:\/\/api.w.org\/{rel}","templated":true}]}}